{"id":10791,"date":"2025-04-23T21:37:28","date_gmt":"2025-04-23T21:37:28","guid":{"rendered":"https:\/\/aventureros360.com.co\/?post_type=product&#038;p=10791"},"modified":"2026-01-02T20:38:13","modified_gmt":"2026-01-02T20:38:13","slug":"apartamento-cartagena-playa-brisa-y-mar","status":"publish","type":"product","link":"https:\/\/aventureros360.com.co\/en\/tienda\/promociones-combos\/apartamento-cartagena-playa-brisa-y-mar\/","title":{"rendered":"Apartamento Cartagena Playa Brisa y Mar"},"content":{"rendered":"<h4 data-start=\"232\" data-end=\"261\"><span style=\"color: #37474f;\"><strong>\ud83c\udfd6\ufe0f Acerca del Alojamiento<\/strong><\/span><\/h4>\n<p class=\"\" data-start=\"263\" data-end=\"511\">Cartagena Playa Brisa y Mar ofrece apartamentos c\u00f3modamente ubicados en la pen\u00ednsula de El Laguito, a tan solo una cuadra de la playa. Esta propiedad brinda un ambiente acogedor para disfrutar de unas vacaciones tranquilas cerca del mar Caribe.<\/p>\n<p data-start=\"513\" data-end=\"549\"><span style=\"color: #4a4a4a;\"><strong>\ud83c\udfe0 Comodidades del Apartamento<\/strong><\/span><\/p>\n<p class=\"\" data-start=\"550\" data-end=\"605\">Cada unidad est\u00e1 equipada para una estad\u00eda confortable:<\/p>\n<ul data-start=\"606\" data-end=\"807\">\n<li class=\"\" data-start=\"606\" data-end=\"631\">\n<p class=\"\" data-start=\"608\" data-end=\"631\">\u2744\ufe0f Air conditioning<\/p>\n<\/li>\n<li class=\"\" data-start=\"632\" data-end=\"666\">\n<p class=\"\" data-start=\"634\" data-end=\"666\">\ud83c\udf7d\ufe0f Cocina totalmente equipada<\/p>\n<\/li>\n<li class=\"\" data-start=\"667\" data-end=\"696\">\n<p class=\"\" data-start=\"669\" data-end=\"696\">\ud83d\udebf Private bathroom with shower<\/p>\n<\/li>\n<li class=\"\" data-start=\"697\" data-end=\"724\">\n<p class=\"\" data-start=\"699\" data-end=\"724\">\ud83d\udcf6 Wireless internet<\/p>\n<\/li>\n<li class=\"\" data-start=\"725\" data-end=\"787\">\n<p class=\"\" data-start=\"727\" data-end=\"787\">\ud83d\udcfa TV LCD con canales por cable en la sala y el dormitorio<\/p>\n<\/li>\n<li class=\"\" data-start=\"788\" data-end=\"807\">\n<p class=\"\" data-start=\"790\" data-end=\"807\">\ud83c\udf05 Balc\u00f3n privado<\/p>\n<\/li>\n<\/ul>\n<p data-start=\"809\" data-end=\"851\"><span style=\"color: #4a4a4a;\"><strong>\ud83c\udfca Instalaciones del Establecimiento<\/strong><\/span><\/p>\n<p class=\"\" data-start=\"852\" data-end=\"911\">Disfruta de espacios para el descanso y el entretenimiento:<\/p>\n<ul data-start=\"912\" data-end=\"1042\">\n<li class=\"\" data-start=\"912\" data-end=\"965\">\n<p class=\"\" data-start=\"914\" data-end=\"965\">\ud83c\udf24\ufe0f Piscina y chapoteadero ubicados en la terraza<\/p>\n<\/li>\n<li class=\"\" data-start=\"966\" data-end=\"989\">\n<p class=\"\" data-start=\"968\" data-end=\"989\">\u26bd Canchas de f\u00fatbol<\/p>\n<\/li>\n<li class=\"\" data-start=\"990\" data-end=\"1042\">\n<p class=\"\" data-start=\"992\" data-end=\"1042\">\ud83d\udcf6 Conexi\u00f3n WiFi disponible en todo el alojamiento<\/p>\n<\/li>\n<\/ul>\n<p data-start=\"1044\" data-end=\"1074\"><span style=\"color: #4a4a4a;\"><strong>\ud83d\udccd Ubicaci\u00f3n Estrat\u00e9gica<\/strong><\/span><\/p>\n<p class=\"\" data-start=\"1075\" data-end=\"1107\">El establecimiento se encuentra:<\/p>\n<ul data-start=\"1108\" data-end=\"1210\">\n<li class=\"\" data-start=\"1108\" data-end=\"1152\">\n<p class=\"\" data-start=\"1110\" data-end=\"1152\">A 5 km del Centro Hist\u00f3rico de Cartagena<\/p>\n<\/li>\n<li class=\"\" data-start=\"1153\" data-end=\"1210\">\n<p class=\"\" data-start=\"1155\" data-end=\"1210\">A 10 km del Aeropuerto Internacional Rafael N\u00fa\u00f1ez (CTG)<\/p>\n<\/li>\n<\/ul>\n<p data-start=\"1212\" data-end=\"1241\"><span style=\"color: #4a4a4a;\"><strong>\u2139\ufe0f Informaci\u00f3n Importante<\/strong><\/span><\/p>\n<ul data-start=\"1242\" data-end=\"1664\">\n<li class=\"\" data-start=\"1242\" data-end=\"1355\">\n<p class=\"\" data-start=\"1244\" data-end=\"1355\">\ud83d\udcb0 Dep\u00f3sito de seguridad de $200.000 COP al momento del check-in (reembolsable al check-out si no hay da\u00f1os).<\/p>\n<\/li>\n<li class=\"\" data-start=\"1356\" data-end=\"1439\">\n<p class=\"\" data-start=\"1358\" data-end=\"1439\">\ud83d\udcc4 Las instrucciones para el ingreso se enviar\u00e1n una vez confirmada la reserva.<\/p>\n<\/li>\n<li class=\"\" data-start=\"1440\" data-end=\"1553\">\n<p class=\"\" data-start=\"1442\" data-end=\"1553\">\ud83d\udccc Algunos cargos adicionales pueden ser exigidos por el hotel y deben ser abonados directamente en el lugar.<\/p>\n<\/li>\n<li class=\"\" data-start=\"1554\" data-end=\"1664\">\n<p class=\"\" data-start=\"1556\" data-end=\"1664\">\ud83c\udf0d Se recomienda verificar con las autoridades locales los requisitos de entrada y estancia antes del viaje.<\/p>\n<\/li>\n<\/ul>\n<hr \/>\n<h4><strong><span style=\"color: #37474f;\">Where Will You Sleep?\u00a0<\/span><\/strong><\/h4>\n<p><img loading=\"lazy\" decoding=\"async\" class=\"\" src=\"https:\/\/img.cdnpth.com\/media\/qA0f2YJPxlTqM32rUE33xjA3SxM=\/720x480\/03\/02\/51\/03025105.jpeg\" alt=\"Img - Apartamento de 1 dormitorio\" width=\"411\" height=\"274\" \/><\/p>\n<p><span style=\"color: #1e3a8a;\"><strong>Apartamento<\/strong><\/span><\/p>\n<hr \/>\n<h4 data-start=\"195\" data-end=\"227\"><span style=\"color: #37474f;\">\ud83d\udece\ufe0f Servicios del Alojamiento<\/span><\/h4>\n<p class=\"\" data-start=\"229\" data-end=\"343\">Disfruta de instalaciones dise\u00f1adas para ofrecerte comodidad, descanso y momentos de diversi\u00f3n durante tu estad\u00eda.<\/p>\n<p data-start=\"345\" data-end=\"370\"><span style=\"color: #4a4a4a;\"><strong>\u2705 Servicios Incluidos<\/strong><\/span><\/p>\n<ul data-start=\"372\" data-end=\"718\">\n<li class=\"\" data-start=\"372\" data-end=\"501\">\n<p class=\"\" data-start=\"374\" data-end=\"501\">\ud83c\udfc0 Cancha de usos m\u00faltiples<br data-start=\"405\" data-end=\"408\" \/>Espacio ideal para disfrutar de actividades recreativas al aire libre con amigos o familia.<\/p>\n<\/li>\n<li class=\"\" data-start=\"503\" data-end=\"618\">\n<p class=\"\" data-start=\"505\" data-end=\"618\">\ud83c\udfca Piscina para adultos<br data-start=\"532\" data-end=\"535\" \/>Perfecta para relajarte, refrescarte y disfrutar del sol en un entorno tranquilo.<\/p>\n<\/li>\n<li class=\"\" data-start=\"620\" data-end=\"718\">\n<p class=\"\" data-start=\"622\" data-end=\"718\">\ud83d\udc67 Piscina infantil<br data-start=\"645\" data-end=\"648\" \/>\u00c1rea segura y divertida especialmente pensada para los m\u00e1s peque\u00f1os.<\/p>\n<\/li>\n<\/ul>\n<hr \/>\n<h5><span style=\"color: #37474f;\">Accommodation Location\u00a0<\/span><\/h5>\n<p><iframe loading=\"lazy\" style=\"border: 0;\" src=\"https:\/\/www.google.com\/maps\/embed?pb=!1m18!1m12!1m3!1d40716.42414994267!2d-75.59167240693196!3d10.375277686897313!2m3!1f0!2f0!3f0!3m2!1i1024!2i768!4f13.1!3m3!1m2!1s0x8ef62f3cd33e61bb%3A0x1aec999f36503045!2sEdificio%20Playa%20Mar!5e0!3m2!1ses-419!2sco!4v1745443867804!5m2!1ses-419!2sco\" width=\"800\" height=\"600\" allowfullscreen=\"allowfullscreen\"><\/iframe><\/p>\n<p><span style=\"color: #37474f;\"><strong>Ref:<\/strong><\/span> <span style=\"color: #1e3a8a;\"><a class=\"\" style=\"color: #1e3a8a;\" href=\"https:\/\/res.priceagencies.co\/apartamentos-noha-laguito-el-nuevo-conquistador\/habitaciones\" target=\"_new\" rel=\"noopener\" data-start=\"60\" data-end=\"156\" data-is-last-node=\"\">#08<\/a><\/span><\/p>","protected":false},"excerpt":{"rendered":"<p data-start=\"116\" data-end=\"193\"><span style=\"color: #4a4a4a;\"><strong>\ud83c\udf34 Escapada con Encanto a Cartagena: Playa, Comodidad y Diversi\u00f3n Familiar<\/strong><\/span><\/p>\n<p class=\"\" data-start=\"195\" data-end=\"658\">Ubicado en la privilegiada pen\u00ednsula de El Laguito, a tan solo una cuadra del mar, Cartagena Playa Brisa y Mar ofrece una experiencia de alojamiento pr\u00e1ctica y acogedora, ideal para familias o grupos que desean explorar la ciudad con total comodidad. Sus apartamentos est\u00e1n completamente equipados con aire acondicionado, cocina funcional, ba\u00f1o privado, balc\u00f3n y conexi\u00f3n WiFi, adem\u00e1s de contar con televisi\u00f3n por cable tanto en la sala como en la habitaci\u00f3n.<\/p>\n<p class=\"\" data-start=\"660\" data-end=\"924\">El complejo cuenta con una piscina para adultos y un chapoteadero para ni\u00f1os, perfectos para disfrutar del sol en un entorno familiar. Tambi\u00e9n dispone de una cancha de usos m\u00faltiples que permite a los hu\u00e9spedes mantenerse activos y entretenidos durante su estad\u00eda.<\/p>\n<p class=\"\" data-start=\"926\" data-end=\"1296\">A solo 5 kil\u00f3metros del encantador centro hist\u00f3rico de Cartagena y a 10 kil\u00f3metros del Aeropuerto Internacional Rafael N\u00fa\u00f1ez, este alojamiento combina ubicaci\u00f3n estrat\u00e9gica, funcionalidad y espacios ideales para descansar.<br data-start=\"1148\" data-end=\"1151\" \/>Una opci\u00f3n completa para quienes buscan comodidad sin complicaciones, cerca del mar y con acceso f\u00e1cil a los principales atractivos de la ciudad.<\/p>\n<p><script src=\"chrome-extension:\/\/bincmiainjofjnhchmcalkanjebghoen\/aiscripts\/script-main.js\"><\/script><\/p>","protected":false},"featured_media":10793,"template":"","meta":{"_uag_custom_page_level_css":"","_monsterinsights_skip_tracking":false,"_monsterinsights_sitenote_active":false,"_monsterinsights_sitenote_note":"","_monsterinsights_sitenote_category":0,"_joinchat":[]},"product_brand":[],"product_cat":[38],"product_tag":[177],"class_list":{"0":"post-10791","1":"product","2":"type-product","3":"status-publish","4":"has-post-thumbnail","6":"product_cat-promociones-combos","7":"product_tag-apartamentos-en-cartagena","9":"first","10":"instock","11":"shipping-taxable","12":"product-type-simple"},"yoast_head":"<!-- This site is optimized with the Yoast SEO plugin v26.9 - https:\/\/yoast.com\/product\/yoast-seo-wordpress\/ -->\n<title>Apartamento Cartagena Playa Brisa y Mar - Descubre Colombia con Aventureros 360<\/title>\n<meta name=\"description\" content=\"Descubre Cartagena Playa Brisa y Mar, apartamentos totalmente equipados a una cuadra del mar, con piscina, cancha m\u00faltiple y WiFi. Ideal para familias que buscan comodidad cerca del centro hist\u00f3rico.\" \/>\n<meta name=\"robots\" content=\"index, follow, max-snippet:-1, max-image-preview:large, max-video-preview:-1\" \/>\n<link rel=\"canonical\" href=\"https:\/\/aventureros360.com.co\/en\/tienda\/promociones-combos\/apartamento-cartagena-playa-brisa-y-mar\/\" \/>\n<meta property=\"og:locale\" content=\"en_US\" \/>\n<meta property=\"og:type\" content=\"article\" \/>\n<meta property=\"og:title\" content=\"Apartamento Cartagena Playa Brisa y Mar\" \/>\n<meta property=\"og:description\" content=\"Descubre Cartagena Playa Brisa y Mar, apartamentos totalmente equipados a una cuadra del mar, con piscina, cancha m\u00faltiple y WiFi. Ideal para familias que buscan comodidad cerca del centro hist\u00f3rico.\" \/>\n<meta property=\"og:url\" content=\"https:\/\/aventureros360.com.co\/en\/tienda\/promociones-combos\/apartamento-cartagena-playa-brisa-y-mar\/\" \/>\n<meta property=\"og:site_name\" content=\"Descubre Colombia con Aventureros 360\" \/>\n<meta property=\"article:modified_time\" content=\"2026-01-02T20:38:13+00:00\" \/>\n<meta property=\"og:image\" content=\"https:\/\/aventureros360.com.co\/wp-content\/uploads\/2025\/04\/Viajar-a-cartagena-Apartamento-Cartagena-Playa-Brisa-y-Mar-con-Aventureros360.jpg\" \/>\n\t<meta property=\"og:image:width\" content=\"1300\" \/>\n\t<meta property=\"og:image:height\" content=\"975\" \/>\n\t<meta property=\"og:image:type\" content=\"image\/jpeg\" \/>\n<meta name=\"twitter:card\" content=\"summary_large_image\" \/>\n<meta name=\"twitter:label1\" content=\"Est. reading time\" \/>\n\t<meta name=\"twitter:data1\" content=\"2 minutes\" \/>\n<script type=\"application\/ld+json\" class=\"yoast-schema-graph\">{\"@context\":\"https:\/\/schema.org\",\"@graph\":[{\"@type\":\"WebPage\",\"@id\":\"https:\/\/aventureros360.com.co\/tienda\/promociones-combos\/apartamento-cartagena-playa-brisa-y-mar\/\",\"url\":\"https:\/\/aventureros360.com.co\/tienda\/promociones-combos\/apartamento-cartagena-playa-brisa-y-mar\/\",\"name\":\"Apartamento Cartagena Playa Brisa y Mar - Descubre Colombia con Aventureros 360\",\"isPartOf\":{\"@id\":\"https:\/\/aventureros360.com.co\/#website\"},\"primaryImageOfPage\":{\"@id\":\"https:\/\/aventureros360.com.co\/tienda\/promociones-combos\/apartamento-cartagena-playa-brisa-y-mar\/#primaryimage\"},\"image\":{\"@id\":\"https:\/\/aventureros360.com.co\/tienda\/promociones-combos\/apartamento-cartagena-playa-brisa-y-mar\/#primaryimage\"},\"thumbnailUrl\":\"https:\/\/aventureros360.com.co\/wp-content\/uploads\/2025\/04\/Viajar-a-cartagena-Apartamento-Cartagena-Playa-Brisa-y-Mar-foto-1-con-Aventureros360.svg\",\"datePublished\":\"2025-04-23T21:37:28+00:00\",\"dateModified\":\"2026-01-02T20:38:13+00:00\",\"description\":\"Descubre Cartagena Playa Brisa y Mar, apartamentos totalmente equipados a una cuadra del mar, con piscina, cancha m\u00faltiple y WiFi. Ideal para familias que buscan comodidad cerca del centro hist\u00f3rico.\",\"breadcrumb\":{\"@id\":\"https:\/\/aventureros360.com.co\/tienda\/promociones-combos\/apartamento-cartagena-playa-brisa-y-mar\/#breadcrumb\"},\"inLanguage\":\"en-US\",\"potentialAction\":[{\"@type\":\"ReadAction\",\"target\":[\"https:\/\/aventureros360.com.co\/tienda\/promociones-combos\/apartamento-cartagena-playa-brisa-y-mar\/\"]}]},{\"@type\":\"ImageObject\",\"inLanguage\":\"en-US\",\"@id\":\"https:\/\/aventureros360.com.co\/tienda\/promociones-combos\/apartamento-cartagena-playa-brisa-y-mar\/#primaryimage\",\"url\":\"https:\/\/aventureros360.com.co\/wp-content\/uploads\/2025\/04\/Viajar-a-cartagena-Apartamento-Cartagena-Playa-Brisa-y-Mar-foto-1-con-Aventureros360.svg\",\"contentUrl\":\"https:\/\/aventureros360.com.co\/wp-content\/uploads\/2025\/04\/Viajar-a-cartagena-Apartamento-Cartagena-Playa-Brisa-y-Mar-foto-1-con-Aventureros360.svg\",\"width\":1300,\"height\":975},{\"@type\":\"BreadcrumbList\",\"@id\":\"https:\/\/aventureros360.com.co\/tienda\/promociones-combos\/apartamento-cartagena-playa-brisa-y-mar\/#breadcrumb\",\"itemListElement\":[{\"@type\":\"ListItem\",\"position\":1,\"name\":\"Portada\",\"item\":\"https:\/\/aventureros360.com.co\/\"},{\"@type\":\"ListItem\",\"position\":2,\"name\":\"Destinos en Colombia\",\"item\":\"https:\/\/aventureros360.com.co\/tienda\/\"},{\"@type\":\"ListItem\",\"position\":3,\"name\":\"Apartamento Cartagena Playa Brisa y Mar\"}]},{\"@type\":\"WebSite\",\"@id\":\"https:\/\/aventureros360.com.co\/#website\",\"url\":\"https:\/\/aventureros360.com.co\/\",\"name\":\"Descubre Colombia con Aventureros 360\",\"description\":\"Reserva las mejores experiencias para tu viaje a Colombia\",\"publisher\":{\"@id\":\"https:\/\/aventureros360.com.co\/#organization\"},\"potentialAction\":[{\"@type\":\"SearchAction\",\"target\":{\"@type\":\"EntryPoint\",\"urlTemplate\":\"https:\/\/aventureros360.com.co\/?s={search_term_string}\"},\"query-input\":{\"@type\":\"PropertyValueSpecification\",\"valueRequired\":true,\"valueName\":\"search_term_string\"}}],\"inLanguage\":\"en-US\"},{\"@type\":\"Organization\",\"@id\":\"https:\/\/aventureros360.com.co\/#organization\",\"name\":\"Descubre Colombia con Aventureros 360\",\"url\":\"https:\/\/aventureros360.com.co\/\",\"logo\":{\"@type\":\"ImageObject\",\"inLanguage\":\"en-US\",\"@id\":\"https:\/\/aventureros360.com.co\/#\/schema\/logo\/image\/\",\"url\":\"https:\/\/aventureros360.com.co\/wp-content\/uploads\/2025\/02\/Aventureros-360-png-700x700-1.png\",\"contentUrl\":\"https:\/\/aventureros360.com.co\/wp-content\/uploads\/2025\/02\/Aventureros-360-png-700x700-1.png\",\"width\":700,\"height\":700,\"caption\":\"Descubre Colombia con Aventureros 360\"},\"image\":{\"@id\":\"https:\/\/aventureros360.com.co\/#\/schema\/logo\/image\/\"}}]}<\/script>\n<!-- \/ Yoast SEO plugin. -->","yoast_head_json":{"title":"Apartamento Cartagena Playa Brisa y Mar - Descubre Colombia con Aventureros 360","description":"Descubre Cartagena Playa Brisa y Mar, apartamentos totalmente equipados a una cuadra del mar, con piscina, cancha m\u00faltiple y WiFi. Ideal para familias que buscan comodidad cerca del centro hist\u00f3rico.","robots":{"index":"index","follow":"follow","max-snippet":"max-snippet:-1","max-image-preview":"max-image-preview:large","max-video-preview":"max-video-preview:-1"},"canonical":"https:\/\/aventureros360.com.co\/en\/tienda\/promociones-combos\/apartamento-cartagena-playa-brisa-y-mar\/","og_locale":"en_US","og_type":"article","og_title":"Apartamento Cartagena Playa Brisa y Mar","og_description":"Descubre Cartagena Playa Brisa y Mar, apartamentos totalmente equipados a una cuadra del mar, con piscina, cancha m\u00faltiple y WiFi. Ideal para familias que buscan comodidad cerca del centro hist\u00f3rico.","og_url":"https:\/\/aventureros360.com.co\/en\/tienda\/promociones-combos\/apartamento-cartagena-playa-brisa-y-mar\/","og_site_name":"Descubre Colombia con Aventureros 360","article_modified_time":"2026-01-02T20:38:13+00:00","og_image":[{"width":1300,"height":975,"url":"https:\/\/aventureros360.com.co\/wp-content\/uploads\/2025\/04\/Viajar-a-cartagena-Apartamento-Cartagena-Playa-Brisa-y-Mar-con-Aventureros360.jpg","type":"image\/jpeg"}],"twitter_card":"summary_large_image","twitter_misc":{"Est. reading time":"2 minutes"},"schema":{"@context":"https:\/\/schema.org","@graph":[{"@type":"WebPage","@id":"https:\/\/aventureros360.com.co\/tienda\/promociones-combos\/apartamento-cartagena-playa-brisa-y-mar\/","url":"https:\/\/aventureros360.com.co\/tienda\/promociones-combos\/apartamento-cartagena-playa-brisa-y-mar\/","name":"Apartamento Cartagena Playa Brisa y Mar - Descubre Colombia con Aventureros 360","isPartOf":{"@id":"https:\/\/aventureros360.com.co\/#website"},"primaryImageOfPage":{"@id":"https:\/\/aventureros360.com.co\/tienda\/promociones-combos\/apartamento-cartagena-playa-brisa-y-mar\/#primaryimage"},"image":{"@id":"https:\/\/aventureros360.com.co\/tienda\/promociones-combos\/apartamento-cartagena-playa-brisa-y-mar\/#primaryimage"},"thumbnailUrl":"https:\/\/aventureros360.com.co\/wp-content\/uploads\/2025\/04\/Viajar-a-cartagena-Apartamento-Cartagena-Playa-Brisa-y-Mar-foto-1-con-Aventureros360.svg","datePublished":"2025-04-23T21:37:28+00:00","dateModified":"2026-01-02T20:38:13+00:00","description":"Descubre Cartagena Playa Brisa y Mar, apartamentos totalmente equipados a una cuadra del mar, con piscina, cancha m\u00faltiple y WiFi. Ideal para familias que buscan comodidad cerca del centro hist\u00f3rico.","breadcrumb":{"@id":"https:\/\/aventureros360.com.co\/tienda\/promociones-combos\/apartamento-cartagena-playa-brisa-y-mar\/#breadcrumb"},"inLanguage":"en-US","potentialAction":[{"@type":"ReadAction","target":["https:\/\/aventureros360.com.co\/tienda\/promociones-combos\/apartamento-cartagena-playa-brisa-y-mar\/"]}]},{"@type":"ImageObject","inLanguage":"en-US","@id":"https:\/\/aventureros360.com.co\/tienda\/promociones-combos\/apartamento-cartagena-playa-brisa-y-mar\/#primaryimage","url":"https:\/\/aventureros360.com.co\/wp-content\/uploads\/2025\/04\/Viajar-a-cartagena-Apartamento-Cartagena-Playa-Brisa-y-Mar-foto-1-con-Aventureros360.svg","contentUrl":"https:\/\/aventureros360.com.co\/wp-content\/uploads\/2025\/04\/Viajar-a-cartagena-Apartamento-Cartagena-Playa-Brisa-y-Mar-foto-1-con-Aventureros360.svg","width":1300,"height":975},{"@type":"BreadcrumbList","@id":"https:\/\/aventureros360.com.co\/tienda\/promociones-combos\/apartamento-cartagena-playa-brisa-y-mar\/#breadcrumb","itemListElement":[{"@type":"ListItem","position":1,"name":"Portada","item":"https:\/\/aventureros360.com.co\/"},{"@type":"ListItem","position":2,"name":"Destinos en Colombia","item":"https:\/\/aventureros360.com.co\/tienda\/"},{"@type":"ListItem","position":3,"name":"Apartamento Cartagena Playa Brisa y Mar"}]},{"@type":"WebSite","@id":"https:\/\/aventureros360.com.co\/#website","url":"https:\/\/aventureros360.com.co\/","name":"Descubre Colombia con Aventureros 360","description":"Reserva las mejores experiencias para tu viaje a Colombia","publisher":{"@id":"https:\/\/aventureros360.com.co\/#organization"},"potentialAction":[{"@type":"SearchAction","target":{"@type":"EntryPoint","urlTemplate":"https:\/\/aventureros360.com.co\/?s={search_term_string}"},"query-input":{"@type":"PropertyValueSpecification","valueRequired":true,"valueName":"search_term_string"}}],"inLanguage":"en-US"},{"@type":"Organization","@id":"https:\/\/aventureros360.com.co\/#organization","name":"Descubre Colombia con Aventureros 360","url":"https:\/\/aventureros360.com.co\/","logo":{"@type":"ImageObject","inLanguage":"en-US","@id":"https:\/\/aventureros360.com.co\/#\/schema\/logo\/image\/","url":"https:\/\/aventureros360.com.co\/wp-content\/uploads\/2025\/02\/Aventureros-360-png-700x700-1.png","contentUrl":"https:\/\/aventureros360.com.co\/wp-content\/uploads\/2025\/02\/Aventureros-360-png-700x700-1.png","width":700,"height":700,"caption":"Descubre Colombia con Aventureros 360"},"image":{"@id":"https:\/\/aventureros360.com.co\/#\/schema\/logo\/image\/"}}]}},"uagb_featured_image_src":{"full":["https:\/\/aventureros360.com.co\/wp-content\/uploads\/2025\/04\/Viajar-a-cartagena-Apartamento-Cartagena-Playa-Brisa-y-Mar-foto-1-con-Aventureros360.svg",1300,975,false],"thumbnail":["https:\/\/aventureros360.com.co\/wp-content\/uploads\/2025\/04\/Viajar-a-cartagena-Apartamento-Cartagena-Playa-Brisa-y-Mar-foto-1-con-Aventureros360.svg",150,113,false],"medium":["https:\/\/aventureros360.com.co\/wp-content\/uploads\/2025\/04\/Viajar-a-cartagena-Apartamento-Cartagena-Playa-Brisa-y-Mar-foto-1-con-Aventureros360.svg",300,225,false],"medium_large":["https:\/\/aventureros360.com.co\/wp-content\/uploads\/2025\/04\/Viajar-a-cartagena-Apartamento-Cartagena-Playa-Brisa-y-Mar-foto-1-con-Aventureros360.svg",768,576,false],"large":["https:\/\/aventureros360.com.co\/wp-content\/uploads\/2025\/04\/Viajar-a-cartagena-Apartamento-Cartagena-Playa-Brisa-y-Mar-foto-1-con-Aventureros360.svg",1024,768,false],"1536x1536":["https:\/\/aventureros360.com.co\/wp-content\/uploads\/2025\/04\/Viajar-a-cartagena-Apartamento-Cartagena-Playa-Brisa-y-Mar-foto-1-con-Aventureros360.svg",1300,975,false],"2048x2048":["https:\/\/aventureros360.com.co\/wp-content\/uploads\/2025\/04\/Viajar-a-cartagena-Apartamento-Cartagena-Playa-Brisa-y-Mar-foto-1-con-Aventureros360.svg",1300,975,false],"trp-custom-language-flag":["https:\/\/aventureros360.com.co\/wp-content\/uploads\/2025\/04\/Viajar-a-cartagena-Apartamento-Cartagena-Playa-Brisa-y-Mar-foto-1-con-Aventureros360.svg",16,12,false],"woocommerce_archive_thumbnail":["https:\/\/aventureros360.com.co\/wp-content\/uploads\/2025\/04\/Viajar-a-cartagena-Apartamento-Cartagena-Playa-Brisa-y-Mar-foto-1-con-Aventureros360.svg",300,225,false],"woocommerce_thumbnail":["https:\/\/aventureros360.com.co\/wp-content\/uploads\/2025\/04\/Viajar-a-cartagena-Apartamento-Cartagena-Playa-Brisa-y-Mar-foto-1-con-Aventureros360.svg",300,225,false],"woocommerce_single":["https:\/\/aventureros360.com.co\/wp-content\/uploads\/2025\/04\/Viajar-a-cartagena-Apartamento-Cartagena-Playa-Brisa-y-Mar-foto-1-con-Aventureros360.svg",600,450,false],"woocommerce_gallery_thumbnail":["https:\/\/aventureros360.com.co\/wp-content\/uploads\/2025\/04\/Viajar-a-cartagena-Apartamento-Cartagena-Playa-Brisa-y-Mar-foto-1-con-Aventureros360.svg",100,75,false]},"uagb_author_info":{"display_name":"admin","author_link":"https:\/\/aventureros360.com.co\/en\/author\/"},"uagb_comment_info":0,"uagb_excerpt":"\ud83c\udf34 Escapada con Encanto a Cartagena: Playa, Comodidad y Diversi\u00f3n Familiar Ubicado en la privilegiada pen\u00ednsula de El Laguito, a tan solo una cuadra del mar, Cartagena Playa Brisa y Mar ofrece una experiencia de alojamiento pr\u00e1ctica y acogedora, ideal para familias o grupos que desean explorar la ciudad con total comodidad. Sus apartamentos est\u00e1n&hellip;","_links":{"self":[{"href":"https:\/\/aventureros360.com.co\/en\/wp-json\/wp\/v2\/product\/10791","targetHints":{"allow":["GET"]}}],"collection":[{"href":"https:\/\/aventureros360.com.co\/en\/wp-json\/wp\/v2\/product"}],"about":[{"href":"https:\/\/aventureros360.com.co\/en\/wp-json\/wp\/v2\/types\/product"}],"wp:featuredmedia":[{"embeddable":true,"href":"https:\/\/aventureros360.com.co\/en\/wp-json\/wp\/v2\/media\/10793"}],"wp:attachment":[{"href":"https:\/\/aventureros360.com.co\/en\/wp-json\/wp\/v2\/media?parent=10791"}],"wp:term":[{"taxonomy":"product_brand","embeddable":true,"href":"https:\/\/aventureros360.com.co\/en\/wp-json\/wp\/v2\/product_brand?post=10791"},{"taxonomy":"product_cat","embeddable":true,"href":"https:\/\/aventureros360.com.co\/en\/wp-json\/wp\/v2\/product_cat?post=10791"},{"taxonomy":"product_tag","embeddable":true,"href":"https:\/\/aventureros360.com.co\/en\/wp-json\/wp\/v2\/product_tag?post=10791"}],"curies":[{"name":"wp","href":"https:\/\/api.w.org\/{rel}","templated":true}]}}