{"id":11578,"date":"2025-04-27T14:47:16","date_gmt":"2025-04-27T14:47:16","guid":{"rendered":"https:\/\/aventureros360.com.co\/?post_type=product&#038;p=11578"},"modified":"2026-01-02T20:38:00","modified_gmt":"2026-01-02T20:38:00","slug":"apartamento-privado","status":"publish","type":"product","link":"https:\/\/aventureros360.com.co\/en\/tienda\/promociones-combos\/apartamento-privado\/","title":{"rendered":"Apartamento Privado"},"content":{"rendered":"<h4 data-start=\"81\" data-end=\"121\"><span style=\"color: #37474f;\">Descubre la Comodidad del Apartamento Privado<\/span><\/h4>\n<p class=\"\" data-start=\"123\" data-end=\"336\">Es un acogedor apartamento ideal para estad\u00edas prolongadas, ubicado en la exclusiva pen\u00ednsula de El Laguito, en Cartagena. Perfecto para quienes buscan comodidad y funcionalidad cerca del mar.<\/p>\n<p data-start=\"338\" data-end=\"370\"><span style=\"color: #4a4a4a;\"><strong>Espacios Pensados Para Ti \ud83c\udfe1<\/strong><\/span><\/p>\n<ul data-start=\"371\" data-end=\"517\">\n<li class=\"\" data-start=\"371\" data-end=\"462\">\n<p class=\"\" data-start=\"373\" data-end=\"462\">Piscina en la terraza para disfrutar de momentos de relajaci\u00f3n con una hermosa vista.<\/p>\n<\/li>\n<li class=\"\" data-start=\"463\" data-end=\"517\">\n<p class=\"\" data-start=\"465\" data-end=\"517\">Acceso a wifi para mantenerte siempre conectado.<\/p>\n<\/li>\n<\/ul>\n<p data-start=\"519\" data-end=\"556\"><span style=\"color: #4a4a4a;\"><strong>Comodidades en el Apartamento \ud83d\udecb\ufe0f<\/strong><\/span><\/p>\n<ul data-start=\"557\" data-end=\"762\">\n<li class=\"\" data-start=\"557\" data-end=\"628\">\n<p class=\"\" data-start=\"559\" data-end=\"628\">Mesa y sillas tipo comedor, perfectas para compartir tus comidas.<\/p>\n<\/li>\n<li class=\"\" data-start=\"629\" data-end=\"703\">\n<p class=\"\" data-start=\"631\" data-end=\"703\">Cocina completamente equipada para preparar tus platillos favoritos.<\/p>\n<\/li>\n<li class=\"\" data-start=\"704\" data-end=\"762\">\n<p class=\"\" data-start=\"706\" data-end=\"762\">Televisi\u00f3n por cable para tu entretenimiento diario.<\/p>\n<\/li>\n<\/ul>\n<p data-start=\"764\" data-end=\"793\"><strong><span style=\"color: #4a4a4a;\">Ubicaci\u00f3n Privilegiada \ud83d\udccd<\/span><\/strong><\/p>\n<ul data-start=\"794\" data-end=\"1077\">\n<li class=\"\" data-start=\"794\" data-end=\"880\">\n<p class=\"\" data-start=\"796\" data-end=\"880\">A solo una cuadra de la playa, ideal para escapadas al mar en cualquier momento.<\/p>\n<\/li>\n<li class=\"\" data-start=\"881\" data-end=\"979\">\n<p class=\"\" data-start=\"883\" data-end=\"979\">A 5 kil\u00f3metros del centro hist\u00f3rico, donde podr\u00e1s explorar la riqueza cultural de Cartagena.<\/p>\n<\/li>\n<li class=\"\" data-start=\"980\" data-end=\"1077\">\n<p class=\"\" data-start=\"982\" data-end=\"1077\">A 10 kil\u00f3metros del Aeropuerto Internacional Rafael N\u00fa\u00f1ez (CTG), facilitando tus traslados.<\/p>\n<\/li>\n<\/ul>\n<blockquote data-start=\"1084\" data-end=\"1688\">\n<p class=\"\" data-start=\"1086\" data-end=\"1110\"><span style=\"color: #4a4a4a;\"><strong>Nota importante:<\/strong><\/span><\/p>\n<ul data-start=\"1113\" data-end=\"1688\">\n<li class=\"\" data-start=\"1113\" data-end=\"1189\">\n<p class=\"\" data-start=\"1115\" data-end=\"1189\">Por ley en Colombia, est\u00e1 prohibido el cambio de divisas en los hoteles.<\/p>\n<\/li>\n<li class=\"\" data-start=\"1192\" data-end=\"1317\">\n<p class=\"\" data-start=\"1194\" data-end=\"1317\">Pueden existir cargos determinados por el alojamiento que deben pagarse directamente al momento del registro o la salida.<\/p>\n<\/li>\n<li class=\"\" data-start=\"1320\" data-end=\"1471\">\n<p class=\"\" data-start=\"1322\" data-end=\"1471\">Solo est\u00e1n exentos de pagar el IVA de alojamiento los turistas con permisos o visas espec\u00edficas (PIP-3, PIP-5, PIP-6, PIP-10, TP-7, TP-11 o TP-12).<\/p>\n<\/li>\n<li class=\"\" data-start=\"1474\" data-end=\"1583\">\n<p class=\"\" data-start=\"1476\" data-end=\"1583\">Las instrucciones de acceso al apartamento se enviar\u00e1n junto con tu itinerario tras confirmar la reserva.<\/p>\n<\/li>\n<li class=\"\" data-start=\"1586\" data-end=\"1688\">\n<p class=\"\" data-start=\"1588\" data-end=\"1688\">Antes de viajar, consulta los requisitos de entrada con las autoridades nacionales correspondientes.<\/p>\n<\/li>\n<\/ul>\n<\/blockquote>\n<hr \/>\n<h4 data-start=\"91\" data-end=\"135\"><span style=\"color: #37474f;\">Servicios que Hacen Tu Estancia M\u00e1s Plena<\/span><\/h4>\n<p class=\"\" data-start=\"137\" data-end=\"245\">Disfruta de una experiencia c\u00f3moda y relajante, donde cada detalle est\u00e1 pensado para ti.<\/p>\n<p data-start=\"247\" data-end=\"274\"><span style=\"color: #4a4a4a;\"><strong>Servicios Incluidos \ud83d\udece\ufe0f<\/strong><\/span><\/p>\n<ul data-start=\"275\" data-end=\"504\">\n<li class=\"\" data-start=\"275\" data-end=\"391\">\n<p class=\"\" data-start=\"277\" data-end=\"391\">Internet inal\u00e1mbrico \ud83d\udcf6: Mantente siempre conectado, ya sea para trabajar o compartir tus momentos especiales.<\/p>\n<\/li>\n<li class=\"\" data-start=\"392\" data-end=\"504\">\n<p class=\"\" data-start=\"394\" data-end=\"504\">Piscina en la terraza \ud83c\udfca\u200d\u2642\ufe0f: Sum\u00e9rgete y rel\u00e1jate mientras contemplas una vista encantadora desde lo alto.<\/p>\n<\/li>\n<\/ul>\n<hr \/>\n<h5><span style=\"color: #37474f;\">Accommodation Location\u00a0<\/span><\/h5>\n<p><iframe loading=\"lazy\" style=\"border: 0;\" src=\"https:\/\/www.google.com\/maps\/embed?pb=!1m18!1m12!1m3!1d3924.333032697326!2d-75.56481492613449!3d10.395101766113946!2m3!1f0!2f0!3f0!3m2!1i1024!2i768!4f13.1!3m3!1m2!1s0x8ef62f40381caabb%3A0x550f9a3c07018dc2!2sApartamentos%20luis%20del%20mar!5e0!3m2!1ses-419!2sco!4v1745764386641!5m2!1ses-419!2sco\" width=\"800\" height=\"600\" allowfullscreen=\"allowfullscreen\"><\/iframe><\/p>\n<p><script src=\"chrome-extension:\/\/bincmiainjofjnhchmcalkanjebghoen\/aiscripts\/script-main.js\"><\/script><\/p>","protected":false},"excerpt":{"rendered":"<p data-start=\"60\" data-end=\"109\"><span style=\"color: #37474f;\"><strong>\ud83c\udfd6\ufe0f Escapada Ideal en Cartagena<\/strong><\/span><\/p>\n<p class=\"\" data-start=\"111\" data-end=\"268\"><span class=\"relative -mx-px my-[-0.2rem] rounded px-px py-[0.2rem] transition-colors duration-100 ease-in-out\">Ubicado en la pen\u00ednsula de El Laguito, Luis del Mar es un apartamento perfecto para estad\u00edas prolongadas en Cartagena.<\/span> <span class=\"relative -mx-px my-[-0.2rem] rounded px-px py-[0.2rem] transition-colors duration-100 ease-in-out\">A tan solo una cuadra de la playa y a 5 kil\u00f3metros del centro hist\u00f3rico, ofrece una ubicaci\u00f3n estrat\u00e9gica para disfrutar de la ciudad.<\/span> <span class=\"relative -mx-px my-[-0.2rem] rounded px-px py-[0.2rem] transition-colors duration-100 ease-in-out\">El Aeropuerto Internacional Rafael N\u00fa\u00f1ez se encuentra a 10 kil\u00f3metros.<\/span>\u200b<\/p>\n<p class=\"\" data-start=\"270\" data-end=\"389\"><span class=\"relative -mx-px my-[-0.2rem] rounded px-px py-[0.2rem] transition-colors duration-100 ease-in-out\">Este alojamiento cuenta con una piscina en la terraza y acceso a wifi gratuito.<\/span> <span class=\"relative -mx-px my-[-0.2rem] rounded px-px py-[0.2rem] transition-colors duration-100 ease-in-out\">El apartamento est\u00e1 equipado con mesa y sillas tipo comedor, cocina completa y televisi\u00f3n por cable, brindando comodidad y funcionalidad para tu estancia.<\/span>\u200b<\/p>\n<p class=\"\" data-start=\"391\" data-end=\"550\"><span class=\"relative -mx-px my-[-0.2rem] rounded px-px py-[0.2rem] transition-colors duration-100 ease-in-out\">Ten en cuenta que, por ley, en Colombia est\u00e1 prohibido el cambio de divisas en los hoteles.<\/span> <span class=\"relative -mx-px my-[-0.2rem] rounded px-px py-[0.2rem] transition-colors duration-100 ease-in-out\">Adem\u00e1s, pueden existir cargos determinados por el alojamiento que son obligatorios y deben pagarse directamente en el establecimiento al momento del registro o de la salida.<\/span> <span class=\"relative -mx-px my-[-0.2rem] rounded px-px py-[0.2rem] transition-colors duration-100 ease-in-out\">Las instrucciones para acceder al apartamento aparecer\u00e1n en tu itinerario una vez hecha la reserva.<\/span>\u200b<\/p>\n<p class=\"\" data-start=\"552\" data-end=\"677\"><span class=\"relative -mx-px my-[-0.2rem] rounded px-px py-[0.2rem] transition-colors duration-100 ease-in-out\">Antes de tu viaje, te recomendamos consultar los requisitos de entrada y estancia del pa\u00eds que visites directamente con las autoridades nacionales correspondientes.<\/span> <span class=\"relative -mx-px my-[-0.2rem] rounded px-px py-[0.2rem] transition-colors duration-100 ease-in-out\">Es responsabilidad del viajero cumplir con las normas y reglas establecidas en el pa\u00eds de destino.<\/span><\/p>\n<p><script src=\"chrome-extension:\/\/bincmiainjofjnhchmcalkanjebghoen\/aiscripts\/script-main.js\"><\/script><\/p>","protected":false},"featured_media":11579,"template":"","meta":{"_uag_custom_page_level_css":"","_monsterinsights_skip_tracking":false,"_monsterinsights_sitenote_active":false,"_monsterinsights_sitenote_note":"","_monsterinsights_sitenote_category":0,"_joinchat":[]},"product_brand":[],"product_cat":[38],"product_tag":[177],"class_list":{"0":"post-11578","1":"product","2":"type-product","3":"status-publish","4":"has-post-thumbnail","6":"product_cat-promociones-combos","7":"product_tag-apartamentos-en-cartagena","9":"first","10":"instock","11":"shipping-taxable","12":"product-type-simple"},"yoast_head":"<!-- This site is optimized with the Yoast SEO plugin v26.9 - https:\/\/yoast.com\/product\/yoast-seo-wordpress\/ -->\n<title>Apartamento Privado - Descubre Colombia con Aventureros 360<\/title>\n<meta name=\"description\" content=\"Descubre Luis del Mar, un apartamento en El Laguito, Cartagena, ideal para estad\u00edas prolongadas. A solo una cuadra de la playa, con piscina en la terraza, wifi gratuito y cocina completa.\u200b\" \/>\n<meta name=\"robots\" content=\"index, follow, max-snippet:-1, max-image-preview:large, max-video-preview:-1\" \/>\n<link rel=\"canonical\" href=\"https:\/\/aventureros360.com.co\/en\/tienda\/promociones-combos\/apartamento-privado\/\" \/>\n<meta property=\"og:locale\" content=\"en_US\" \/>\n<meta property=\"og:type\" content=\"article\" \/>\n<meta property=\"og:title\" content=\"Apartamento Privado\" \/>\n<meta property=\"og:description\" content=\"Descubre Luis del Mar, un apartamento en El Laguito, Cartagena, ideal para estad\u00edas prolongadas. A solo una cuadra de la playa, con piscina en la terraza, wifi gratuito y cocina completa.\u200b\" \/>\n<meta property=\"og:url\" content=\"https:\/\/aventureros360.com.co\/en\/tienda\/promociones-combos\/apartamento-privado\/\" \/>\n<meta property=\"og:site_name\" content=\"Descubre Colombia con Aventureros 360\" \/>\n<meta property=\"article:modified_time\" content=\"2026-01-02T20:38:00+00:00\" \/>\n<meta property=\"og:image\" content=\"https:\/\/aventureros360.com.co\/wp-content\/uploads\/2025\/04\/viaje-a-cartagena-Apartamento-Privado-foto-1-con-Aventureros360.jpg\" \/>\n\t<meta property=\"og:image:width\" content=\"1300\" \/>\n\t<meta property=\"og:image:height\" content=\"975\" \/>\n\t<meta property=\"og:image:type\" content=\"image\/jpeg\" \/>\n<meta name=\"twitter:card\" content=\"summary_large_image\" \/>\n<meta name=\"twitter:label1\" content=\"Est. reading time\" \/>\n\t<meta name=\"twitter:data1\" content=\"2 minutes\" \/>\n<script type=\"application\/ld+json\" class=\"yoast-schema-graph\">{\"@context\":\"https:\/\/schema.org\",\"@graph\":[{\"@type\":\"WebPage\",\"@id\":\"https:\/\/aventureros360.com.co\/tienda\/promociones-combos\/apartamento-privado\/\",\"url\":\"https:\/\/aventureros360.com.co\/tienda\/promociones-combos\/apartamento-privado\/\",\"name\":\"Apartamento Privado - Descubre Colombia con Aventureros 360\",\"isPartOf\":{\"@id\":\"https:\/\/aventureros360.com.co\/#website\"},\"primaryImageOfPage\":{\"@id\":\"https:\/\/aventureros360.com.co\/tienda\/promociones-combos\/apartamento-privado\/#primaryimage\"},\"image\":{\"@id\":\"https:\/\/aventureros360.com.co\/tienda\/promociones-combos\/apartamento-privado\/#primaryimage\"},\"thumbnailUrl\":\"https:\/\/aventureros360.com.co\/wp-content\/uploads\/2025\/04\/viaje-a-cartagena-Apartamento-Privado-foto-1-con-Aventureros360.jpg\",\"datePublished\":\"2025-04-27T14:47:16+00:00\",\"dateModified\":\"2026-01-02T20:38:00+00:00\",\"description\":\"Descubre Luis del Mar, un apartamento en El Laguito, Cartagena, ideal para estad\u00edas prolongadas. A solo una cuadra de la playa, con piscina en la terraza, wifi gratuito y cocina completa.\u200b\",\"breadcrumb\":{\"@id\":\"https:\/\/aventureros360.com.co\/tienda\/promociones-combos\/apartamento-privado\/#breadcrumb\"},\"inLanguage\":\"en-US\",\"potentialAction\":[{\"@type\":\"ReadAction\",\"target\":[\"https:\/\/aventureros360.com.co\/tienda\/promociones-combos\/apartamento-privado\/\"]}]},{\"@type\":\"ImageObject\",\"inLanguage\":\"en-US\",\"@id\":\"https:\/\/aventureros360.com.co\/tienda\/promociones-combos\/apartamento-privado\/#primaryimage\",\"url\":\"https:\/\/aventureros360.com.co\/wp-content\/uploads\/2025\/04\/viaje-a-cartagena-Apartamento-Privado-foto-1-con-Aventureros360.jpg\",\"contentUrl\":\"https:\/\/aventureros360.com.co\/wp-content\/uploads\/2025\/04\/viaje-a-cartagena-Apartamento-Privado-foto-1-con-Aventureros360.jpg\",\"width\":1300,\"height\":975},{\"@type\":\"BreadcrumbList\",\"@id\":\"https:\/\/aventureros360.com.co\/tienda\/promociones-combos\/apartamento-privado\/#breadcrumb\",\"itemListElement\":[{\"@type\":\"ListItem\",\"position\":1,\"name\":\"Portada\",\"item\":\"https:\/\/aventureros360.com.co\/\"},{\"@type\":\"ListItem\",\"position\":2,\"name\":\"Destinos en Colombia\",\"item\":\"https:\/\/aventureros360.com.co\/tienda\/\"},{\"@type\":\"ListItem\",\"position\":3,\"name\":\"Apartamento Privado\"}]},{\"@type\":\"WebSite\",\"@id\":\"https:\/\/aventureros360.com.co\/#website\",\"url\":\"https:\/\/aventureros360.com.co\/\",\"name\":\"Descubre Colombia con Aventureros 360\",\"description\":\"Reserva las mejores experiencias para tu viaje a Colombia\",\"publisher\":{\"@id\":\"https:\/\/aventureros360.com.co\/#organization\"},\"potentialAction\":[{\"@type\":\"SearchAction\",\"target\":{\"@type\":\"EntryPoint\",\"urlTemplate\":\"https:\/\/aventureros360.com.co\/?s={search_term_string}\"},\"query-input\":{\"@type\":\"PropertyValueSpecification\",\"valueRequired\":true,\"valueName\":\"search_term_string\"}}],\"inLanguage\":\"en-US\"},{\"@type\":\"Organization\",\"@id\":\"https:\/\/aventureros360.com.co\/#organization\",\"name\":\"Descubre Colombia con Aventureros 360\",\"url\":\"https:\/\/aventureros360.com.co\/\",\"logo\":{\"@type\":\"ImageObject\",\"inLanguage\":\"en-US\",\"@id\":\"https:\/\/aventureros360.com.co\/#\/schema\/logo\/image\/\",\"url\":\"https:\/\/aventureros360.com.co\/wp-content\/uploads\/2025\/02\/Aventureros-360-png-700x700-1.png\",\"contentUrl\":\"https:\/\/aventureros360.com.co\/wp-content\/uploads\/2025\/02\/Aventureros-360-png-700x700-1.png\",\"width\":700,\"height\":700,\"caption\":\"Descubre Colombia con Aventureros 360\"},\"image\":{\"@id\":\"https:\/\/aventureros360.com.co\/#\/schema\/logo\/image\/\"}}]}<\/script>\n<!-- \/ Yoast SEO plugin. -->","yoast_head_json":{"title":"Apartamento Privado - Descubre Colombia con Aventureros 360","description":"Descubre Luis del Mar, un apartamento en El Laguito, Cartagena, ideal para estad\u00edas prolongadas. A solo una cuadra de la playa, con piscina en la terraza, wifi gratuito y cocina completa.\u200b","robots":{"index":"index","follow":"follow","max-snippet":"max-snippet:-1","max-image-preview":"max-image-preview:large","max-video-preview":"max-video-preview:-1"},"canonical":"https:\/\/aventureros360.com.co\/en\/tienda\/promociones-combos\/apartamento-privado\/","og_locale":"en_US","og_type":"article","og_title":"Apartamento Privado","og_description":"Descubre Luis del Mar, un apartamento en El Laguito, Cartagena, ideal para estad\u00edas prolongadas. A solo una cuadra de la playa, con piscina en la terraza, wifi gratuito y cocina completa.\u200b","og_url":"https:\/\/aventureros360.com.co\/en\/tienda\/promociones-combos\/apartamento-privado\/","og_site_name":"Descubre Colombia con Aventureros 360","article_modified_time":"2026-01-02T20:38:00+00:00","og_image":[{"width":1300,"height":975,"url":"https:\/\/aventureros360.com.co\/wp-content\/uploads\/2025\/04\/viaje-a-cartagena-Apartamento-Privado-foto-1-con-Aventureros360.jpg","type":"image\/jpeg"}],"twitter_card":"summary_large_image","twitter_misc":{"Est. reading time":"2 minutes"},"schema":{"@context":"https:\/\/schema.org","@graph":[{"@type":"WebPage","@id":"https:\/\/aventureros360.com.co\/tienda\/promociones-combos\/apartamento-privado\/","url":"https:\/\/aventureros360.com.co\/tienda\/promociones-combos\/apartamento-privado\/","name":"Apartamento Privado - Descubre Colombia con Aventureros 360","isPartOf":{"@id":"https:\/\/aventureros360.com.co\/#website"},"primaryImageOfPage":{"@id":"https:\/\/aventureros360.com.co\/tienda\/promociones-combos\/apartamento-privado\/#primaryimage"},"image":{"@id":"https:\/\/aventureros360.com.co\/tienda\/promociones-combos\/apartamento-privado\/#primaryimage"},"thumbnailUrl":"https:\/\/aventureros360.com.co\/wp-content\/uploads\/2025\/04\/viaje-a-cartagena-Apartamento-Privado-foto-1-con-Aventureros360.jpg","datePublished":"2025-04-27T14:47:16+00:00","dateModified":"2026-01-02T20:38:00+00:00","description":"Descubre Luis del Mar, un apartamento en El Laguito, Cartagena, ideal para estad\u00edas prolongadas. A solo una cuadra de la playa, con piscina en la terraza, wifi gratuito y cocina completa.\u200b","breadcrumb":{"@id":"https:\/\/aventureros360.com.co\/tienda\/promociones-combos\/apartamento-privado\/#breadcrumb"},"inLanguage":"en-US","potentialAction":[{"@type":"ReadAction","target":["https:\/\/aventureros360.com.co\/tienda\/promociones-combos\/apartamento-privado\/"]}]},{"@type":"ImageObject","inLanguage":"en-US","@id":"https:\/\/aventureros360.com.co\/tienda\/promociones-combos\/apartamento-privado\/#primaryimage","url":"https:\/\/aventureros360.com.co\/wp-content\/uploads\/2025\/04\/viaje-a-cartagena-Apartamento-Privado-foto-1-con-Aventureros360.jpg","contentUrl":"https:\/\/aventureros360.com.co\/wp-content\/uploads\/2025\/04\/viaje-a-cartagena-Apartamento-Privado-foto-1-con-Aventureros360.jpg","width":1300,"height":975},{"@type":"BreadcrumbList","@id":"https:\/\/aventureros360.com.co\/tienda\/promociones-combos\/apartamento-privado\/#breadcrumb","itemListElement":[{"@type":"ListItem","position":1,"name":"Portada","item":"https:\/\/aventureros360.com.co\/"},{"@type":"ListItem","position":2,"name":"Destinos en Colombia","item":"https:\/\/aventureros360.com.co\/tienda\/"},{"@type":"ListItem","position":3,"name":"Apartamento Privado"}]},{"@type":"WebSite","@id":"https:\/\/aventureros360.com.co\/#website","url":"https:\/\/aventureros360.com.co\/","name":"Descubre Colombia con Aventureros 360","description":"Reserva las mejores experiencias para tu viaje a Colombia","publisher":{"@id":"https:\/\/aventureros360.com.co\/#organization"},"potentialAction":[{"@type":"SearchAction","target":{"@type":"EntryPoint","urlTemplate":"https:\/\/aventureros360.com.co\/?s={search_term_string}"},"query-input":{"@type":"PropertyValueSpecification","valueRequired":true,"valueName":"search_term_string"}}],"inLanguage":"en-US"},{"@type":"Organization","@id":"https:\/\/aventureros360.com.co\/#organization","name":"Descubre Colombia con Aventureros 360","url":"https:\/\/aventureros360.com.co\/","logo":{"@type":"ImageObject","inLanguage":"en-US","@id":"https:\/\/aventureros360.com.co\/#\/schema\/logo\/image\/","url":"https:\/\/aventureros360.com.co\/wp-content\/uploads\/2025\/02\/Aventureros-360-png-700x700-1.png","contentUrl":"https:\/\/aventureros360.com.co\/wp-content\/uploads\/2025\/02\/Aventureros-360-png-700x700-1.png","width":700,"height":700,"caption":"Descubre Colombia con Aventureros 360"},"image":{"@id":"https:\/\/aventureros360.com.co\/#\/schema\/logo\/image\/"}}]}},"uagb_featured_image_src":{"full":["https:\/\/aventureros360.com.co\/wp-content\/uploads\/2025\/04\/viaje-a-cartagena-Apartamento-Privado-foto-1-con-Aventureros360.jpg",1300,975,false],"thumbnail":["https:\/\/aventureros360.com.co\/wp-content\/uploads\/2025\/04\/viaje-a-cartagena-Apartamento-Privado-foto-1-con-Aventureros360-150x150.jpg",150,150,true],"medium":["https:\/\/aventureros360.com.co\/wp-content\/uploads\/2025\/04\/viaje-a-cartagena-Apartamento-Privado-foto-1-con-Aventureros360-300x225.jpg",300,225,true],"medium_large":["https:\/\/aventureros360.com.co\/wp-content\/uploads\/2025\/04\/viaje-a-cartagena-Apartamento-Privado-foto-1-con-Aventureros360-768x576.jpg",768,576,true],"large":["https:\/\/aventureros360.com.co\/wp-content\/uploads\/2025\/04\/viaje-a-cartagena-Apartamento-Privado-foto-1-con-Aventureros360-1024x768.jpg",1024,768,true],"1536x1536":["https:\/\/aventureros360.com.co\/wp-content\/uploads\/2025\/04\/viaje-a-cartagena-Apartamento-Privado-foto-1-con-Aventureros360.jpg",1300,975,false],"2048x2048":["https:\/\/aventureros360.com.co\/wp-content\/uploads\/2025\/04\/viaje-a-cartagena-Apartamento-Privado-foto-1-con-Aventureros360.jpg",1300,975,false],"trp-custom-language-flag":["https:\/\/aventureros360.com.co\/wp-content\/uploads\/2025\/04\/viaje-a-cartagena-Apartamento-Privado-foto-1-con-Aventureros360-16x12.jpg",16,12,true],"woocommerce_archive_thumbnail":["https:\/\/aventureros360.com.co\/wp-content\/uploads\/2025\/04\/viaje-a-cartagena-Apartamento-Privado-foto-1-con-Aventureros360-300x225.jpg",300,225,true],"woocommerce_thumbnail":["https:\/\/aventureros360.com.co\/wp-content\/uploads\/2025\/04\/viaje-a-cartagena-Apartamento-Privado-foto-1-con-Aventureros360-300x300.jpg",300,300,true],"woocommerce_single":["https:\/\/aventureros360.com.co\/wp-content\/uploads\/2025\/04\/viaje-a-cartagena-Apartamento-Privado-foto-1-con-Aventureros360-600x450.jpg",600,450,true],"woocommerce_gallery_thumbnail":["https:\/\/aventureros360.com.co\/wp-content\/uploads\/2025\/04\/viaje-a-cartagena-Apartamento-Privado-foto-1-con-Aventureros360-100x100.jpg",100,100,true]},"uagb_author_info":{"display_name":"admin","author_link":"https:\/\/aventureros360.com.co\/en\/author\/"},"uagb_comment_info":0,"uagb_excerpt":"\ud83c\udfd6\ufe0f Escapada Ideal en Cartagena Ubicado en la pen\u00ednsula de El Laguito, Luis del Mar es un apartamento perfecto para estad\u00edas prolongadas en Cartagena. A tan solo una cuadra de la playa y a 5 kil\u00f3metros del centro hist\u00f3rico, ofrece una ubicaci\u00f3n estrat\u00e9gica para disfrutar de la ciudad. El Aeropuerto Internacional Rafael N\u00fa\u00f1ez se encuentra&hellip;","_links":{"self":[{"href":"https:\/\/aventureros360.com.co\/en\/wp-json\/wp\/v2\/product\/11578","targetHints":{"allow":["GET"]}}],"collection":[{"href":"https:\/\/aventureros360.com.co\/en\/wp-json\/wp\/v2\/product"}],"about":[{"href":"https:\/\/aventureros360.com.co\/en\/wp-json\/wp\/v2\/types\/product"}],"wp:featuredmedia":[{"embeddable":true,"href":"https:\/\/aventureros360.com.co\/en\/wp-json\/wp\/v2\/media\/11579"}],"wp:attachment":[{"href":"https:\/\/aventureros360.com.co\/en\/wp-json\/wp\/v2\/media?parent=11578"}],"wp:term":[{"taxonomy":"product_brand","embeddable":true,"href":"https:\/\/aventureros360.com.co\/en\/wp-json\/wp\/v2\/product_brand?post=11578"},{"taxonomy":"product_cat","embeddable":true,"href":"https:\/\/aventureros360.com.co\/en\/wp-json\/wp\/v2\/product_cat?post=11578"},{"taxonomy":"product_tag","embeddable":true,"href":"https:\/\/aventureros360.com.co\/en\/wp-json\/wp\/v2\/product_tag?post=11578"}],"curies":[{"name":"wp","href":"https:\/\/api.w.org\/{rel}","templated":true}]}}