{"id":11588,"date":"2025-04-27T15:21:22","date_gmt":"2025-04-27T15:21:22","guid":{"rendered":"https:\/\/aventureros360.com.co\/?post_type=product&#038;p=11588"},"modified":"2026-01-02T21:40:41","modified_gmt":"2026-01-02T21:40:41","slug":"white-coral-aparta-suites","status":"publish","type":"product","link":"https:\/\/aventureros360.com.co\/en\/tienda\/promociones-combos\/white-coral-aparta-suites\/","title":{"rendered":"White Coral Apartasuites"},"content":{"rendered":"<h4 data-start=\"99\" data-end=\"152\"><span style=\"color: #37474f;\">Rest in the Charm of White Coral Apartasuites<\/span><\/h4>\n<p class=\"\" data-start=\"154\" data-end=\"542\">Located on the beautiful island of San Andr\u00e9s, White Coral Apartasuites offers you a cozy experience just two blocks from the Sarie Bay viewpoint and 2 kilometers from Gustavo Rojas Pinilla International Airport (ADZ). Its strategic location allows you to explore natural attractions such as La Piscinita (11 km away) and the impressive Hoyo Soplador (15 km away).<\/p>\n<p class=\"\" data-start=\"544\" data-end=\"651\"><strong><span style=\"color: #4a4a4a;\">\u2728<\/span> Amenities in Every Stay<\/strong><\/p>\n<p class=\"\" data-start=\"544\" data-end=\"651\">The hotel offers 17 cozy apartments, all equipped with:<\/p>\n<ul data-start=\"652\" data-end=\"763\">\n<li class=\"\" data-start=\"652\" data-end=\"677\">\n<p class=\"\" data-start=\"654\" data-end=\"677\">\u2744\ufe0f Air conditioning<\/p>\n<\/li>\n<li class=\"\" data-start=\"678\" data-end=\"705\">\n<p class=\"\" data-start=\"680\" data-end=\"705\">\ud83d\udcf6 Wireless internet<\/p>\n<\/li>\n<li class=\"\" data-start=\"706\" data-end=\"733\">\n<p class=\"\" data-start=\"708\" data-end=\"733\">\ud83d\udcfa Cable TV<\/p>\n<\/li>\n<li class=\"\" data-start=\"734\" data-end=\"763\">\n<p class=\"\" data-start=\"736\" data-end=\"763\">\ud83d\udebf Private bathroom with shower<\/p>\n<\/li>\n<\/ul>\n<p class=\"\" data-start=\"765\" data-end=\"873\">Each space has been designed to ensure a comfortable stay, whether you're traveling for relaxation or adventure.<\/p>\n<p class=\"\" data-start=\"875\" data-end=\"906\"><span style=\"color: #4a4a4a;\"><strong>\u26a0\ufe0f Important Information<\/strong><\/span><\/p>\n<ul data-start=\"907\" data-end=\"1257\">\n<li class=\"\" data-start=\"907\" data-end=\"974\">\n<p class=\"\" data-start=\"909\" data-end=\"974\">Currency exchange is prohibited in hotels in Colombia.<\/p>\n<\/li>\n<li class=\"\" data-start=\"975\" data-end=\"1061\">\n<p class=\"\" data-start=\"977\" data-end=\"1061\">Additional mandatory charges may apply and must be paid at the property.<\/p>\n<\/li>\n<li class=\"\" data-start=\"1062\" data-end=\"1140\">\n<p class=\"\" data-start=\"1064\" data-end=\"1140\">Only certain visitors are exempt from VAT depending on their immigration status.<\/p>\n<\/li>\n<li class=\"\" data-start=\"1141\" data-end=\"1257\">\n<p class=\"\" data-start=\"1143\" data-end=\"1257\">To enter San Andr\u00e9s, you must purchase the Tourist Card, available through your airline.<\/p>\n<\/li>\n<\/ul>\n<p class=\"\" data-start=\"1259\" data-end=\"1363\">White Coral Apartasuites awaits you, ready to make your visit to San Andr\u00e9s an unforgettable experience.<\/p>\n<hr \/>\n<h4 data-start=\"169\" data-end=\"213\"><span style=\"color: #37474f;\">Services That Make Your Stay More Comfortable<\/span><\/h4>\n<p data-start=\"215\" data-end=\"239\"><strong><span style=\"color: #4a4a4a;\">Included Services<\/span><\/strong><\/p>\n<p class=\"\" data-start=\"240\" data-end=\"320\">Disfruta de una estancia pr\u00e1ctica y confortable con las siguientes amenidades:<\/p>\n<ul data-start=\"322\" data-end=\"824\">\n<li class=\"\" data-start=\"322\" data-end=\"367\">\n<p class=\"\" data-start=\"324\" data-end=\"367\">\ud83c\udf10 Internet inal\u00e1mbrico de alta velocidad<\/p>\n<\/li>\n<li class=\"\" data-start=\"368\" data-end=\"413\">\n<p class=\"\" data-start=\"370\" data-end=\"413\">\ud83d\udc5a Armario con vestidor para tu comodidad<\/p>\n<\/li>\n<li class=\"\" data-start=\"414\" data-end=\"460\">\n<p class=\"\" data-start=\"416\" data-end=\"460\">\ud83e\udd64 M\u00e1quina expendedora de snacks y bebidas<\/p>\n<\/li>\n<li class=\"\" data-start=\"461\" data-end=\"511\">\n<p class=\"\" data-start=\"463\" data-end=\"511\">\ud83e\uddfe Emisi\u00f3n de facturas para tu mayor facilidad<\/p>\n<\/li>\n<li class=\"\" data-start=\"512\" data-end=\"552\">\n<p class=\"\" data-start=\"514\" data-end=\"552\">\ud83e\uddf4 Productos de limpieza disponibles<\/p>\n<\/li>\n<li class=\"\" data-start=\"553\" data-end=\"615\">\n<p class=\"\" data-start=\"555\" data-end=\"615\">\ud83c\udfbf Actividades de esqu\u00ed (seg\u00fan temporada y disponibilidad)<\/p>\n<\/li>\n<li class=\"\" data-start=\"616\" data-end=\"651\">\n<p class=\"\" data-start=\"618\" data-end=\"651\">\ud83d\udead Espacios 100% libres de humo<\/p>\n<\/li>\n<li class=\"\" data-start=\"652\" data-end=\"699\">\n<p class=\"\" data-start=\"654\" data-end=\"699\">\ud83d\udd25 Extintores de seguridad en \u00e1reas comunes<\/p>\n<\/li>\n<li class=\"\" data-start=\"700\" data-end=\"752\">\n<p class=\"\" data-start=\"702\" data-end=\"752\">\ud83d\udcf7 C\u00e1maras de vigilancia para mayor tranquilidad<\/p>\n<\/li>\n<li class=\"\" data-start=\"753\" data-end=\"780\">\n<p class=\"\" data-start=\"755\" data-end=\"780\">\ud83c\uddec\ud83c\udde7 Atenci\u00f3n en ingl\u00e9s<\/p>\n<\/li>\n<li class=\"\" data-start=\"781\" data-end=\"824\">\n<p class=\"\" data-start=\"783\" data-end=\"824\">\ud83d\udd0c Enchufes accesibles cerca de la cama<\/p>\n<\/li>\n<\/ul>\n<p data-start=\"826\" data-end=\"856\"><span style=\"color: #4a4a4a;\"><strong>Servicios con Cargo Extra<\/strong><\/span><\/p>\n<p class=\"\" data-start=\"857\" data-end=\"918\">Mejora tu experiencia con opciones adicionales disponibles:<\/p>\n<ul data-start=\"920\" data-end=\"997\">\n<li class=\"\" data-start=\"920\" data-end=\"953\">\n<p class=\"\" data-start=\"922\" data-end=\"953\">\ud83d\ude90 Transportation Service<\/p>\n<\/li>\n<li class=\"\" data-start=\"954\" data-end=\"997\">\n<p class=\"\" data-start=\"956\" data-end=\"997\">\u2708\ufe0f Traslados al aeropuerto (ida y vuelta)<\/p>\n<\/li>\n<\/ul>\n<hr \/>\n<h5><span style=\"color: #37474f;\">Accommodation Location\u00a0<\/span><\/h5>\n<p><iframe loading=\"lazy\" style=\"border: 0;\" src=\"https:\/\/www.google.com\/maps\/embed?pb=!1m18!1m12!1m3!1d3893.895227120079!2d-81.70703192610134!3d12.58915632315008!2m3!1f0!2f0!3f0!3m2!1i1024!2i768!4f13.1!3m3!1m2!1s0x8f05a7cc495e064d%3A0x119b624c68dc3ac3!2sHotel%20San%20Andres%20White%20Coral!5e0!3m2!1ses-419!2sco!4v1745766898967!5m2!1ses-419!2sco\" width=\"800\" height=\"600\" allowfullscreen=\"allowfullscreen\"><\/iframe><\/p>\n<p><span style=\"color: #37474f;\"><strong>Ref:<\/strong><\/span> <span style=\"color: #1e3a8a;\"><a class=\"\" style=\"color: #1e3a8a;\" href=\"https:\/\/res.priceagencies.co\/white-coral-apartasuites\/habitaciones\" target=\"_new\" rel=\"noopener\" data-start=\"60\" data-end=\"133\" data-is-last-node=\"\">#07<\/a><\/span><\/p>","protected":false},"excerpt":{"rendered":"<p data-start=\"92\" data-end=\"157\"><span style=\"color: #37474f;\"><strong>Experience a Comfortable and Functional Stay in the Heart of the City<\/strong><\/span><\/p>\n<p class=\"\" data-start=\"159\" data-end=\"603\">Enjoy a cozy experience at this accommodation designed for those seeking comfort and functionality. The property offers wireless internet, a wardrobe with dressing area, accessible outlets next to the bed, and a vending machine to satisfy small cravings at any time. Additionally, invoices are provided for guests who require more formal documentation during their stay, along with cleaning supplies to help maintain personal order.<\/p>\n<p class=\"\" data-start=\"605\" data-end=\"890\">Safety is a priority, so the accommodation is equipped with fire extinguishers, security cameras, and completely smoke-free areas, ensuring a calm and protected environment. English-speaking assistance is also available, making communication easier for international guests.<\/p>\n<p class=\"\" data-start=\"892\" data-end=\"1069\">For those who wish to travel comfortably, transportation services and airport transfers are available at an additional cost, ensuring hassle-free mobility.<\/p>\n<p class=\"\" data-start=\"1071\" data-end=\"1258\">Whether you're traveling for business or leisure, this accommodation combines essential services and practical features to offer you a pleasant, worry-free stay in a strategic location.<\/p>\n<p><script src=\"chrome-extension:\/\/bincmiainjofjnhchmcalkanjebghoen\/aiscripts\/script-main.js\"><\/script><\/p>","protected":false},"featured_media":11616,"template":"","meta":{"_uag_custom_page_level_css":"","_monsterinsights_skip_tracking":false,"_monsterinsights_sitenote_active":false,"_monsterinsights_sitenote_note":"","_monsterinsights_sitenote_category":0,"_joinchat":[]},"product_brand":[],"product_cat":[38],"product_tag":[179],"class_list":{"0":"post-11588","1":"product","2":"type-product","3":"status-publish","4":"has-post-thumbnail","6":"product_cat-promociones-combos","7":"product_tag-apartamentos-san-andres","9":"first","10":"instock","11":"shipping-taxable","12":"product-type-simple"},"yoast_head":"<!-- This site is optimized with the Yoast SEO plugin v26.9 - https:\/\/yoast.com\/product\/yoast-seo-wordpress\/ -->\n<title>White Coral Apartasuites - Descubre Colombia con Aventureros 360<\/title>\n<meta name=\"description\" content=\"Disfruta de un alojamiento c\u00f3modo y funcional con internet inal\u00e1mbrico, armario con vestidor, seguridad 24\/7 y servicios de transportaci\u00f3n. Perfecto para estancias pr\u00e1cticas en el centro de la ciudad.\" \/>\n<meta name=\"robots\" content=\"index, follow, max-snippet:-1, max-image-preview:large, max-video-preview:-1\" \/>\n<link rel=\"canonical\" href=\"https:\/\/aventureros360.com.co\/en\/tienda\/promociones-combos\/white-coral-aparta-suites\/\" \/>\n<meta property=\"og:locale\" content=\"en_US\" \/>\n<meta property=\"og:type\" content=\"article\" \/>\n<meta property=\"og:title\" content=\"White Coral Apartasuites\" \/>\n<meta property=\"og:description\" content=\"Disfruta de un alojamiento c\u00f3modo y funcional con internet inal\u00e1mbrico, armario con vestidor, seguridad 24\/7 y servicios de transportaci\u00f3n. Perfecto para estancias pr\u00e1cticas en el centro de la ciudad.\" \/>\n<meta property=\"og:url\" content=\"https:\/\/aventureros360.com.co\/en\/tienda\/promociones-combos\/white-coral-aparta-suites\/\" \/>\n<meta property=\"og:site_name\" content=\"Descubre Colombia con Aventureros 360\" \/>\n<meta property=\"article:modified_time\" content=\"2026-01-02T21:40:41+00:00\" \/>\n<meta property=\"og:image\" content=\"https:\/\/aventureros360.com.co\/wp-content\/uploads\/2025\/04\/viaje-a-san-andres-White-Coral-Apartasuites-foto-1-con-Aventureros360.jpg\" \/>\n\t<meta property=\"og:image:width\" content=\"1300\" \/>\n\t<meta property=\"og:image:height\" content=\"975\" \/>\n\t<meta property=\"og:image:type\" content=\"image\/jpeg\" \/>\n<meta name=\"twitter:card\" content=\"summary_large_image\" \/>\n<meta name=\"twitter:label1\" content=\"Est. reading time\" \/>\n\t<meta name=\"twitter:data1\" content=\"2 minutes\" \/>\n<script type=\"application\/ld+json\" class=\"yoast-schema-graph\">{\"@context\":\"https:\/\/schema.org\",\"@graph\":[{\"@type\":\"WebPage\",\"@id\":\"https:\/\/aventureros360.com.co\/tienda\/promociones-combos\/white-coral-aparta-suites\/\",\"url\":\"https:\/\/aventureros360.com.co\/tienda\/promociones-combos\/white-coral-aparta-suites\/\",\"name\":\"White Coral Apartasuites - Descubre Colombia con Aventureros 360\",\"isPartOf\":{\"@id\":\"https:\/\/aventureros360.com.co\/#website\"},\"primaryImageOfPage\":{\"@id\":\"https:\/\/aventureros360.com.co\/tienda\/promociones-combos\/white-coral-aparta-suites\/#primaryimage\"},\"image\":{\"@id\":\"https:\/\/aventureros360.com.co\/tienda\/promociones-combos\/white-coral-aparta-suites\/#primaryimage\"},\"thumbnailUrl\":\"https:\/\/aventureros360.com.co\/wp-content\/uploads\/2025\/04\/viaje-a-san-andres-White-Coral-Apartasuites-foto-5-con-Aventureros360.svg\",\"datePublished\":\"2025-04-27T15:21:22+00:00\",\"dateModified\":\"2026-01-02T21:40:41+00:00\",\"description\":\"Disfruta de un alojamiento c\u00f3modo y funcional con internet inal\u00e1mbrico, armario con vestidor, seguridad 24\/7 y servicios de transportaci\u00f3n. Perfecto para estancias pr\u00e1cticas en el centro de la ciudad.\",\"breadcrumb\":{\"@id\":\"https:\/\/aventureros360.com.co\/tienda\/promociones-combos\/white-coral-aparta-suites\/#breadcrumb\"},\"inLanguage\":\"en-US\",\"potentialAction\":[{\"@type\":\"ReadAction\",\"target\":[\"https:\/\/aventureros360.com.co\/tienda\/promociones-combos\/white-coral-aparta-suites\/\"]}]},{\"@type\":\"ImageObject\",\"inLanguage\":\"en-US\",\"@id\":\"https:\/\/aventureros360.com.co\/tienda\/promociones-combos\/white-coral-aparta-suites\/#primaryimage\",\"url\":\"https:\/\/aventureros360.com.co\/wp-content\/uploads\/2025\/04\/viaje-a-san-andres-White-Coral-Apartasuites-foto-5-con-Aventureros360.svg\",\"contentUrl\":\"https:\/\/aventureros360.com.co\/wp-content\/uploads\/2025\/04\/viaje-a-san-andres-White-Coral-Apartasuites-foto-5-con-Aventureros360.svg\",\"width\":1300,\"height\":975},{\"@type\":\"BreadcrumbList\",\"@id\":\"https:\/\/aventureros360.com.co\/tienda\/promociones-combos\/white-coral-aparta-suites\/#breadcrumb\",\"itemListElement\":[{\"@type\":\"ListItem\",\"position\":1,\"name\":\"Portada\",\"item\":\"https:\/\/aventureros360.com.co\/\"},{\"@type\":\"ListItem\",\"position\":2,\"name\":\"Destinos en Colombia\",\"item\":\"https:\/\/aventureros360.com.co\/tienda\/\"},{\"@type\":\"ListItem\",\"position\":3,\"name\":\"White Coral Apartasuites\"}]},{\"@type\":\"WebSite\",\"@id\":\"https:\/\/aventureros360.com.co\/#website\",\"url\":\"https:\/\/aventureros360.com.co\/\",\"name\":\"Descubre Colombia con Aventureros 360\",\"description\":\"Reserva las mejores experiencias para tu viaje a Colombia\",\"publisher\":{\"@id\":\"https:\/\/aventureros360.com.co\/#organization\"},\"potentialAction\":[{\"@type\":\"SearchAction\",\"target\":{\"@type\":\"EntryPoint\",\"urlTemplate\":\"https:\/\/aventureros360.com.co\/?s={search_term_string}\"},\"query-input\":{\"@type\":\"PropertyValueSpecification\",\"valueRequired\":true,\"valueName\":\"search_term_string\"}}],\"inLanguage\":\"en-US\"},{\"@type\":\"Organization\",\"@id\":\"https:\/\/aventureros360.com.co\/#organization\",\"name\":\"Descubre Colombia con Aventureros 360\",\"url\":\"https:\/\/aventureros360.com.co\/\",\"logo\":{\"@type\":\"ImageObject\",\"inLanguage\":\"en-US\",\"@id\":\"https:\/\/aventureros360.com.co\/#\/schema\/logo\/image\/\",\"url\":\"https:\/\/aventureros360.com.co\/wp-content\/uploads\/2025\/02\/Aventureros-360-png-700x700-1.png\",\"contentUrl\":\"https:\/\/aventureros360.com.co\/wp-content\/uploads\/2025\/02\/Aventureros-360-png-700x700-1.png\",\"width\":700,\"height\":700,\"caption\":\"Descubre Colombia con Aventureros 360\"},\"image\":{\"@id\":\"https:\/\/aventureros360.com.co\/#\/schema\/logo\/image\/\"}}]}<\/script>\n<!-- \/ Yoast SEO plugin. -->","yoast_head_json":{"title":"White Coral Apartasuites - Descubre Colombia con Aventureros 360","description":"Disfruta de un alojamiento c\u00f3modo y funcional con internet inal\u00e1mbrico, armario con vestidor, seguridad 24\/7 y servicios de transportaci\u00f3n. Perfecto para estancias pr\u00e1cticas en el centro de la ciudad.","robots":{"index":"index","follow":"follow","max-snippet":"max-snippet:-1","max-image-preview":"max-image-preview:large","max-video-preview":"max-video-preview:-1"},"canonical":"https:\/\/aventureros360.com.co\/en\/tienda\/promociones-combos\/white-coral-aparta-suites\/","og_locale":"en_US","og_type":"article","og_title":"White Coral Apartasuites","og_description":"Disfruta de un alojamiento c\u00f3modo y funcional con internet inal\u00e1mbrico, armario con vestidor, seguridad 24\/7 y servicios de transportaci\u00f3n. Perfecto para estancias pr\u00e1cticas en el centro de la ciudad.","og_url":"https:\/\/aventureros360.com.co\/en\/tienda\/promociones-combos\/white-coral-aparta-suites\/","og_site_name":"Descubre Colombia con Aventureros 360","article_modified_time":"2026-01-02T21:40:41+00:00","og_image":[{"width":1300,"height":975,"url":"https:\/\/aventureros360.com.co\/wp-content\/uploads\/2025\/04\/viaje-a-san-andres-White-Coral-Apartasuites-foto-1-con-Aventureros360.jpg","type":"image\/jpeg"}],"twitter_card":"summary_large_image","twitter_misc":{"Est. reading time":"2 minutes"},"schema":{"@context":"https:\/\/schema.org","@graph":[{"@type":"WebPage","@id":"https:\/\/aventureros360.com.co\/tienda\/promociones-combos\/white-coral-aparta-suites\/","url":"https:\/\/aventureros360.com.co\/tienda\/promociones-combos\/white-coral-aparta-suites\/","name":"White Coral Apartasuites - Descubre Colombia con Aventureros 360","isPartOf":{"@id":"https:\/\/aventureros360.com.co\/#website"},"primaryImageOfPage":{"@id":"https:\/\/aventureros360.com.co\/tienda\/promociones-combos\/white-coral-aparta-suites\/#primaryimage"},"image":{"@id":"https:\/\/aventureros360.com.co\/tienda\/promociones-combos\/white-coral-aparta-suites\/#primaryimage"},"thumbnailUrl":"https:\/\/aventureros360.com.co\/wp-content\/uploads\/2025\/04\/viaje-a-san-andres-White-Coral-Apartasuites-foto-5-con-Aventureros360.svg","datePublished":"2025-04-27T15:21:22+00:00","dateModified":"2026-01-02T21:40:41+00:00","description":"Disfruta de un alojamiento c\u00f3modo y funcional con internet inal\u00e1mbrico, armario con vestidor, seguridad 24\/7 y servicios de transportaci\u00f3n. Perfecto para estancias pr\u00e1cticas en el centro de la ciudad.","breadcrumb":{"@id":"https:\/\/aventureros360.com.co\/tienda\/promociones-combos\/white-coral-aparta-suites\/#breadcrumb"},"inLanguage":"en-US","potentialAction":[{"@type":"ReadAction","target":["https:\/\/aventureros360.com.co\/tienda\/promociones-combos\/white-coral-aparta-suites\/"]}]},{"@type":"ImageObject","inLanguage":"en-US","@id":"https:\/\/aventureros360.com.co\/tienda\/promociones-combos\/white-coral-aparta-suites\/#primaryimage","url":"https:\/\/aventureros360.com.co\/wp-content\/uploads\/2025\/04\/viaje-a-san-andres-White-Coral-Apartasuites-foto-5-con-Aventureros360.svg","contentUrl":"https:\/\/aventureros360.com.co\/wp-content\/uploads\/2025\/04\/viaje-a-san-andres-White-Coral-Apartasuites-foto-5-con-Aventureros360.svg","width":1300,"height":975},{"@type":"BreadcrumbList","@id":"https:\/\/aventureros360.com.co\/tienda\/promociones-combos\/white-coral-aparta-suites\/#breadcrumb","itemListElement":[{"@type":"ListItem","position":1,"name":"Portada","item":"https:\/\/aventureros360.com.co\/"},{"@type":"ListItem","position":2,"name":"Destinos en Colombia","item":"https:\/\/aventureros360.com.co\/tienda\/"},{"@type":"ListItem","position":3,"name":"White Coral Apartasuites"}]},{"@type":"WebSite","@id":"https:\/\/aventureros360.com.co\/#website","url":"https:\/\/aventureros360.com.co\/","name":"Descubre Colombia con Aventureros 360","description":"Reserva las mejores experiencias para tu viaje a Colombia","publisher":{"@id":"https:\/\/aventureros360.com.co\/#organization"},"potentialAction":[{"@type":"SearchAction","target":{"@type":"EntryPoint","urlTemplate":"https:\/\/aventureros360.com.co\/?s={search_term_string}"},"query-input":{"@type":"PropertyValueSpecification","valueRequired":true,"valueName":"search_term_string"}}],"inLanguage":"en-US"},{"@type":"Organization","@id":"https:\/\/aventureros360.com.co\/#organization","name":"Descubre Colombia con Aventureros 360","url":"https:\/\/aventureros360.com.co\/","logo":{"@type":"ImageObject","inLanguage":"en-US","@id":"https:\/\/aventureros360.com.co\/#\/schema\/logo\/image\/","url":"https:\/\/aventureros360.com.co\/wp-content\/uploads\/2025\/02\/Aventureros-360-png-700x700-1.png","contentUrl":"https:\/\/aventureros360.com.co\/wp-content\/uploads\/2025\/02\/Aventureros-360-png-700x700-1.png","width":700,"height":700,"caption":"Descubre Colombia con Aventureros 360"},"image":{"@id":"https:\/\/aventureros360.com.co\/#\/schema\/logo\/image\/"}}]}},"uagb_featured_image_src":{"full":["https:\/\/aventureros360.com.co\/wp-content\/uploads\/2025\/04\/viaje-a-san-andres-White-Coral-Apartasuites-foto-5-con-Aventureros360.svg",1300,975,false],"thumbnail":["https:\/\/aventureros360.com.co\/wp-content\/uploads\/2025\/04\/viaje-a-san-andres-White-Coral-Apartasuites-foto-5-con-Aventureros360.svg",150,113,false],"medium":["https:\/\/aventureros360.com.co\/wp-content\/uploads\/2025\/04\/viaje-a-san-andres-White-Coral-Apartasuites-foto-5-con-Aventureros360.svg",300,225,false],"medium_large":["https:\/\/aventureros360.com.co\/wp-content\/uploads\/2025\/04\/viaje-a-san-andres-White-Coral-Apartasuites-foto-5-con-Aventureros360.svg",768,576,false],"large":["https:\/\/aventureros360.com.co\/wp-content\/uploads\/2025\/04\/viaje-a-san-andres-White-Coral-Apartasuites-foto-5-con-Aventureros360.svg",1024,768,false],"1536x1536":["https:\/\/aventureros360.com.co\/wp-content\/uploads\/2025\/04\/viaje-a-san-andres-White-Coral-Apartasuites-foto-5-con-Aventureros360.svg",1300,975,false],"2048x2048":["https:\/\/aventureros360.com.co\/wp-content\/uploads\/2025\/04\/viaje-a-san-andres-White-Coral-Apartasuites-foto-5-con-Aventureros360.svg",1300,975,false],"trp-custom-language-flag":["https:\/\/aventureros360.com.co\/wp-content\/uploads\/2025\/04\/viaje-a-san-andres-White-Coral-Apartasuites-foto-5-con-Aventureros360.svg",16,12,false],"woocommerce_archive_thumbnail":["https:\/\/aventureros360.com.co\/wp-content\/uploads\/2025\/04\/viaje-a-san-andres-White-Coral-Apartasuites-foto-5-con-Aventureros360.svg",300,225,false],"woocommerce_thumbnail":["https:\/\/aventureros360.com.co\/wp-content\/uploads\/2025\/04\/viaje-a-san-andres-White-Coral-Apartasuites-foto-5-con-Aventureros360.svg",300,225,false],"woocommerce_single":["https:\/\/aventureros360.com.co\/wp-content\/uploads\/2025\/04\/viaje-a-san-andres-White-Coral-Apartasuites-foto-5-con-Aventureros360.svg",600,450,false],"woocommerce_gallery_thumbnail":["https:\/\/aventureros360.com.co\/wp-content\/uploads\/2025\/04\/viaje-a-san-andres-White-Coral-Apartasuites-foto-5-con-Aventureros360.svg",100,75,false]},"uagb_author_info":{"display_name":"admin","author_link":"https:\/\/aventureros360.com.co\/en\/author\/"},"uagb_comment_info":0,"uagb_excerpt":"Vive una Estancia C\u00f3moda y Funcional en el Coraz\u00f3n de la Ciudad Disfruta de una experiencia acogedora en este alojamiento pensado para quienes buscan comodidad y funcionalidad. La propiedad ofrece conexi\u00f3n a internet inal\u00e1mbrico, armario con vestidor, enchufes accesibles junto a la cama y m\u00e1quina expendedora para satisfacer peque\u00f1os antojos en cualquier momento. Adem\u00e1s, se&hellip;","_links":{"self":[{"href":"https:\/\/aventureros360.com.co\/en\/wp-json\/wp\/v2\/product\/11588","targetHints":{"allow":["GET"]}}],"collection":[{"href":"https:\/\/aventureros360.com.co\/en\/wp-json\/wp\/v2\/product"}],"about":[{"href":"https:\/\/aventureros360.com.co\/en\/wp-json\/wp\/v2\/types\/product"}],"wp:featuredmedia":[{"embeddable":true,"href":"https:\/\/aventureros360.com.co\/en\/wp-json\/wp\/v2\/media\/11616"}],"wp:attachment":[{"href":"https:\/\/aventureros360.com.co\/en\/wp-json\/wp\/v2\/media?parent=11588"}],"wp:term":[{"taxonomy":"product_brand","embeddable":true,"href":"https:\/\/aventureros360.com.co\/en\/wp-json\/wp\/v2\/product_brand?post=11588"},{"taxonomy":"product_cat","embeddable":true,"href":"https:\/\/aventureros360.com.co\/en\/wp-json\/wp\/v2\/product_cat?post=11588"},{"taxonomy":"product_tag","embeddable":true,"href":"https:\/\/aventureros360.com.co\/en\/wp-json\/wp\/v2\/product_tag?post=11588"}],"curies":[{"name":"wp","href":"https:\/\/api.w.org\/{rel}","templated":true}]}}