{"id":12204,"date":"2025-05-03T23:14:39","date_gmt":"2025-05-03T23:14:39","guid":{"rendered":"https:\/\/aventureros360.com.co\/?post_type=product&#038;p=12204"},"modified":"2026-04-20T23:51:49","modified_gmt":"2026-04-20T23:51:49","slug":"tour-del-cafe-en-antioquia","status":"publish","type":"product","link":"https:\/\/aventureros360.com.co\/en\/tienda\/medellin\/tours-experiencias-medellin\/tour-del-cafe-en-antioquia\/","title":{"rendered":"Coffee Tour in Antioquia"},"content":{"rendered":"<h4 data-start=\"213\" data-end=\"258\">\u2615 <span style=\"color: #37474f;\">Experiential Coffee Tour in Antioquia<\/span><\/h4>\n<p class=\"\" data-start=\"260\" data-end=\"860\"><span style=\"color: #4a4a4a;\">Discover the essence of Colombian coffee by visiting a traditional farm where you\u2019ll learn about the entire process\u2014from planting to the final preparation. Take part in interactive activities, enjoy the rural landscape, and connect with local farming culture in a fun and authentic way. This experience is perfect for travelers seeking authenticity, nature, and tradition all in one plan. Enjoy an unforgettable day among coffee plantations, traditional flavors, and direct contact with rural life. A rich and engaging tour that combines education, entertainment, and flavor in the heart of Antioquia.<\/span><\/p>\n<hr \/>\n<h4 data-start=\"151\" data-end=\"183\">\u2705 <span style=\"color: #37474f;\">What does this tour include?<\/span><\/h4>\n<p class=\"\" data-start=\"185\" data-end=\"1045\"><span style=\"color: #4a4a4a;\">\ud83e\udd58 <strong data-start=\"188\" data-end=\"235\">Traditional Antioquian lunch \u201cfiambre\u201d style<\/strong>, served in a plantain leaf and prepared with traditional ingredients<\/span><br \/>\n<br data-start=\"306\" data-end=\"309\" \/><span style=\"color: #4a4a4a;\">\ud83e\uddd1\u200d\ud83c\udfeb <strong data-start=\"315\" data-end=\"335\">Accompanying guide<\/strong>, so you can enjoy the experience with context, history, and recommendations<\/span><\/p>\n<p><span style=\"color: #4a4a4a;\">\ud83c\udf81 <strong data-start=\"417\" data-end=\"443\">Handcrafted souvenir<\/strong>, as a symbol of your coffee experience<\/span><br \/>\n<br data-start=\"496\" data-end=\"499\" \/><span style=\"color: #4a4a4a;\">\ud83c\udf70 <strong data-start=\"502\" data-end=\"519\">Traditional dessert<\/strong>, a sweet way to end the gastronomic tour<\/span><br \/>\n<br data-start=\"572\" data-end=\"575\" \/><span style=\"color: #4a4a4a;\">\u2615 <strong data-start=\"577\" data-end=\"600\">Coffee tasting<\/strong>, straight from the farm, roasted and served on the spot<\/span><br \/>\n<br data-start=\"657\" data-end=\"660\" \/><span style=\"color: #4a4a4a;\">\ud83e\udd64 <strong data-start=\"663\" data-end=\"691\">Snack and hydration<\/strong>, during the tour<\/span><br \/>\n<br data-start=\"713\" data-end=\"716\" \/><span style=\"color: #4a4a4a;\">\ud83d\udc55 <strong data-start=\"719\" data-end=\"743\">Traditional clothing provided<\/strong>, to immerse yourself in the cultural setting of the activity<\/span><br \/>\n<br data-start=\"796\" data-end=\"799\" \/><span style=\"color: #4a4a4a;\">\ud83d\udc34 <strong data-start=\"802\" data-end=\"835\">Horseback entrance to the farm<\/strong>, ideal for experiencing the rural atmosphere authentically<\/span><br \/>\n<br data-start=\"890\" data-end=\"893\" \/><span style=\"color: #4a4a4a;\">\ud83d\ude8c <strong data-start=\"896\" data-end=\"924\">Round-trip transportation<\/strong>, from Medell\u00edn in a comfortable, air-conditioned vehicle<\/span><br \/>\n<br data-start=\"973\" data-end=\"976\" \/><span style=\"color: #4a4a4a;\">\ud83d\udee1\ufe0f <strong data-start=\"980\" data-end=\"1004\">Assistance insurance<\/strong>, coverage throughout the entire experience<\/span><\/p>\n<hr \/>\n<h4 data-start=\"188\" data-end=\"220\">\u274c <span style=\"color: #37474f;\">What does this tour include?<\/span><\/h4>\n<p class=\"\" data-start=\"222\" data-end=\"375\"><span style=\"color: #4a4a4a;\">Although this experience is designed to offer you an authentic and enriching day, there are certain aspects not included in the package:<\/span><\/p>\n<p class=\"\" data-start=\"377\" data-end=\"458\"><span style=\"color: #4a4a4a;\">\ud83d\udcb5 <strong data-start=\"380\" data-end=\"401\">Personal expenses<\/strong>, such as purchases of local products or optional tips<\/span><\/p>\n<p class=\"\" data-start=\"460\" data-end=\"552\"><span style=\"color: #4a4a4a;\">\ud83c\udf7d\ufe0f <strong data-start=\"464\" data-end=\"499\">Additional food or drinks<\/strong>, that are not listed in the inclusions section<\/span><\/p>\n<p class=\"\" data-start=\"554\" data-end=\"614\"><span style=\"color: #4a4a4a;\">\ud83d\udcf8 <strong data-start=\"557\" data-end=\"592\">Photography or video services<\/strong>, during the tour<\/span><\/p>\n<p class=\"\" data-start=\"616\" data-end=\"708\"><span style=\"color: #4a4a4a;\">\ud83c\udf9f\ufe0f <strong data-start=\"620\" data-end=\"656\">Activities outside the itinerary<\/strong>, or services booked directly at the destination<\/span><\/p>\n<p class=\"\" data-start=\"710\" data-end=\"773\"><span style=\"color: #4a4a4a;\">\ud83e\uddf3 <strong data-start=\"713\" data-end=\"748\">Transportation from other cities<\/strong>, if you are not in Medell\u00edn<\/span><\/p>\n<p class=\"\" data-start=\"775\" data-end=\"881\"><span style=\"color: #4a4a4a;\">\ud83d\udeab <strong data-start=\"778\" data-end=\"846\">Date changes or modifications not communicated in advance<\/strong>, may incur additional costs<\/span><\/p>\n<hr \/>\n<h4 data-start=\"180\" data-end=\"214\">\ud83d\uddd3\ufe0f <span style=\"color: #37474f;\">Activity itinerary<\/span><\/h4>\n<p class=\"\" data-start=\"216\" data-end=\"306\"><span style=\"color: #4a4a4a;\">Explore step by step everything you will experience in this authentic Antioquian coffee adventure:<\/span><\/p>\n<h5 data-start=\"308\" data-end=\"469\"><a href=\"https:\/\/aventureros360.com.co\/wp-content\/uploads\/2025\/05\/Medellin-Tour-del-cafe-transporte-con-Aventureros360-1.svg\"><img loading=\"lazy\" decoding=\"async\" class=\"alignnone wp-image-12205\" src=\"https:\/\/aventureros360.com.co\/wp-content\/uploads\/2025\/05\/Medellin-Tour-del-cafe-transporte-con-Aventureros360-1.svg\" alt=\"\" width=\"411\" height=\"308\" \/><\/a><\/h5>\n<h5 data-start=\"308\" data-end=\"469\">\ud83d\udd57 <span style=\"color: #1e3a8a;\"><strong data-start=\"311\" data-end=\"348\">8:00 a.m. \u2013 Departure from Medell\u00edn<\/strong><\/span><\/h5>\n<p class=\"\" data-start=\"308\" data-end=\"469\"><span style=\"color: #4a4a4a;\">Assigned meeting point in the city. Board a comfortable, air-conditioned vehicle heading to the rural destination.<\/span><\/p>\n<hr \/>\n<h5 data-start=\"471\" data-end=\"691\"><a href=\"https:\/\/aventureros360.com.co\/wp-content\/uploads\/2025\/05\/Medellin-Tour-del-cafe-caballos-con-Aventureros360-1.svg\"><img loading=\"lazy\" decoding=\"async\" class=\"alignnone wp-image-12206\" src=\"https:\/\/aventureros360.com.co\/wp-content\/uploads\/2025\/05\/Medellin-Tour-del-cafe-caballos-con-Aventureros360-1.svg\" alt=\"\" width=\"411\" height=\"308\" \/><\/a><\/h5>\n<h5 data-start=\"471\" data-end=\"691\"><span style=\"color: #4a4a4a;\">\ud83d\udc0e<span style=\"color: #1e3a8a;\"> <strong data-start=\"474\" data-end=\"538\">10:00 a.m. \u2013 Arrival at the coffee farm and horseback entrance<\/strong><\/span><\/span><\/h5>\n<p class=\"\" data-start=\"471\" data-end=\"691\"><br data-start=\"538\" data-end=\"541\" \/><span style=\"color: #4a4a4a;\">Welcome tour on horseback to the farm\u2019s main entrance. Receive an introduction to the natural surroundings and the history of the place.<\/span><\/p>\n<hr \/>\n<h5 data-start=\"693\" data-end=\"856\"><a href=\"https:\/\/aventureros360.com.co\/wp-content\/uploads\/2025\/05\/Medellin-Tour-del-cafe-inmersion-con-Aventureros360-1.svg\"><img loading=\"lazy\" decoding=\"async\" class=\"alignnone wp-image-12207\" src=\"https:\/\/aventureros360.com.co\/wp-content\/uploads\/2025\/05\/Medellin-Tour-del-cafe-inmersion-con-Aventureros360-1.svg\" alt=\"\" width=\"411\" height=\"308\" \/><\/a><\/h5>\n<h5 data-start=\"693\" data-end=\"856\"><span style=\"color: #4a4a4a;\">\ud83c\udf31<span style=\"color: #1e3a8a;\"> <strong data-start=\"696\" data-end=\"731\">10:30 a.m. \u2013 Coffee immersion<\/strong><\/span><\/span><\/h5>\n<p class=\"\" data-start=\"693\" data-end=\"856\"><br data-start=\"731\" data-end=\"734\" \/><span style=\"color: #4a4a4a;\">Participate in the full coffee process: from planting and harvesting the beans to drying and artisanal grinding.<\/span><\/p>\n<hr \/>\n<h5 data-start=\"858\" data-end=\"1011\"><a href=\"https:\/\/aventureros360.com.co\/wp-content\/uploads\/2025\/05\/Medellin-Tour-del-cafe-desgustacion-con-Aventureros360.svg\"><img loading=\"lazy\" decoding=\"async\" class=\"alignnone wp-image-12208\" src=\"https:\/\/aventureros360.com.co\/wp-content\/uploads\/2025\/05\/Medellin-Tour-del-cafe-desgustacion-con-Aventureros360.svg\" alt=\"\" width=\"411\" height=\"308\" \/><\/a><\/h5>\n<h5 data-start=\"858\" data-end=\"1011\"><span style=\"color: #4a4a4a;\">\u2615<span style=\"color: #1e3a8a;\"> <strong data-start=\"860\" data-end=\"912\">12:00 p.m. \u2013 Coffee tasting and traditional dessert<\/strong><\/span><\/span><\/h5>\n<p class=\"\" data-start=\"858\" data-end=\"1011\"><br data-start=\"912\" data-end=\"915\" \/><span style=\"color: #4a4a4a;\">Enjoy a tasting led by local coffee farmers, accompanied by a delicious traditional dessert.<\/span><\/p>\n<hr \/>\n<h5 data-start=\"1013\" data-end=\"1180\"><a href=\"https:\/\/aventureros360.com.co\/wp-content\/uploads\/2025\/05\/Medellin-Tour-del-cafe-almuerzo-con-Aventureros360.svg\"><img loading=\"lazy\" decoding=\"async\" class=\"alignnone wp-image-12209\" src=\"https:\/\/aventureros360.com.co\/wp-content\/uploads\/2025\/05\/Medellin-Tour-del-cafe-almuerzo-con-Aventureros360.svg\" alt=\"\" width=\"411\" height=\"308\" \/><\/a><\/h5>\n<h5 data-start=\"1013\" data-end=\"1180\"><span style=\"color: #4a4a4a;\">\ud83e\udd58 <span style=\"color: #1e3a8a;\"><strong data-start=\"1016\" data-end=\"1068\">1:00 p.m. \u2013 Traditional Antioquian lunch \u201cFiambre\u201d<\/strong><\/span><\/span><\/h5>\n<p class=\"\" data-start=\"1013\" data-end=\"1180\"><br data-start=\"1068\" data-end=\"1071\" \/><span style=\"color: #4a4a4a;\">Savor one of the most traditional dishes, served in a plantain leaf and accompanied by local beverages.<\/span><\/p>\n<hr \/>\n<h5 data-start=\"1182\" data-end=\"1375\"><a href=\"https:\/\/aventureros360.com.co\/wp-content\/uploads\/2025\/05\/Medellin-Tour-del-cafe-almuerzo-con-Aventureros360-1-1.svg\"><img loading=\"lazy\" decoding=\"async\" class=\"alignnone wp-image-12210\" src=\"https:\/\/aventureros360.com.co\/wp-content\/uploads\/2025\/05\/Medellin-Tour-del-cafe-almuerzo-con-Aventureros360-1-1.svg\" alt=\"\" width=\"411\" height=\"308\" \/><\/a><\/h5>\n<h5 data-start=\"1182\" data-end=\"1375\"><span style=\"color: #4a4a4a;\">\ud83d\udcf8 <span style=\"color: #1e3a8a;\"><strong data-start=\"1185\" data-end=\"1245\">2:00 p.m. \u2013 Cultural activity and souvenir presentation<\/strong><\/span><\/span><\/h5>\n<p class=\"\" data-start=\"1182\" data-end=\"1375\"><br data-start=\"1245\" data-end=\"1248\" \/><span style=\"color: #4a4a4a;\">Dress in provided traditional clothing and enjoy a photo experience among the coffee plantations. Receive a commemorative souvenir from the tour.<\/span><\/p>\n<hr \/>\n<h5 data-start=\"1377\" data-end=\"1491\"><a href=\"https:\/\/aventureros360.com.co\/wp-content\/uploads\/2025\/05\/Medellin-Tour-del-cafe-salida-con-Aventureros360.svg\"><img loading=\"lazy\" decoding=\"async\" class=\"alignnone wp-image-12211\" src=\"https:\/\/aventureros360.com.co\/wp-content\/uploads\/2025\/05\/Medellin-Tour-del-cafe-salida-con-Aventureros360.svg\" alt=\"\" width=\"411\" height=\"308\" \/><\/a><\/h5>\n<h5 data-start=\"1377\" data-end=\"1491\"><span style=\"color: #4a4a4a;\">\ud83d\ude90 <span style=\"color: #1e3a8a;\"><strong data-start=\"1380\" data-end=\"1414\">3:30 p.m. \u2013 Return to Medell\u00edn<\/strong><\/span><\/span><\/h5>\n<p class=\"\" data-start=\"1377\" data-end=\"1491\"><br data-start=\"1414\" data-end=\"1417\" \/><span style=\"color: #4a4a4a;\">Departure from the farm back to the city, with an estimated arrival at 5:30 p.m.<\/span><\/p>","protected":false},"excerpt":{"rendered":"[video width=\"480\" height=\"854\" mp4=\"https:\/\/aventureros360.com.co\/wp-content\/uploads\/2025\/05\/WhatsApp-Video-2025-08-19-at-7.04.52-PM.mp4\"][\/video]","protected":false},"featured_media":12213,"template":"","meta":{"_uag_custom_page_level_css":"","_monsterinsights_skip_tracking":false,"_monsterinsights_sitenote_active":false,"_monsterinsights_sitenote_note":"","_monsterinsights_sitenote_category":0,"_joinchat":{"telephone":"+573132161596"}},"product_brand":[],"product_cat":[104,134],"product_tag":[168],"class_list":{"0":"post-12204","1":"product","2":"type-product","3":"status-publish","4":"has-post-thumbnail","6":"product_cat-medellin","7":"product_cat-tours-experiencias-medellin","8":"product_tag-tours-experiencias","10":"first","11":"instock","12":"shipping-taxable","13":"purchasable","14":"product-type-simple"},"yoast_head":"<!-- This site is optimized with the Yoast SEO plugin v26.9 - https:\/\/yoast.com\/product\/yoast-seo-wordpress\/ -->\n<title>Tour del Caf\u00e9 en Antioquia - Descubre Colombia con Aventureros 360<\/title>\n<meta name=\"description\" content=\"Disfruta un tour del caf\u00e9 desde Medell\u00edn con transporte incluido, almuerzo t\u00edpico, recorrido por finca cafetera y actividades culturales. Una experiencia aut\u00e9ntica y educativa en Antioquia.\" \/>\n<meta name=\"robots\" content=\"index, follow, max-snippet:-1, max-image-preview:large, max-video-preview:-1\" \/>\n<link rel=\"canonical\" href=\"https:\/\/aventureros360.com.co\/en\/tienda\/medellin\/tours-experiencias-medellin\/tour-del-cafe-en-antioquia\/\" \/>\n<meta property=\"og:locale\" content=\"en_US\" \/>\n<meta property=\"og:type\" content=\"article\" \/>\n<meta property=\"og:title\" content=\"Tour del Caf\u00e9 en Antioquia\" \/>\n<meta property=\"og:description\" content=\"Disfruta un tour del caf\u00e9 desde Medell\u00edn con transporte incluido, almuerzo t\u00edpico, recorrido por finca cafetera y actividades culturales. Una experiencia aut\u00e9ntica y educativa en Antioquia.\" \/>\n<meta property=\"og:url\" content=\"https:\/\/aventureros360.com.co\/en\/tienda\/medellin\/tours-experiencias-medellin\/tour-del-cafe-en-antioquia\/\" \/>\n<meta property=\"og:site_name\" content=\"Descubre Colombia con Aventureros 360\" \/>\n<meta property=\"article:modified_time\" content=\"2026-04-20T23:51:49+00:00\" \/>\n<meta property=\"og:image\" content=\"https:\/\/aventureros360.com.co\/wp-content\/uploads\/2025\/05\/Medellin-Tour-del-cafe-portada-con-Aventureros360.jpg\" \/>\n\t<meta property=\"og:image:width\" content=\"1300\" \/>\n\t<meta property=\"og:image:height\" content=\"975\" \/>\n\t<meta property=\"og:image:type\" content=\"image\/jpeg\" \/>\n<meta name=\"twitter:card\" content=\"summary_large_image\" \/>\n<meta name=\"twitter:label1\" content=\"Est. reading time\" \/>\n\t<meta name=\"twitter:data1\" content=\"4 minutes\" \/>\n<script type=\"application\/ld+json\" class=\"yoast-schema-graph\">{\"@context\":\"https:\/\/schema.org\",\"@graph\":[{\"@type\":\"WebPage\",\"@id\":\"https:\/\/aventureros360.com.co\/tienda\/medellin\/tours-experiencias-medellin\/tour-del-cafe-en-antioquia\/\",\"url\":\"https:\/\/aventureros360.com.co\/tienda\/medellin\/tours-experiencias-medellin\/tour-del-cafe-en-antioquia\/\",\"name\":\"Tour del Caf\u00e9 en Antioquia - Descubre Colombia con Aventureros 360\",\"isPartOf\":{\"@id\":\"https:\/\/aventureros360.com.co\/#website\"},\"primaryImageOfPage\":{\"@id\":\"https:\/\/aventureros360.com.co\/tienda\/medellin\/tours-experiencias-medellin\/tour-del-cafe-en-antioquia\/#primaryimage\"},\"image\":{\"@id\":\"https:\/\/aventureros360.com.co\/tienda\/medellin\/tours-experiencias-medellin\/tour-del-cafe-en-antioquia\/#primaryimage\"},\"thumbnailUrl\":\"https:\/\/aventureros360.com.co\/wp-content\/uploads\/2025\/05\/Medellin-Tour-del-cafe-portada-con-Aventureros360-1.png\",\"datePublished\":\"2025-05-03T23:14:39+00:00\",\"dateModified\":\"2026-04-20T23:51:49+00:00\",\"description\":\"Disfruta un tour del caf\u00e9 desde Medell\u00edn con transporte incluido, almuerzo t\u00edpico, recorrido por finca cafetera y actividades culturales. Una experiencia aut\u00e9ntica y educativa en Antioquia.\",\"breadcrumb\":{\"@id\":\"https:\/\/aventureros360.com.co\/tienda\/medellin\/tours-experiencias-medellin\/tour-del-cafe-en-antioquia\/#breadcrumb\"},\"inLanguage\":\"en-US\",\"potentialAction\":[{\"@type\":\"ReadAction\",\"target\":[\"https:\/\/aventureros360.com.co\/tienda\/medellin\/tours-experiencias-medellin\/tour-del-cafe-en-antioquia\/\"]}]},{\"@type\":\"ImageObject\",\"inLanguage\":\"en-US\",\"@id\":\"https:\/\/aventureros360.com.co\/tienda\/medellin\/tours-experiencias-medellin\/tour-del-cafe-en-antioquia\/#primaryimage\",\"url\":\"https:\/\/aventureros360.com.co\/wp-content\/uploads\/2025\/05\/Medellin-Tour-del-cafe-portada-con-Aventureros360-1.png\",\"contentUrl\":\"https:\/\/aventureros360.com.co\/wp-content\/uploads\/2025\/05\/Medellin-Tour-del-cafe-portada-con-Aventureros360-1.png\",\"width\":1300,\"height\":975},{\"@type\":\"BreadcrumbList\",\"@id\":\"https:\/\/aventureros360.com.co\/tienda\/medellin\/tours-experiencias-medellin\/tour-del-cafe-en-antioquia\/#breadcrumb\",\"itemListElement\":[{\"@type\":\"ListItem\",\"position\":1,\"name\":\"Portada\",\"item\":\"https:\/\/aventureros360.com.co\/\"},{\"@type\":\"ListItem\",\"position\":2,\"name\":\"Destinos en Colombia\",\"item\":\"https:\/\/aventureros360.com.co\/tienda\/\"},{\"@type\":\"ListItem\",\"position\":3,\"name\":\"Tour del Caf\u00e9 en Antioquia\"}]},{\"@type\":\"WebSite\",\"@id\":\"https:\/\/aventureros360.com.co\/#website\",\"url\":\"https:\/\/aventureros360.com.co\/\",\"name\":\"Descubre Colombia con Aventureros 360\",\"description\":\"Reserva las mejores experiencias para tu viaje a Colombia\",\"publisher\":{\"@id\":\"https:\/\/aventureros360.com.co\/#organization\"},\"potentialAction\":[{\"@type\":\"SearchAction\",\"target\":{\"@type\":\"EntryPoint\",\"urlTemplate\":\"https:\/\/aventureros360.com.co\/?s={search_term_string}\"},\"query-input\":{\"@type\":\"PropertyValueSpecification\",\"valueRequired\":true,\"valueName\":\"search_term_string\"}}],\"inLanguage\":\"en-US\"},{\"@type\":\"Organization\",\"@id\":\"https:\/\/aventureros360.com.co\/#organization\",\"name\":\"Descubre Colombia con Aventureros 360\",\"url\":\"https:\/\/aventureros360.com.co\/\",\"logo\":{\"@type\":\"ImageObject\",\"inLanguage\":\"en-US\",\"@id\":\"https:\/\/aventureros360.com.co\/#\/schema\/logo\/image\/\",\"url\":\"https:\/\/aventureros360.com.co\/wp-content\/uploads\/2025\/02\/Aventureros-360-png-700x700-1.png\",\"contentUrl\":\"https:\/\/aventureros360.com.co\/wp-content\/uploads\/2025\/02\/Aventureros-360-png-700x700-1.png\",\"width\":700,\"height\":700,\"caption\":\"Descubre Colombia con Aventureros 360\"},\"image\":{\"@id\":\"https:\/\/aventureros360.com.co\/#\/schema\/logo\/image\/\"}}]}<\/script>\n<!-- \/ Yoast SEO plugin. -->","yoast_head_json":{"title":"Tour del Caf\u00e9 en Antioquia - Descubre Colombia con Aventureros 360","description":"Disfruta un tour del caf\u00e9 desde Medell\u00edn con transporte incluido, almuerzo t\u00edpico, recorrido por finca cafetera y actividades culturales. Una experiencia aut\u00e9ntica y educativa en Antioquia.","robots":{"index":"index","follow":"follow","max-snippet":"max-snippet:-1","max-image-preview":"max-image-preview:large","max-video-preview":"max-video-preview:-1"},"canonical":"https:\/\/aventureros360.com.co\/en\/tienda\/medellin\/tours-experiencias-medellin\/tour-del-cafe-en-antioquia\/","og_locale":"en_US","og_type":"article","og_title":"Tour del Caf\u00e9 en Antioquia","og_description":"Disfruta un tour del caf\u00e9 desde Medell\u00edn con transporte incluido, almuerzo t\u00edpico, recorrido por finca cafetera y actividades culturales. Una experiencia aut\u00e9ntica y educativa en Antioquia.","og_url":"https:\/\/aventureros360.com.co\/en\/tienda\/medellin\/tours-experiencias-medellin\/tour-del-cafe-en-antioquia\/","og_site_name":"Descubre Colombia con Aventureros 360","article_modified_time":"2026-04-20T23:51:49+00:00","og_image":[{"width":1300,"height":975,"url":"https:\/\/aventureros360.com.co\/wp-content\/uploads\/2025\/05\/Medellin-Tour-del-cafe-portada-con-Aventureros360.jpg","type":"image\/jpeg"}],"twitter_card":"summary_large_image","twitter_misc":{"Est. reading time":"4 minutes"},"schema":{"@context":"https:\/\/schema.org","@graph":[{"@type":"WebPage","@id":"https:\/\/aventureros360.com.co\/tienda\/medellin\/tours-experiencias-medellin\/tour-del-cafe-en-antioquia\/","url":"https:\/\/aventureros360.com.co\/tienda\/medellin\/tours-experiencias-medellin\/tour-del-cafe-en-antioquia\/","name":"Tour del Caf\u00e9 en Antioquia - Descubre Colombia con Aventureros 360","isPartOf":{"@id":"https:\/\/aventureros360.com.co\/#website"},"primaryImageOfPage":{"@id":"https:\/\/aventureros360.com.co\/tienda\/medellin\/tours-experiencias-medellin\/tour-del-cafe-en-antioquia\/#primaryimage"},"image":{"@id":"https:\/\/aventureros360.com.co\/tienda\/medellin\/tours-experiencias-medellin\/tour-del-cafe-en-antioquia\/#primaryimage"},"thumbnailUrl":"https:\/\/aventureros360.com.co\/wp-content\/uploads\/2025\/05\/Medellin-Tour-del-cafe-portada-con-Aventureros360-1.png","datePublished":"2025-05-03T23:14:39+00:00","dateModified":"2026-04-20T23:51:49+00:00","description":"Disfruta un tour del caf\u00e9 desde Medell\u00edn con transporte incluido, almuerzo t\u00edpico, recorrido por finca cafetera y actividades culturales. Una experiencia aut\u00e9ntica y educativa en Antioquia.","breadcrumb":{"@id":"https:\/\/aventureros360.com.co\/tienda\/medellin\/tours-experiencias-medellin\/tour-del-cafe-en-antioquia\/#breadcrumb"},"inLanguage":"en-US","potentialAction":[{"@type":"ReadAction","target":["https:\/\/aventureros360.com.co\/tienda\/medellin\/tours-experiencias-medellin\/tour-del-cafe-en-antioquia\/"]}]},{"@type":"ImageObject","inLanguage":"en-US","@id":"https:\/\/aventureros360.com.co\/tienda\/medellin\/tours-experiencias-medellin\/tour-del-cafe-en-antioquia\/#primaryimage","url":"https:\/\/aventureros360.com.co\/wp-content\/uploads\/2025\/05\/Medellin-Tour-del-cafe-portada-con-Aventureros360-1.png","contentUrl":"https:\/\/aventureros360.com.co\/wp-content\/uploads\/2025\/05\/Medellin-Tour-del-cafe-portada-con-Aventureros360-1.png","width":1300,"height":975},{"@type":"BreadcrumbList","@id":"https:\/\/aventureros360.com.co\/tienda\/medellin\/tours-experiencias-medellin\/tour-del-cafe-en-antioquia\/#breadcrumb","itemListElement":[{"@type":"ListItem","position":1,"name":"Portada","item":"https:\/\/aventureros360.com.co\/"},{"@type":"ListItem","position":2,"name":"Destinos en Colombia","item":"https:\/\/aventureros360.com.co\/tienda\/"},{"@type":"ListItem","position":3,"name":"Tour del Caf\u00e9 en Antioquia"}]},{"@type":"WebSite","@id":"https:\/\/aventureros360.com.co\/#website","url":"https:\/\/aventureros360.com.co\/","name":"Descubre Colombia con Aventureros 360","description":"Reserva las mejores experiencias para tu viaje a Colombia","publisher":{"@id":"https:\/\/aventureros360.com.co\/#organization"},"potentialAction":[{"@type":"SearchAction","target":{"@type":"EntryPoint","urlTemplate":"https:\/\/aventureros360.com.co\/?s={search_term_string}"},"query-input":{"@type":"PropertyValueSpecification","valueRequired":true,"valueName":"search_term_string"}}],"inLanguage":"en-US"},{"@type":"Organization","@id":"https:\/\/aventureros360.com.co\/#organization","name":"Descubre Colombia con Aventureros 360","url":"https:\/\/aventureros360.com.co\/","logo":{"@type":"ImageObject","inLanguage":"en-US","@id":"https:\/\/aventureros360.com.co\/#\/schema\/logo\/image\/","url":"https:\/\/aventureros360.com.co\/wp-content\/uploads\/2025\/02\/Aventureros-360-png-700x700-1.png","contentUrl":"https:\/\/aventureros360.com.co\/wp-content\/uploads\/2025\/02\/Aventureros-360-png-700x700-1.png","width":700,"height":700,"caption":"Descubre Colombia con Aventureros 360"},"image":{"@id":"https:\/\/aventureros360.com.co\/#\/schema\/logo\/image\/"}}]}},"uagb_featured_image_src":{"full":["https:\/\/aventureros360.com.co\/wp-content\/uploads\/2025\/05\/Medellin-Tour-del-cafe-portada-con-Aventureros360-1.png",1300,975,false],"thumbnail":["https:\/\/aventureros360.com.co\/wp-content\/uploads\/2025\/05\/Medellin-Tour-del-cafe-portada-con-Aventureros360-1-150x150.png",150,150,true],"medium":["https:\/\/aventureros360.com.co\/wp-content\/uploads\/2025\/05\/Medellin-Tour-del-cafe-portada-con-Aventureros360-1-300x225.png",300,225,true],"medium_large":["https:\/\/aventureros360.com.co\/wp-content\/uploads\/2025\/05\/Medellin-Tour-del-cafe-portada-con-Aventureros360-1-768x576.png",768,576,true],"large":["https:\/\/aventureros360.com.co\/wp-content\/uploads\/2025\/05\/Medellin-Tour-del-cafe-portada-con-Aventureros360-1-1024x768.png",1024,768,true],"1536x1536":["https:\/\/aventureros360.com.co\/wp-content\/uploads\/2025\/05\/Medellin-Tour-del-cafe-portada-con-Aventureros360-1.png",1300,975,false],"2048x2048":["https:\/\/aventureros360.com.co\/wp-content\/uploads\/2025\/05\/Medellin-Tour-del-cafe-portada-con-Aventureros360-1.png",1300,975,false],"trp-custom-language-flag":["https:\/\/aventureros360.com.co\/wp-content\/uploads\/2025\/05\/Medellin-Tour-del-cafe-portada-con-Aventureros360-1.png",16,12,false],"woocommerce_archive_thumbnail":["https:\/\/aventureros360.com.co\/wp-content\/uploads\/2025\/05\/Medellin-Tour-del-cafe-portada-con-Aventureros360-1-300x225.png",300,225,true],"woocommerce_thumbnail":["https:\/\/aventureros360.com.co\/wp-content\/uploads\/2025\/05\/Medellin-Tour-del-cafe-portada-con-Aventureros360-1-300x300.png",300,300,true],"woocommerce_single":["https:\/\/aventureros360.com.co\/wp-content\/uploads\/2025\/05\/Medellin-Tour-del-cafe-portada-con-Aventureros360-1-600x450.png",600,450,true],"woocommerce_gallery_thumbnail":["https:\/\/aventureros360.com.co\/wp-content\/uploads\/2025\/05\/Medellin-Tour-del-cafe-portada-con-Aventureros360-1-100x100.png",100,100,true]},"uagb_author_info":{"display_name":"admin","author_link":"https:\/\/aventureros360.com.co\/en\/author\/"},"uagb_comment_info":0,"uagb_excerpt":"[video width=\"480\" height=\"854\" mp4=\"https:\/\/aventureros360.com.co\/wp-content\/uploads\/2025\/05\/WhatsApp-Video-2025-08-19-at-7.04.52-PM.mp4\"][\/video]","_links":{"self":[{"href":"https:\/\/aventureros360.com.co\/en\/wp-json\/wp\/v2\/product\/12204","targetHints":{"allow":["GET"]}}],"collection":[{"href":"https:\/\/aventureros360.com.co\/en\/wp-json\/wp\/v2\/product"}],"about":[{"href":"https:\/\/aventureros360.com.co\/en\/wp-json\/wp\/v2\/types\/product"}],"wp:featuredmedia":[{"embeddable":true,"href":"https:\/\/aventureros360.com.co\/en\/wp-json\/wp\/v2\/media\/12213"}],"wp:attachment":[{"href":"https:\/\/aventureros360.com.co\/en\/wp-json\/wp\/v2\/media?parent=12204"}],"wp:term":[{"taxonomy":"product_brand","embeddable":true,"href":"https:\/\/aventureros360.com.co\/en\/wp-json\/wp\/v2\/product_brand?post=12204"},{"taxonomy":"product_cat","embeddable":true,"href":"https:\/\/aventureros360.com.co\/en\/wp-json\/wp\/v2\/product_cat?post=12204"},{"taxonomy":"product_tag","embeddable":true,"href":"https:\/\/aventureros360.com.co\/en\/wp-json\/wp\/v2\/product_tag?post=12204"}],"curies":[{"name":"wp","href":"https:\/\/api.w.org\/{rel}","templated":true}]}}