{"id":13390,"date":"2025-05-24T16:56:00","date_gmt":"2025-05-24T16:56:00","guid":{"rendered":"https:\/\/aventureros360.com.co\/?post_type=product&#038;p=13390"},"modified":"2026-01-31T16:07:10","modified_gmt":"2026-01-31T16:07:10","slug":"hotel-bocagrande-suites-en-cartagena","status":"publish","type":"product","link":"https:\/\/aventureros360.com.co\/en\/tienda\/promociones-combos\/hotel-bocagrande-suites-en-cartagena\/","title":{"rendered":"Hotel Bocagrande Suites en Cartagena"},"content":{"rendered":"<h5 data-start=\"236\" data-end=\"271\">\ud83c\udfe8 <span style=\"color: #37474f;\">Hotel Bocagrande Suites<\/span> \u2b50\u2b50\u2b50<\/h5>\n<p data-start=\"337\" data-end=\"766\">\ud83d\udccd<span style=\"color: #4a4a4a;\"> <strong data-start=\"340\" data-end=\"392\">En el coraz\u00f3n del sector tur\u00edstico de Bocagrande<\/strong><\/span><br data-start=\"392\" data-end=\"395\" \/><span style=\"color: #4a4a4a;\">Hotel Bocagrande Cartagena by GEH Suites se encuentra sobre la reconocida Avenida San Mart\u00edn, una de las principales arterias del turismo en Cartagena. Su localizaci\u00f3n ofrece acceso inmediato a las tradicionales playas de Bocagrande y est\u00e1 a solo 5 minutos de las playas de Castillo Grande, as\u00ed como a 15 minutos del Aeropuerto Internacional Rafael N\u00fa\u00f1ez.<\/span><\/p>\n<p data-start=\"773\" data-end=\"821\"><span style=\"color: #4a4a4a;\">\ud83c\udfd6\ufe0f<strong> Cerca del mar y del patrimonio hist\u00f3rico<\/strong><\/span><\/p>\n<p data-start=\"823\" data-end=\"974\"><span style=\"color: #4a4a4a;\">A tan solo 5 minutos, los hu\u00e9spedes pueden explorar la ciudad amurallada, epicentro cultural e hist\u00f3rico de Cartagena. Un entorno que conserva:<\/span><\/p>\n<ul data-start=\"976\" data-end=\"1136\">\n<li data-start=\"976\" data-end=\"1012\">\n<p data-start=\"978\" data-end=\"1012\"><span style=\"color: #4a4a4a;\">\ud83c\udff0 Plazas e iglesias centenarias<\/span><\/p>\n<\/li>\n<li data-start=\"1013\" data-end=\"1040\">\n<p data-start=\"1015\" data-end=\"1040\"><span style=\"color: #4a4a4a;\">\ud83c\udfad Teatros con historia<\/span><\/p>\n<\/li>\n<li data-start=\"1041\" data-end=\"1094\">\n<p data-start=\"1043\" data-end=\"1094\"><span style=\"color: #4a4a4a;\">\ud83c\udfdb\ufe0f Arquitectura colonial y republicana aut\u00e9ntica<\/span><\/p>\n<\/li>\n<li data-start=\"1095\" data-end=\"1136\">\n<p data-start=\"1097\" data-end=\"1136\"><span style=\"color: #4a4a4a;\">\ud83c\udfe0 Calles llenas de tradici\u00f3n y encanto<\/span><\/p>\n<\/li>\n<\/ul>\n<p data-start=\"1143\" data-end=\"1183\">\ud83d\udecf\ufe0f <span style=\"color: #4a4a4a;\"><strong>Estilo moderno, entorno acogedor<\/strong><\/span><\/p>\n<p data-start=\"1185\" data-end=\"1427\"><span style=\"color: #4a4a4a;\">Hotel Bocagrande Suites combina un dise\u00f1o contempor\u00e1neo con una atenci\u00f3n enfocada en el confort. Ideal para quienes buscan hospedaje con acceso f\u00e1cil tanto a las playas como a los lugares m\u00e1s representativos del centro hist\u00f3rico de la ciudad.<\/span><\/p>\n<hr \/>\n<h5 data-start=\"293\" data-end=\"320\">\ud83d\udece\ufe0f <span style=\"color: #37474f;\">Servicios Destacados<\/span><\/h5>\n<p data-start=\"322\" data-end=\"451\"><span style=\"color: #4a4a4a;\">Hotel Bocagrande Suites ofrece una selecci\u00f3n de servicios esenciales que garantizan una estad\u00eda c\u00f3moda, pr\u00e1ctica y bien atendida:<\/span><\/p>\n<ul data-start=\"453\" data-end=\"1186\">\n<li data-start=\"453\" data-end=\"591\">\n<p data-start=\"455\" data-end=\"591\"><span style=\"color: #4a4a4a;\">\ud83c\udf0a <strong data-start=\"458\" data-end=\"490\">Ubicaci\u00f3n cercana a la playa<\/strong><\/span><br data-start=\"490\" data-end=\"493\" \/><span style=\"color: #4a4a4a;\">A pocos pasos de las principales playas de Bocagrande, ideales para disfrutar del entorno costero.<\/span><\/p>\n<\/li>\n<li data-start=\"593\" data-end=\"738\">\n<p data-start=\"595\" data-end=\"738\"><span style=\"color: #4a4a4a;\">\u2615 <strong data-start=\"597\" data-end=\"624\">Estaci\u00f3n de agua y caf\u00e9<\/strong> <em data-start=\"625\" data-end=\"637\">(incluida)<\/em><\/span><br data-start=\"637\" data-end=\"640\" \/><span style=\"color: #4a4a4a;\">Disponible para todos los hu\u00e9spedes, con acceso a bebidas calientes y refrescantes durante el d\u00eda.<\/span><\/p>\n<\/li>\n<li data-start=\"740\" data-end=\"888\">\n<p data-start=\"742\" data-end=\"888\"><span style=\"color: #4a4a4a;\">\ud83d\ude97 <strong data-start=\"745\" data-end=\"773\">Estacionamiento gratuito<\/strong> <em data-start=\"774\" data-end=\"801\">(sujeto a disponibilidad)<\/em><\/span><br data-start=\"801\" data-end=\"804\" \/><span style=\"color: #4a4a4a;\">Zona de parqueo habilitada sin costo adicional para quienes se hospedan en el hotel.<\/span><\/p>\n<\/li>\n<li data-start=\"890\" data-end=\"1051\">\n<p data-start=\"892\" data-end=\"1051\"><span style=\"color: #4a4a4a;\">\u2708\ufe0f <strong data-start=\"895\" data-end=\"933\">Transporte del aeropuerto al hotel<\/strong> <em data-start=\"934\" data-end=\"956\">(servicio adicional)<\/em><\/span><br data-start=\"956\" data-end=\"959\" \/><span style=\"color: #4a4a4a;\">Traslados disponibles desde el Aeropuerto Internacional Rafael N\u00fa\u00f1ez, bajo solicitud previa.<\/span><\/p>\n<\/li>\n<li data-start=\"1053\" data-end=\"1186\">\n<p data-start=\"1055\" data-end=\"1186\"><span style=\"color: #4a4a4a;\">\ud83c\udf7d\ufe0f <strong data-start=\"1059\" data-end=\"1090\">Desayuno americano incluido<\/strong><\/span><br data-start=\"1090\" data-end=\"1093\" \/><span style=\"color: #4a4a4a;\">Cada ma\u00f1ana se ofrece una selecci\u00f3n tradicional para comenzar el d\u00eda con energ\u00eda y comodidad.<\/span><\/p>\n<\/li>\n<\/ul>\n<hr \/>\n<h5 data-start=\"218\" data-end=\"243\">\ud83e\uddfe<span style=\"color: #37474f;\"> Servicios Generales<\/span><\/h5>\n<p data-start=\"245\" data-end=\"415\"><span style=\"color: #4a4a4a;\">En Hotel Bocagrande Suites nos enfocamos en ofrecer una experiencia eficiente y confortable, respaldada por servicios esenciales que acompa\u00f1an cada detalle de tu estad\u00eda:<\/span><\/p>\n<ul data-start=\"417\" data-end=\"1597\">\n<li data-start=\"417\" data-end=\"523\">\n<p data-start=\"419\" data-end=\"523\"><span style=\"color: #4a4a4a;\">\ud83e\uddfa <strong data-start=\"422\" data-end=\"449\">Lavander\u00eda \/ Tintorer\u00eda<\/strong><\/span><br data-start=\"449\" data-end=\"452\" \/><span style=\"color: #4a4a4a;\">Servicio disponible para el cuidado de tus prendas durante tu estancia.<\/span><\/p>\n<\/li>\n<li data-start=\"525\" data-end=\"643\">\n<p data-start=\"527\" data-end=\"643\"><span style=\"color: #4a4a4a;\">\ud83d\udd52 <strong data-start=\"530\" data-end=\"552\">Recepci\u00f3n 24 horas<\/strong><\/span><br data-start=\"552\" data-end=\"555\" \/><span style=\"color: #4a4a4a;\">Atenci\u00f3n continua para resolver tus necesidades en cualquier momento del d\u00eda o la noche.<\/span><\/p>\n<\/li>\n<li data-start=\"645\" data-end=\"750\">\n<p data-start=\"647\" data-end=\"750\"><span style=\"color: #4a4a4a;\">\ud83c\udf10 <strong data-start=\"650\" data-end=\"668\">Wi-Fi gratuito<\/strong><\/span><br data-start=\"668\" data-end=\"671\" \/><span style=\"color: #4a4a4a;\">Conexi\u00f3n estable y sin costo para mantenerte comunicado durante toda tu visita.<\/span><\/p>\n<\/li>\n<li data-start=\"752\" data-end=\"862\">\n<p data-start=\"754\" data-end=\"862\"><span style=\"color: #4a4a4a;\">\ud83e\uddf9 <strong data-start=\"757\" data-end=\"788\">Servicio de limpieza diaria<\/strong><\/span><br data-start=\"788\" data-end=\"791\" \/><span style=\"color: #4a4a4a;\">Habitaciones y espacios comunes impecables con mantenimiento constante.<\/span><\/p>\n<\/li>\n<li data-start=\"864\" data-end=\"1017\">\n<p data-start=\"866\" data-end=\"1017\"><span style=\"color: #4a4a4a;\">\ud83d\ude97 <strong data-start=\"869\" data-end=\"897\">Estacionamiento gratuito<\/strong> <em data-start=\"898\" data-end=\"925\">(sujeto a disponibilidad)<\/em><\/span><br data-start=\"925\" data-end=\"928\" \/><span style=\"color: #4a4a4a;\">Facilidad de parqueo sin cargo adicional, disponible para hu\u00e9spedes seg\u00fan disponibilidad.<\/span><\/p>\n<\/li>\n<li data-start=\"1019\" data-end=\"1141\">\n<p data-start=\"1021\" data-end=\"1141\"><span style=\"color: #4a4a4a;\">\ud83d\udcf6 <strong data-start=\"1024\" data-end=\"1072\">Cobertura Wi-Fi en todas las \u00e1reas del hotel<\/strong><\/span><br data-start=\"1072\" data-end=\"1075\" \/><span style=\"color: #4a4a4a;\">Acceso a internet tanto en las habitaciones como en zonas comunes.<\/span><\/p>\n<\/li>\n<li data-start=\"1143\" data-end=\"1252\">\n<p data-start=\"1145\" data-end=\"1252\"><span style=\"color: #4a4a4a;\">\u23f0 <strong data-start=\"1147\" data-end=\"1174\">Servicio de despertador<\/strong><\/span><br data-start=\"1174\" data-end=\"1177\" \/><span style=\"color: #4a4a4a;\">Asistencia puntual para cumplir con tus horarios o itinerarios importantes.<\/span><\/p>\n<\/li>\n<li data-start=\"1254\" data-end=\"1352\">\n<p data-start=\"1256\" data-end=\"1352\"><span style=\"color: #4a4a4a;\">\u2744\ufe0f <strong data-start=\"1259\" data-end=\"1281\">Aire acondicionado<\/strong><\/span><br data-start=\"1281\" data-end=\"1284\" \/><span style=\"color: #4a4a4a;\">Climatizaci\u00f3n eficiente para un descanso m\u00e1s c\u00f3modo en todo momento.<\/span><\/p>\n<\/li>\n<li data-start=\"1354\" data-end=\"1468\">\n<p data-start=\"1356\" data-end=\"1468\"><span style=\"color: #4a4a4a;\">\ud83e\uddf3 <strong data-start=\"1359\" data-end=\"1383\">Custodia de equipaje<\/strong><\/span><br data-start=\"1383\" data-end=\"1386\" \/><span style=\"color: #4a4a4a;\">Guarda tus pertenencias de forma segura antes del ingreso o despu\u00e9s del check-out.<\/span><\/p>\n<\/li>\n<li data-start=\"1470\" data-end=\"1597\">\n<p data-start=\"1472\" data-end=\"1597\"><span style=\"color: #4a4a4a;\">\ud83c\udf7d\ufe0f <strong data-start=\"1476\" data-end=\"1491\">Restaurante<\/strong><\/span><br data-start=\"1491\" data-end=\"1494\" \/><span style=\"color: #4a4a4a;\">Espacio disponible dentro del hotel para disfrutar de opciones gastron\u00f3micas sin salir del alojamiento.<\/span><\/p>\n<\/li>\n<\/ul>\n<hr \/>\n<h5><span style=\"color: #37474f;\">Accommodation Location<\/span><\/h5>\n<p><iframe loading=\"lazy\" style=\"border: 0;\" src=\"https:\/\/www.google.com\/maps\/embed?pb=!1m18!1m12!1m3!1d3924.2303934421043!2d-75.55802782448205!3d10.403267465964895!2m3!1f0!2f0!3f0!3m2!1i1024!2i768!4f13.1!3m3!1m2!1s0x8ef62f732fdd8f39%3A0xfea73be8f2bccc2!2sHotel%20Bocagrande%20By%20GEH%20Suites!5e0!3m2!1ses-419!2sco!4v1748102760790!5m2!1ses-419!2sco\" width=\"800\" height=\"600\" allowfullscreen=\"allowfullscreen\"><\/iframe><\/p>\n<p><span style=\"color: #37474f;\"><strong>Ref:<\/strong><\/span> <span style=\"color: #1e3a8a;\"><a class=\"\" style=\"color: #1e3a8a;\" href=\"https:\/\/agencia.gehsuites.com\/infobocagrande\" target=\"_new\" rel=\"noopener\" data-start=\"60\" data-end=\"111\" data-is-last-node=\"\">#05<\/a><\/span><\/p>","protected":false},"excerpt":{"rendered":"<p data-start=\"108\" data-end=\"378\">\ud83c\udfe8 <span style=\"color: #4a4a4a;\"><strong data-start=\"111\" data-end=\"150\">Hotel Bocagrande Suites \u2013 Cartagena<br \/>\n<\/strong><\/span><br data-start=\"150\" data-end=\"153\" \/><span style=\"color: #4a4a4a;\">Moderno hotel ubicado sobre la Avenida San Mart\u00edn, a pasos de la playa y cerca del centro hist\u00f3rico. Ofrece desayuno incluido, Wi-Fi gratuito, restaurante, recepci\u00f3n 24\/7 y espacios c\u00f3modos para viajes de descanso o negocios.<\/span><\/p>","protected":false},"featured_media":13392,"template":"","meta":{"_uag_custom_page_level_css":"","_monsterinsights_skip_tracking":false,"_monsterinsights_sitenote_active":false,"_monsterinsights_sitenote_note":"","_monsterinsights_sitenote_category":0,"_joinchat":[]},"product_brand":[],"product_cat":[38],"product_tag":[176],"class_list":{"0":"post-13390","1":"product","2":"type-product","3":"status-publish","4":"has-post-thumbnail","6":"product_cat-promociones-combos","7":"product_tag-hoteles-en-cartagena","9":"first","10":"instock","11":"shipping-taxable","12":"product-type-simple"},"yoast_head":"<!-- This site is optimized with the Yoast SEO plugin v26.9 - https:\/\/yoast.com\/product\/yoast-seo-wordpress\/ -->\n<title>Hotel Bocagrande Suites en Cartagena - Descubre Colombia con Aventureros 360<\/title>\n<meta name=\"description\" content=\"Hosp\u00e9date en Hotel Bocagrande Suites, ubicado sobre la Avenida San Mart\u00edn. A pasos de la playa y a minutos del centro hist\u00f3rico, con desayuno incluido, Wi-Fi gratuito, restaurante y recepci\u00f3n 24 horas.\" \/>\n<meta name=\"robots\" content=\"index, follow, max-snippet:-1, max-image-preview:large, max-video-preview:-1\" \/>\n<link rel=\"canonical\" href=\"https:\/\/aventureros360.com.co\/en\/tienda\/promociones-combos\/hotel-bocagrande-suites-en-cartagena\/\" \/>\n<meta property=\"og:locale\" content=\"en_US\" \/>\n<meta property=\"og:type\" content=\"article\" \/>\n<meta property=\"og:title\" content=\"Hotel Bocagrande Suites en Cartagena\" \/>\n<meta property=\"og:description\" content=\"Hosp\u00e9date en Hotel Bocagrande Suites, ubicado sobre la Avenida San Mart\u00edn. A pasos de la playa y a minutos del centro hist\u00f3rico, con desayuno incluido, Wi-Fi gratuito, restaurante y recepci\u00f3n 24 horas.\" \/>\n<meta property=\"og:url\" content=\"https:\/\/aventureros360.com.co\/en\/tienda\/promociones-combos\/hotel-bocagrande-suites-en-cartagena\/\" \/>\n<meta property=\"og:site_name\" content=\"Descubre Colombia con Aventureros 360\" \/>\n<meta property=\"article:modified_time\" content=\"2026-01-31T16:07:10+00:00\" \/>\n<meta property=\"og:image\" content=\"https:\/\/aventureros360.com.co\/wp-content\/uploads\/2025\/05\/Hotel-bocagrande-portada-con-Aventureros360.jpg\" \/>\n\t<meta property=\"og:image:width\" content=\"1300\" \/>\n\t<meta property=\"og:image:height\" content=\"975\" \/>\n\t<meta property=\"og:image:type\" content=\"image\/jpeg\" \/>\n<meta name=\"twitter:card\" content=\"summary_large_image\" \/>\n<meta name=\"twitter:label1\" content=\"Est. reading time\" \/>\n\t<meta name=\"twitter:data1\" content=\"3 minutes\" \/>\n<script type=\"application\/ld+json\" class=\"yoast-schema-graph\">{\"@context\":\"https:\/\/schema.org\",\"@graph\":[{\"@type\":\"WebPage\",\"@id\":\"https:\/\/aventureros360.com.co\/tienda\/promociones-combos\/hotel-bocagrande-suites-en-cartagena\/\",\"url\":\"https:\/\/aventureros360.com.co\/tienda\/promociones-combos\/hotel-bocagrande-suites-en-cartagena\/\",\"name\":\"Hotel Bocagrande Suites en Cartagena - Descubre Colombia con Aventureros 360\",\"isPartOf\":{\"@id\":\"https:\/\/aventureros360.com.co\/#website\"},\"primaryImageOfPage\":{\"@id\":\"https:\/\/aventureros360.com.co\/tienda\/promociones-combos\/hotel-bocagrande-suites-en-cartagena\/#primaryimage\"},\"image\":{\"@id\":\"https:\/\/aventureros360.com.co\/tienda\/promociones-combos\/hotel-bocagrande-suites-en-cartagena\/#primaryimage\"},\"thumbnailUrl\":\"https:\/\/aventureros360.com.co\/wp-content\/uploads\/2025\/05\/Hotel-bocagrande-portada-con-Aventureros360-1.png\",\"datePublished\":\"2025-05-24T16:56:00+00:00\",\"dateModified\":\"2026-01-31T16:07:10+00:00\",\"description\":\"Hosp\u00e9date en Hotel Bocagrande Suites, ubicado sobre la Avenida San Mart\u00edn. A pasos de la playa y a minutos del centro hist\u00f3rico, con desayuno incluido, Wi-Fi gratuito, restaurante y recepci\u00f3n 24 horas.\",\"breadcrumb\":{\"@id\":\"https:\/\/aventureros360.com.co\/tienda\/promociones-combos\/hotel-bocagrande-suites-en-cartagena\/#breadcrumb\"},\"inLanguage\":\"en-US\",\"potentialAction\":[{\"@type\":\"ReadAction\",\"target\":[\"https:\/\/aventureros360.com.co\/tienda\/promociones-combos\/hotel-bocagrande-suites-en-cartagena\/\"]}]},{\"@type\":\"ImageObject\",\"inLanguage\":\"en-US\",\"@id\":\"https:\/\/aventureros360.com.co\/tienda\/promociones-combos\/hotel-bocagrande-suites-en-cartagena\/#primaryimage\",\"url\":\"https:\/\/aventureros360.com.co\/wp-content\/uploads\/2025\/05\/Hotel-bocagrande-portada-con-Aventureros360-1.png\",\"contentUrl\":\"https:\/\/aventureros360.com.co\/wp-content\/uploads\/2025\/05\/Hotel-bocagrande-portada-con-Aventureros360-1.png\",\"width\":1300,\"height\":975},{\"@type\":\"BreadcrumbList\",\"@id\":\"https:\/\/aventureros360.com.co\/tienda\/promociones-combos\/hotel-bocagrande-suites-en-cartagena\/#breadcrumb\",\"itemListElement\":[{\"@type\":\"ListItem\",\"position\":1,\"name\":\"Portada\",\"item\":\"https:\/\/aventureros360.com.co\/\"},{\"@type\":\"ListItem\",\"position\":2,\"name\":\"Destinos en Colombia\",\"item\":\"https:\/\/aventureros360.com.co\/tienda\/\"},{\"@type\":\"ListItem\",\"position\":3,\"name\":\"Hotel Bocagrande Suites en Cartagena\"}]},{\"@type\":\"WebSite\",\"@id\":\"https:\/\/aventureros360.com.co\/#website\",\"url\":\"https:\/\/aventureros360.com.co\/\",\"name\":\"Descubre Colombia con Aventureros 360\",\"description\":\"Reserva las mejores experiencias para tu viaje a Colombia\",\"publisher\":{\"@id\":\"https:\/\/aventureros360.com.co\/#organization\"},\"potentialAction\":[{\"@type\":\"SearchAction\",\"target\":{\"@type\":\"EntryPoint\",\"urlTemplate\":\"https:\/\/aventureros360.com.co\/?s={search_term_string}\"},\"query-input\":{\"@type\":\"PropertyValueSpecification\",\"valueRequired\":true,\"valueName\":\"search_term_string\"}}],\"inLanguage\":\"en-US\"},{\"@type\":\"Organization\",\"@id\":\"https:\/\/aventureros360.com.co\/#organization\",\"name\":\"Descubre Colombia con Aventureros 360\",\"url\":\"https:\/\/aventureros360.com.co\/\",\"logo\":{\"@type\":\"ImageObject\",\"inLanguage\":\"en-US\",\"@id\":\"https:\/\/aventureros360.com.co\/#\/schema\/logo\/image\/\",\"url\":\"https:\/\/aventureros360.com.co\/wp-content\/uploads\/2025\/02\/Aventureros-360-png-700x700-1.png\",\"contentUrl\":\"https:\/\/aventureros360.com.co\/wp-content\/uploads\/2025\/02\/Aventureros-360-png-700x700-1.png\",\"width\":700,\"height\":700,\"caption\":\"Descubre Colombia con Aventureros 360\"},\"image\":{\"@id\":\"https:\/\/aventureros360.com.co\/#\/schema\/logo\/image\/\"}}]}<\/script>\n<!-- \/ Yoast SEO plugin. -->","yoast_head_json":{"title":"Hotel Bocagrande Suites en Cartagena - Descubre Colombia con Aventureros 360","description":"Hosp\u00e9date en Hotel Bocagrande Suites, ubicado sobre la Avenida San Mart\u00edn. A pasos de la playa y a minutos del centro hist\u00f3rico, con desayuno incluido, Wi-Fi gratuito, restaurante y recepci\u00f3n 24 horas.","robots":{"index":"index","follow":"follow","max-snippet":"max-snippet:-1","max-image-preview":"max-image-preview:large","max-video-preview":"max-video-preview:-1"},"canonical":"https:\/\/aventureros360.com.co\/en\/tienda\/promociones-combos\/hotel-bocagrande-suites-en-cartagena\/","og_locale":"en_US","og_type":"article","og_title":"Hotel Bocagrande Suites en Cartagena","og_description":"Hosp\u00e9date en Hotel Bocagrande Suites, ubicado sobre la Avenida San Mart\u00edn. A pasos de la playa y a minutos del centro hist\u00f3rico, con desayuno incluido, Wi-Fi gratuito, restaurante y recepci\u00f3n 24 horas.","og_url":"https:\/\/aventureros360.com.co\/en\/tienda\/promociones-combos\/hotel-bocagrande-suites-en-cartagena\/","og_site_name":"Descubre Colombia con Aventureros 360","article_modified_time":"2026-01-31T16:07:10+00:00","og_image":[{"width":1300,"height":975,"url":"https:\/\/aventureros360.com.co\/wp-content\/uploads\/2025\/05\/Hotel-bocagrande-portada-con-Aventureros360.jpg","type":"image\/jpeg"}],"twitter_card":"summary_large_image","twitter_misc":{"Est. reading time":"3 minutes"},"schema":{"@context":"https:\/\/schema.org","@graph":[{"@type":"WebPage","@id":"https:\/\/aventureros360.com.co\/tienda\/promociones-combos\/hotel-bocagrande-suites-en-cartagena\/","url":"https:\/\/aventureros360.com.co\/tienda\/promociones-combos\/hotel-bocagrande-suites-en-cartagena\/","name":"Hotel Bocagrande Suites en Cartagena - Descubre Colombia con Aventureros 360","isPartOf":{"@id":"https:\/\/aventureros360.com.co\/#website"},"primaryImageOfPage":{"@id":"https:\/\/aventureros360.com.co\/tienda\/promociones-combos\/hotel-bocagrande-suites-en-cartagena\/#primaryimage"},"image":{"@id":"https:\/\/aventureros360.com.co\/tienda\/promociones-combos\/hotel-bocagrande-suites-en-cartagena\/#primaryimage"},"thumbnailUrl":"https:\/\/aventureros360.com.co\/wp-content\/uploads\/2025\/05\/Hotel-bocagrande-portada-con-Aventureros360-1.png","datePublished":"2025-05-24T16:56:00+00:00","dateModified":"2026-01-31T16:07:10+00:00","description":"Hosp\u00e9date en Hotel Bocagrande Suites, ubicado sobre la Avenida San Mart\u00edn. A pasos de la playa y a minutos del centro hist\u00f3rico, con desayuno incluido, Wi-Fi gratuito, restaurante y recepci\u00f3n 24 horas.","breadcrumb":{"@id":"https:\/\/aventureros360.com.co\/tienda\/promociones-combos\/hotel-bocagrande-suites-en-cartagena\/#breadcrumb"},"inLanguage":"en-US","potentialAction":[{"@type":"ReadAction","target":["https:\/\/aventureros360.com.co\/tienda\/promociones-combos\/hotel-bocagrande-suites-en-cartagena\/"]}]},{"@type":"ImageObject","inLanguage":"en-US","@id":"https:\/\/aventureros360.com.co\/tienda\/promociones-combos\/hotel-bocagrande-suites-en-cartagena\/#primaryimage","url":"https:\/\/aventureros360.com.co\/wp-content\/uploads\/2025\/05\/Hotel-bocagrande-portada-con-Aventureros360-1.png","contentUrl":"https:\/\/aventureros360.com.co\/wp-content\/uploads\/2025\/05\/Hotel-bocagrande-portada-con-Aventureros360-1.png","width":1300,"height":975},{"@type":"BreadcrumbList","@id":"https:\/\/aventureros360.com.co\/tienda\/promociones-combos\/hotel-bocagrande-suites-en-cartagena\/#breadcrumb","itemListElement":[{"@type":"ListItem","position":1,"name":"Portada","item":"https:\/\/aventureros360.com.co\/"},{"@type":"ListItem","position":2,"name":"Destinos en Colombia","item":"https:\/\/aventureros360.com.co\/tienda\/"},{"@type":"ListItem","position":3,"name":"Hotel Bocagrande Suites en Cartagena"}]},{"@type":"WebSite","@id":"https:\/\/aventureros360.com.co\/#website","url":"https:\/\/aventureros360.com.co\/","name":"Descubre Colombia con Aventureros 360","description":"Reserva las mejores experiencias para tu viaje a Colombia","publisher":{"@id":"https:\/\/aventureros360.com.co\/#organization"},"potentialAction":[{"@type":"SearchAction","target":{"@type":"EntryPoint","urlTemplate":"https:\/\/aventureros360.com.co\/?s={search_term_string}"},"query-input":{"@type":"PropertyValueSpecification","valueRequired":true,"valueName":"search_term_string"}}],"inLanguage":"en-US"},{"@type":"Organization","@id":"https:\/\/aventureros360.com.co\/#organization","name":"Descubre Colombia con Aventureros 360","url":"https:\/\/aventureros360.com.co\/","logo":{"@type":"ImageObject","inLanguage":"en-US","@id":"https:\/\/aventureros360.com.co\/#\/schema\/logo\/image\/","url":"https:\/\/aventureros360.com.co\/wp-content\/uploads\/2025\/02\/Aventureros-360-png-700x700-1.png","contentUrl":"https:\/\/aventureros360.com.co\/wp-content\/uploads\/2025\/02\/Aventureros-360-png-700x700-1.png","width":700,"height":700,"caption":"Descubre Colombia con Aventureros 360"},"image":{"@id":"https:\/\/aventureros360.com.co\/#\/schema\/logo\/image\/"}}]}},"uagb_featured_image_src":{"full":["https:\/\/aventureros360.com.co\/wp-content\/uploads\/2025\/05\/Hotel-bocagrande-portada-con-Aventureros360-1.png",1300,975,false],"thumbnail":["https:\/\/aventureros360.com.co\/wp-content\/uploads\/2025\/05\/Hotel-bocagrande-portada-con-Aventureros360-1-150x150.png",150,150,true],"medium":["https:\/\/aventureros360.com.co\/wp-content\/uploads\/2025\/05\/Hotel-bocagrande-portada-con-Aventureros360-1-300x225.png",300,225,true],"medium_large":["https:\/\/aventureros360.com.co\/wp-content\/uploads\/2025\/05\/Hotel-bocagrande-portada-con-Aventureros360-1-768x576.png",768,576,true],"large":["https:\/\/aventureros360.com.co\/wp-content\/uploads\/2025\/05\/Hotel-bocagrande-portada-con-Aventureros360-1-1024x768.png",1024,768,true],"1536x1536":["https:\/\/aventureros360.com.co\/wp-content\/uploads\/2025\/05\/Hotel-bocagrande-portada-con-Aventureros360-1.png",1300,975,false],"2048x2048":["https:\/\/aventureros360.com.co\/wp-content\/uploads\/2025\/05\/Hotel-bocagrande-portada-con-Aventureros360-1.png",1300,975,false],"trp-custom-language-flag":["https:\/\/aventureros360.com.co\/wp-content\/uploads\/2025\/05\/Hotel-bocagrande-portada-con-Aventureros360-1.png",16,12,false],"woocommerce_archive_thumbnail":["https:\/\/aventureros360.com.co\/wp-content\/uploads\/2025\/05\/Hotel-bocagrande-portada-con-Aventureros360-1-300x225.png",300,225,true],"woocommerce_thumbnail":["https:\/\/aventureros360.com.co\/wp-content\/uploads\/2025\/05\/Hotel-bocagrande-portada-con-Aventureros360-1-300x300.png",300,300,true],"woocommerce_single":["https:\/\/aventureros360.com.co\/wp-content\/uploads\/2025\/05\/Hotel-bocagrande-portada-con-Aventureros360-1-600x450.png",600,450,true],"woocommerce_gallery_thumbnail":["https:\/\/aventureros360.com.co\/wp-content\/uploads\/2025\/05\/Hotel-bocagrande-portada-con-Aventureros360-1-100x100.png",100,100,true]},"uagb_author_info":{"display_name":"admin","author_link":"https:\/\/aventureros360.com.co\/en\/author\/"},"uagb_comment_info":0,"uagb_excerpt":"\ud83c\udfe8 Hotel Bocagrande Suites \u2013 Cartagena Moderno hotel ubicado sobre la Avenida San Mart\u00edn, a pasos de la playa y cerca del centro hist\u00f3rico. Ofrece desayuno incluido, Wi-Fi gratuito, restaurante, recepci\u00f3n 24\/7 y espacios c\u00f3modos para viajes de descanso o negocios.","_links":{"self":[{"href":"https:\/\/aventureros360.com.co\/en\/wp-json\/wp\/v2\/product\/13390","targetHints":{"allow":["GET"]}}],"collection":[{"href":"https:\/\/aventureros360.com.co\/en\/wp-json\/wp\/v2\/product"}],"about":[{"href":"https:\/\/aventureros360.com.co\/en\/wp-json\/wp\/v2\/types\/product"}],"wp:featuredmedia":[{"embeddable":true,"href":"https:\/\/aventureros360.com.co\/en\/wp-json\/wp\/v2\/media\/13392"}],"wp:attachment":[{"href":"https:\/\/aventureros360.com.co\/en\/wp-json\/wp\/v2\/media?parent=13390"}],"wp:term":[{"taxonomy":"product_brand","embeddable":true,"href":"https:\/\/aventureros360.com.co\/en\/wp-json\/wp\/v2\/product_brand?post=13390"},{"taxonomy":"product_cat","embeddable":true,"href":"https:\/\/aventureros360.com.co\/en\/wp-json\/wp\/v2\/product_cat?post=13390"},{"taxonomy":"product_tag","embeddable":true,"href":"https:\/\/aventureros360.com.co\/en\/wp-json\/wp\/v2\/product_tag?post=13390"}],"curies":[{"name":"wp","href":"https:\/\/api.w.org\/{rel}","templated":true}]}}