{"id":13585,"date":"2025-05-26T19:15:05","date_gmt":"2025-05-26T19:15:05","guid":{"rendered":"https:\/\/aventureros360.com.co\/?post_type=product&#038;p=13585"},"modified":"2026-01-02T21:18:30","modified_gmt":"2026-01-02T21:18:30","slug":"apartasuites-privados-en-santa-marta","status":"publish","type":"product","link":"https:\/\/aventureros360.com.co\/en\/tienda\/promociones-combos\/apartasuites-privados-en-santa-marta\/","title":{"rendered":"Apartasuites Privados en Santa Marta"},"content":{"rendered":"<h5 data-start=\"240\" data-end=\"316\">\ud83c\udf34 <span style=\"color: #37474f;\">Apartasuites modernas en condominio tur\u00edstico \u2013 Rodadero, Santa Marta<\/span><\/h5>\n<p data-start=\"318\" data-end=\"588\"><span style=\"color: #4a4a4a;\">Disfruta el equilibrio perfecto entre comodidad, independencia y una ubicaci\u00f3n privilegiada en nuestras <strong data-start=\"422\" data-end=\"474\">apartasuites y apartamentos totalmente equipados<\/strong>, situados en un exclusivo condominio tur\u00edstico en <strong data-start=\"525\" data-end=\"540\">El Rodadero<\/strong>, una de las zonas m\u00e1s din\u00e1micas de Santa Marta.<\/span><\/p>\n<p data-start=\"590\" data-end=\"790\"><span style=\"color: #4a4a4a;\">Cada unidad ofrece:<\/span><br data-start=\"609\" data-end=\"612\" \/><span style=\"color: #4a4a4a;\">\ud83d\udecf\ufe0f Habitaci\u00f3n con cama king size<\/span><br data-start=\"645\" data-end=\"648\" \/><span style=\"color: #4a4a4a;\">\ud83d\udecb\ufe0f Sof\u00e1 cama ideal para acompa\u00f1antes adicionales<\/span><br data-start=\"697\" data-end=\"700\" \/><span style=\"color: #4a4a4a;\">\ud83c\udf73 Cocina integral con todo lo necesario<\/span><br data-start=\"740\" data-end=\"743\" \/><span style=\"color: #4a4a4a;\">\ud83d\udebf Ba\u00f1o privado con acabados modernos y lujosos<\/span><\/p>\n<p data-start=\"792\" data-end=\"1007\"><span style=\"color: #4a4a4a;\">Ubicados dentro de un edificio moderno dentro del condominio, contar\u00e1s con acceso a:<\/span><br data-start=\"876\" data-end=\"879\" \/><span style=\"color: #4a4a4a;\">\ud83c\udfca Piscina con tobog\u00e1n para toda la familia<\/span><br data-start=\"922\" data-end=\"925\" \/><span style=\"color: #4a4a4a;\">\ud83c\udf7d\ufe0f Restaurante con men\u00fa variado<\/span><br data-start=\"957\" data-end=\"960\" \/><span style=\"color: #4a4a4a;\">\ud83c\udf77 Licorera para disfrutar en cualquier ocasi\u00f3n<\/span><\/p>\n<p data-start=\"1009\" data-end=\"1174\"><span style=\"color: #4a4a4a;\">\ud83d\udccd A tan solo <strong data-start=\"1023\" data-end=\"1081\">5 minutos caminando de la playa principal del Rodadero<\/strong>, en un entorno activo tanto de d\u00eda como de noche, lleno de vida, comercio y entretenimiento.<\/span><\/p>\n<p data-start=\"1176\" data-end=\"1342\"><span style=\"color: #4a4a4a;\">Perfecto para parejas, familias peque\u00f1as o grupos que buscan una estad\u00eda confortable, con privacidad y todos los servicios a la mano para vivir Santa Marta al m\u00e1ximo.<\/span><\/p>\n<hr \/>\n<h5 data-start=\"277\" data-end=\"309\">\ud83c\udfe1 <span style=\"color: #37474f;\">Servicios del Alojamiento<\/span><\/h5>\n<p data-start=\"311\" data-end=\"408\"><span style=\"color: #4a4a4a;\">Todo lo que necesitas para disfrutar de una estad\u00eda c\u00f3moda, acogedora y funcional en Santa Marta:<\/span><\/p>\n<p data-start=\"415\" data-end=\"458\"><span style=\"color: #4a4a4a;\">\ud83d\udecf\ufe0f <strong>Espacios equipados para tu descanso<\/strong><\/span><\/p>\n<ul data-start=\"460\" data-end=\"629\">\n<li data-start=\"460\" data-end=\"508\">\n<p data-start=\"462\" data-end=\"508\"><span style=\"color: #4a4a4a;\">Apartasuite moderna con habitaci\u00f3n principal<\/span><\/p>\n<\/li>\n<li data-start=\"509\" data-end=\"553\">\n<p data-start=\"511\" data-end=\"553\"><span style=\"color: #4a4a4a;\">Cama king size para un descanso superior<\/span><\/p>\n<\/li>\n<li data-start=\"554\" data-end=\"591\">\n<p data-start=\"556\" data-end=\"591\"><span style=\"color: #4a4a4a;\">Sof\u00e1 cama ideal para acompa\u00f1antes<\/span><\/p>\n<\/li>\n<li data-start=\"592\" data-end=\"629\">\n<p data-start=\"594\" data-end=\"629\"><span style=\"color: #4a4a4a;\">Ba\u00f1o privado con acabados de lujo<\/span><\/p>\n<\/li>\n<\/ul>\n<p data-start=\"636\" data-end=\"665\"><span style=\"color: #4a4a4a;\">\ud83c\udf73 <strong>Comodidad como en casa<\/strong><\/span><\/p>\n<ul data-start=\"667\" data-end=\"804\">\n<li data-start=\"667\" data-end=\"704\">\n<p data-start=\"669\" data-end=\"704\"><span style=\"color: #4a4a4a;\">Cocina integral totalmente dotada<\/span><\/p>\n<\/li>\n<li data-start=\"705\" data-end=\"749\">\n<p data-start=\"707\" data-end=\"749\"><span style=\"color: #4a4a4a;\">Espacios funcionales y bien distribuidos<\/span><\/p>\n<\/li>\n<li data-start=\"750\" data-end=\"804\">\n<p data-start=\"752\" data-end=\"804\"><span style=\"color: #4a4a4a;\">Ambiente privado y tranquilo dentro del condominio<\/span><\/p>\n<\/li>\n<\/ul>\n<p data-start=\"811\" data-end=\"846\"><span style=\"color: #4a4a4a;\">\ud83c\udfca <strong>Zonas comunes del condominio<\/strong><\/span><\/p>\n<ul data-start=\"848\" data-end=\"990\">\n<li data-start=\"848\" data-end=\"892\">\n<p data-start=\"850\" data-end=\"892\"><span style=\"color: #4a4a4a;\">Piscina con tobog\u00e1n para ni\u00f1os y adultos<\/span><\/p>\n<\/li>\n<li data-start=\"893\" data-end=\"939\">\n<p data-start=\"895\" data-end=\"939\"><span style=\"color: #4a4a4a;\">Restaurante disponible dentro del complejo<\/span><\/p>\n<\/li>\n<li data-start=\"940\" data-end=\"990\">\n<p data-start=\"942\" data-end=\"990\"><span style=\"color: #4a4a4a;\">Licorera para disfrutar en momentos especiales<\/span><\/p>\n<\/li>\n<\/ul>\n<p data-start=\"997\" data-end=\"1040\"><span style=\"color: #4a4a4a;\">\ud83d\udccd<strong> Ubicaci\u00f3n estrat\u00e9gica en El Rodadero<\/strong><\/span><\/p>\n<ul data-start=\"1042\" data-end=\"1228\">\n<li data-start=\"1042\" data-end=\"1094\">\n<p data-start=\"1044\" data-end=\"1094\"><span style=\"color: #4a4a4a;\">A solo 5 minutos caminando de la playa principal<\/span><\/p>\n<\/li>\n<li data-start=\"1095\" data-end=\"1163\">\n<p data-start=\"1097\" data-end=\"1163\"><span style=\"color: #4a4a4a;\">En una zona activa y segura, con vida tanto de d\u00eda como de noche<\/span><\/p>\n<\/li>\n<li data-start=\"1164\" data-end=\"1228\">\n<p data-start=\"1166\" data-end=\"1228\"><span style=\"color: #4a4a4a;\">F\u00e1cil acceso a comercios, restaurantes y entretenimiento local<\/span><\/p>\n<\/li>\n<\/ul>\n<hr \/>\n<h5><span style=\"color: #37474f;\">Rates<\/span><\/h5>\n<div style=\"overflow-x: auto;\">\n<table style=\"width: 100%; min-width: 700px; border-collapse: collapse; font-family: Arial,sans-serif;\">\n<thead>\n<tr>\n<th style=\"background-color: #2e3b55; color: #fff; padding: 8px; border: 1px solid #ccc;\">Season<\/th>\n<th style=\"background-color: #2e3b55; color: #fff; padding: 8px; border: 1px solid #ccc;\">2 personas<\/th>\n<th style=\"background-color: #2e3b55; color: #fff; padding: 8px; border: 1px solid #ccc;\">3\u20134 personas<\/th>\n<th style=\"background-color: #2e3b55; color: #fff; padding: 8px; border: 1px solid #ccc;\">5\u20136 personas<\/th>\n<\/tr>\n<\/thead>\n<tbody>\n<tr style=\"background-color: #ffd8b1;\">\n<td style=\"padding: 8px; border: 1px solid #ccc;\"><strong>Low<\/strong><br \/>\n<small>Febrero, Marzo, Abril, Mayo,<br \/>\nAgosto, Septiembre, Octubre y Noviembre<\/small><\/td>\n<td style=\"padding: 8px; border: 1px solid #ccc;\">$250.000<\/td>\n<td style=\"padding: 8px; border: 1px solid #ccc;\">$350.000<\/td>\n<td style=\"padding: 8px; border: 1px solid #ccc;\">$450.000<\/td>\n<\/tr>\n<tr style=\"background-color: #ffd580;\">\n<td style=\"padding: 8px; border: 1px solid #ccc;\"><strong>high<\/strong><br \/>\n<small>Semana Santa, Junio, Julio,<br \/>\nReceso Octubre, Diciembre y Enero<\/small><\/td>\n<td style=\"padding: 8px; border: 1px solid #ccc;\">$300.000<\/td>\n<td style=\"padding: 8px; border: 1px solid #ccc;\">$450.000<\/td>\n<td style=\"padding: 8px; border: 1px solid #ccc;\">$550.000<\/td>\n<\/tr>\n<\/tbody>\n<\/table>\n<\/div>\n<hr \/>\n<h5><span style=\"color: #37474f;\">Accommodation Location<\/span><\/h5>\n<p><iframe loading=\"lazy\" style=\"border: 0;\" src=\"https:\/\/www.google.com\/maps\/embed?pb=!1m18!1m12!1m3!1d3913.768598318205!2d-74.22413449999999!3d11.2047494!2m3!1f0!2f0!3f0!3m2!1i1024!2i768!4f13.1!3m3!1m2!1s0x8e3f99406149b923%3A0x628319db8193dbe2!2sAventureros%20360%20Santa%20Marta%20%7C%20Alojamiento%20%26%20Tours!5e0!3m2!1ses-419!2sco!4v1748285785899!5m2!1ses-419!2sco\" width=\"800\" height=\"600\" allowfullscreen=\"allowfullscreen\"><\/iframe><\/p>\n<p><span style=\"color: #37474f;\"><strong>Ref:<\/strong><\/span> <span style=\"color: #1e3a8a;\"><a class=\"\" style=\"color: #1e3a8a;\" href=\"https:\/\/engine.lobbypms.com\/villa-roca\" target=\"_new\" rel=\"noopener\" data-start=\"60\" data-end=\"105\" data-is-last-node=\"\">#17<\/a><\/span><\/p>","protected":false},"excerpt":{"rendered":"[video width=\"352\" height=\"640\" mp4=\"https:\/\/aventureros360.com.co\/wp-content\/uploads\/2025\/05\/WhatsApp-Video-2025-05-26-at-10.20.38-AM.mp4\"][\/video]","protected":false},"featured_media":13605,"template":"","meta":{"_uag_custom_page_level_css":"","_monsterinsights_skip_tracking":false,"_monsterinsights_sitenote_active":false,"_monsterinsights_sitenote_note":"","_monsterinsights_sitenote_category":0,"_joinchat":[]},"product_brand":[],"product_cat":[38],"product_tag":[173],"class_list":{"0":"post-13585","1":"product","2":"type-product","3":"status-publish","4":"has-post-thumbnail","6":"product_cat-promociones-combos","7":"product_tag-apartamentos-santa-marta","9":"first","10":"instock","11":"shipping-taxable","12":"product-type-simple"},"yoast_head":"<!-- This site is optimized with the Yoast SEO plugin v26.9 - https:\/\/yoast.com\/product\/yoast-seo-wordpress\/ -->\n<title>Apartasuites Privados en Santa Marta - Descubre Colombia con Aventureros 360<\/title>\n<meta name=\"description\" content=\"Reserva una apartasuite moderna en El Rodadero, Santa Marta, a solo 5 minutos de la playa principal. Alojamiento con cocina integral, cama king, piscina, restaurante y ubicaci\u00f3n ideal para disfrutar d\u00eda y noche.\" \/>\n<meta name=\"robots\" content=\"index, follow, max-snippet:-1, max-image-preview:large, max-video-preview:-1\" \/>\n<link rel=\"canonical\" href=\"https:\/\/aventureros360.com.co\/en\/tienda\/promociones-combos\/apartasuites-privados-en-santa-marta\/\" \/>\n<meta property=\"og:locale\" content=\"en_US\" \/>\n<meta property=\"og:type\" content=\"article\" \/>\n<meta property=\"og:title\" content=\"Apartasuites Privados en Santa Marta\" \/>\n<meta property=\"og:description\" content=\"Reserva una apartasuite moderna en El Rodadero, Santa Marta, a solo 5 minutos de la playa principal. Alojamiento con cocina integral, cama king, piscina, restaurante y ubicaci\u00f3n ideal para disfrutar d\u00eda y noche.\" \/>\n<meta property=\"og:url\" content=\"https:\/\/aventureros360.com.co\/en\/tienda\/promociones-combos\/apartasuites-privados-en-santa-marta\/\" \/>\n<meta property=\"og:site_name\" content=\"Descubre Colombia con Aventureros 360\" \/>\n<meta property=\"article:modified_time\" content=\"2026-01-02T21:18:30+00:00\" \/>\n<meta property=\"og:image\" content=\"https:\/\/aventureros360.com.co\/wp-content\/uploads\/2025\/05\/santa-marta-portada-con-Aventureros360.jpg\" \/>\n\t<meta property=\"og:image:width\" content=\"1300\" \/>\n\t<meta property=\"og:image:height\" content=\"975\" \/>\n\t<meta property=\"og:image:type\" content=\"image\/jpeg\" \/>\n<meta name=\"twitter:card\" content=\"summary_large_image\" \/>\n<meta name=\"twitter:label1\" content=\"Est. reading time\" \/>\n\t<meta name=\"twitter:data1\" content=\"2 minutes\" \/>\n<script type=\"application\/ld+json\" class=\"yoast-schema-graph\">{\"@context\":\"https:\/\/schema.org\",\"@graph\":[{\"@type\":\"WebPage\",\"@id\":\"https:\/\/aventureros360.com.co\/tienda\/promociones-combos\/apartasuites-privados-en-santa-marta\/\",\"url\":\"https:\/\/aventureros360.com.co\/tienda\/promociones-combos\/apartasuites-privados-en-santa-marta\/\",\"name\":\"Apartasuites Privados en Santa Marta - Descubre Colombia con Aventureros 360\",\"isPartOf\":{\"@id\":\"https:\/\/aventureros360.com.co\/#website\"},\"primaryImageOfPage\":{\"@id\":\"https:\/\/aventureros360.com.co\/tienda\/promociones-combos\/apartasuites-privados-en-santa-marta\/#primaryimage\"},\"image\":{\"@id\":\"https:\/\/aventureros360.com.co\/tienda\/promociones-combos\/apartasuites-privados-en-santa-marta\/#primaryimage\"},\"thumbnailUrl\":\"https:\/\/aventureros360.com.co\/wp-content\/uploads\/2025\/05\/santa-marta-portada-con-Aventureros360-1.png\",\"datePublished\":\"2025-05-26T19:15:05+00:00\",\"dateModified\":\"2026-01-02T21:18:30+00:00\",\"description\":\"Reserva una apartasuite moderna en El Rodadero, Santa Marta, a solo 5 minutos de la playa principal. Alojamiento con cocina integral, cama king, piscina, restaurante y ubicaci\u00f3n ideal para disfrutar d\u00eda y noche.\",\"breadcrumb\":{\"@id\":\"https:\/\/aventureros360.com.co\/tienda\/promociones-combos\/apartasuites-privados-en-santa-marta\/#breadcrumb\"},\"inLanguage\":\"en-US\",\"potentialAction\":[{\"@type\":\"ReadAction\",\"target\":[\"https:\/\/aventureros360.com.co\/tienda\/promociones-combos\/apartasuites-privados-en-santa-marta\/\"]}]},{\"@type\":\"ImageObject\",\"inLanguage\":\"en-US\",\"@id\":\"https:\/\/aventureros360.com.co\/tienda\/promociones-combos\/apartasuites-privados-en-santa-marta\/#primaryimage\",\"url\":\"https:\/\/aventureros360.com.co\/wp-content\/uploads\/2025\/05\/santa-marta-portada-con-Aventureros360-1.png\",\"contentUrl\":\"https:\/\/aventureros360.com.co\/wp-content\/uploads\/2025\/05\/santa-marta-portada-con-Aventureros360-1.png\",\"width\":1300,\"height\":975},{\"@type\":\"BreadcrumbList\",\"@id\":\"https:\/\/aventureros360.com.co\/tienda\/promociones-combos\/apartasuites-privados-en-santa-marta\/#breadcrumb\",\"itemListElement\":[{\"@type\":\"ListItem\",\"position\":1,\"name\":\"Portada\",\"item\":\"https:\/\/aventureros360.com.co\/\"},{\"@type\":\"ListItem\",\"position\":2,\"name\":\"Destinos en Colombia\",\"item\":\"https:\/\/aventureros360.com.co\/tienda\/\"},{\"@type\":\"ListItem\",\"position\":3,\"name\":\"Apartasuites Privados en Santa Marta\"}]},{\"@type\":\"WebSite\",\"@id\":\"https:\/\/aventureros360.com.co\/#website\",\"url\":\"https:\/\/aventureros360.com.co\/\",\"name\":\"Descubre Colombia con Aventureros 360\",\"description\":\"Reserva las mejores experiencias para tu viaje a Colombia\",\"publisher\":{\"@id\":\"https:\/\/aventureros360.com.co\/#organization\"},\"potentialAction\":[{\"@type\":\"SearchAction\",\"target\":{\"@type\":\"EntryPoint\",\"urlTemplate\":\"https:\/\/aventureros360.com.co\/?s={search_term_string}\"},\"query-input\":{\"@type\":\"PropertyValueSpecification\",\"valueRequired\":true,\"valueName\":\"search_term_string\"}}],\"inLanguage\":\"en-US\"},{\"@type\":\"Organization\",\"@id\":\"https:\/\/aventureros360.com.co\/#organization\",\"name\":\"Descubre Colombia con Aventureros 360\",\"url\":\"https:\/\/aventureros360.com.co\/\",\"logo\":{\"@type\":\"ImageObject\",\"inLanguage\":\"en-US\",\"@id\":\"https:\/\/aventureros360.com.co\/#\/schema\/logo\/image\/\",\"url\":\"https:\/\/aventureros360.com.co\/wp-content\/uploads\/2025\/02\/Aventureros-360-png-700x700-1.png\",\"contentUrl\":\"https:\/\/aventureros360.com.co\/wp-content\/uploads\/2025\/02\/Aventureros-360-png-700x700-1.png\",\"width\":700,\"height\":700,\"caption\":\"Descubre Colombia con Aventureros 360\"},\"image\":{\"@id\":\"https:\/\/aventureros360.com.co\/#\/schema\/logo\/image\/\"}}]}<\/script>\n<!-- \/ Yoast SEO plugin. -->","yoast_head_json":{"title":"Apartasuites Privados en Santa Marta - Descubre Colombia con Aventureros 360","description":"Reserva una apartasuite moderna en El Rodadero, Santa Marta, a solo 5 minutos de la playa principal. Alojamiento con cocina integral, cama king, piscina, restaurante y ubicaci\u00f3n ideal para disfrutar d\u00eda y noche.","robots":{"index":"index","follow":"follow","max-snippet":"max-snippet:-1","max-image-preview":"max-image-preview:large","max-video-preview":"max-video-preview:-1"},"canonical":"https:\/\/aventureros360.com.co\/en\/tienda\/promociones-combos\/apartasuites-privados-en-santa-marta\/","og_locale":"en_US","og_type":"article","og_title":"Apartasuites Privados en Santa Marta","og_description":"Reserva una apartasuite moderna en El Rodadero, Santa Marta, a solo 5 minutos de la playa principal. Alojamiento con cocina integral, cama king, piscina, restaurante y ubicaci\u00f3n ideal para disfrutar d\u00eda y noche.","og_url":"https:\/\/aventureros360.com.co\/en\/tienda\/promociones-combos\/apartasuites-privados-en-santa-marta\/","og_site_name":"Descubre Colombia con Aventureros 360","article_modified_time":"2026-01-02T21:18:30+00:00","og_image":[{"width":1300,"height":975,"url":"https:\/\/aventureros360.com.co\/wp-content\/uploads\/2025\/05\/santa-marta-portada-con-Aventureros360.jpg","type":"image\/jpeg"}],"twitter_card":"summary_large_image","twitter_misc":{"Est. reading time":"2 minutes"},"schema":{"@context":"https:\/\/schema.org","@graph":[{"@type":"WebPage","@id":"https:\/\/aventureros360.com.co\/tienda\/promociones-combos\/apartasuites-privados-en-santa-marta\/","url":"https:\/\/aventureros360.com.co\/tienda\/promociones-combos\/apartasuites-privados-en-santa-marta\/","name":"Apartasuites Privados en Santa Marta - Descubre Colombia con Aventureros 360","isPartOf":{"@id":"https:\/\/aventureros360.com.co\/#website"},"primaryImageOfPage":{"@id":"https:\/\/aventureros360.com.co\/tienda\/promociones-combos\/apartasuites-privados-en-santa-marta\/#primaryimage"},"image":{"@id":"https:\/\/aventureros360.com.co\/tienda\/promociones-combos\/apartasuites-privados-en-santa-marta\/#primaryimage"},"thumbnailUrl":"https:\/\/aventureros360.com.co\/wp-content\/uploads\/2025\/05\/santa-marta-portada-con-Aventureros360-1.png","datePublished":"2025-05-26T19:15:05+00:00","dateModified":"2026-01-02T21:18:30+00:00","description":"Reserva una apartasuite moderna en El Rodadero, Santa Marta, a solo 5 minutos de la playa principal. Alojamiento con cocina integral, cama king, piscina, restaurante y ubicaci\u00f3n ideal para disfrutar d\u00eda y noche.","breadcrumb":{"@id":"https:\/\/aventureros360.com.co\/tienda\/promociones-combos\/apartasuites-privados-en-santa-marta\/#breadcrumb"},"inLanguage":"en-US","potentialAction":[{"@type":"ReadAction","target":["https:\/\/aventureros360.com.co\/tienda\/promociones-combos\/apartasuites-privados-en-santa-marta\/"]}]},{"@type":"ImageObject","inLanguage":"en-US","@id":"https:\/\/aventureros360.com.co\/tienda\/promociones-combos\/apartasuites-privados-en-santa-marta\/#primaryimage","url":"https:\/\/aventureros360.com.co\/wp-content\/uploads\/2025\/05\/santa-marta-portada-con-Aventureros360-1.png","contentUrl":"https:\/\/aventureros360.com.co\/wp-content\/uploads\/2025\/05\/santa-marta-portada-con-Aventureros360-1.png","width":1300,"height":975},{"@type":"BreadcrumbList","@id":"https:\/\/aventureros360.com.co\/tienda\/promociones-combos\/apartasuites-privados-en-santa-marta\/#breadcrumb","itemListElement":[{"@type":"ListItem","position":1,"name":"Portada","item":"https:\/\/aventureros360.com.co\/"},{"@type":"ListItem","position":2,"name":"Destinos en Colombia","item":"https:\/\/aventureros360.com.co\/tienda\/"},{"@type":"ListItem","position":3,"name":"Apartasuites Privados en Santa Marta"}]},{"@type":"WebSite","@id":"https:\/\/aventureros360.com.co\/#website","url":"https:\/\/aventureros360.com.co\/","name":"Descubre Colombia con Aventureros 360","description":"Reserva las mejores experiencias para tu viaje a Colombia","publisher":{"@id":"https:\/\/aventureros360.com.co\/#organization"},"potentialAction":[{"@type":"SearchAction","target":{"@type":"EntryPoint","urlTemplate":"https:\/\/aventureros360.com.co\/?s={search_term_string}"},"query-input":{"@type":"PropertyValueSpecification","valueRequired":true,"valueName":"search_term_string"}}],"inLanguage":"en-US"},{"@type":"Organization","@id":"https:\/\/aventureros360.com.co\/#organization","name":"Descubre Colombia con Aventureros 360","url":"https:\/\/aventureros360.com.co\/","logo":{"@type":"ImageObject","inLanguage":"en-US","@id":"https:\/\/aventureros360.com.co\/#\/schema\/logo\/image\/","url":"https:\/\/aventureros360.com.co\/wp-content\/uploads\/2025\/02\/Aventureros-360-png-700x700-1.png","contentUrl":"https:\/\/aventureros360.com.co\/wp-content\/uploads\/2025\/02\/Aventureros-360-png-700x700-1.png","width":700,"height":700,"caption":"Descubre Colombia con Aventureros 360"},"image":{"@id":"https:\/\/aventureros360.com.co\/#\/schema\/logo\/image\/"}}]}},"uagb_featured_image_src":{"full":["https:\/\/aventureros360.com.co\/wp-content\/uploads\/2025\/05\/santa-marta-portada-con-Aventureros360-1.png",1300,975,false],"thumbnail":["https:\/\/aventureros360.com.co\/wp-content\/uploads\/2025\/05\/santa-marta-portada-con-Aventureros360-1-150x150.png",150,150,true],"medium":["https:\/\/aventureros360.com.co\/wp-content\/uploads\/2025\/05\/santa-marta-portada-con-Aventureros360-1-300x225.png",300,225,true],"medium_large":["https:\/\/aventureros360.com.co\/wp-content\/uploads\/2025\/05\/santa-marta-portada-con-Aventureros360-1-768x576.png",768,576,true],"large":["https:\/\/aventureros360.com.co\/wp-content\/uploads\/2025\/05\/santa-marta-portada-con-Aventureros360-1-1024x768.png",1024,768,true],"1536x1536":["https:\/\/aventureros360.com.co\/wp-content\/uploads\/2025\/05\/santa-marta-portada-con-Aventureros360-1.png",1300,975,false],"2048x2048":["https:\/\/aventureros360.com.co\/wp-content\/uploads\/2025\/05\/santa-marta-portada-con-Aventureros360-1.png",1300,975,false],"trp-custom-language-flag":["https:\/\/aventureros360.com.co\/wp-content\/uploads\/2025\/05\/santa-marta-portada-con-Aventureros360-1.png",16,12,false],"woocommerce_archive_thumbnail":["https:\/\/aventureros360.com.co\/wp-content\/uploads\/2025\/05\/santa-marta-portada-con-Aventureros360-1-300x225.png",300,225,true],"woocommerce_thumbnail":["https:\/\/aventureros360.com.co\/wp-content\/uploads\/2025\/05\/santa-marta-portada-con-Aventureros360-1-300x300.png",300,300,true],"woocommerce_single":["https:\/\/aventureros360.com.co\/wp-content\/uploads\/2025\/05\/santa-marta-portada-con-Aventureros360-1-600x450.png",600,450,true],"woocommerce_gallery_thumbnail":["https:\/\/aventureros360.com.co\/wp-content\/uploads\/2025\/05\/santa-marta-portada-con-Aventureros360-1-100x100.png",100,100,true]},"uagb_author_info":{"display_name":"admin","author_link":"https:\/\/aventureros360.com.co\/en\/author\/"},"uagb_comment_info":0,"uagb_excerpt":"[video width=\"352\" height=\"640\" mp4=\"https:\/\/aventureros360.com.co\/wp-content\/uploads\/2025\/05\/WhatsApp-Video-2025-05-26-at-10.20.38-AM.mp4\"][\/video]","_links":{"self":[{"href":"https:\/\/aventureros360.com.co\/en\/wp-json\/wp\/v2\/product\/13585","targetHints":{"allow":["GET"]}}],"collection":[{"href":"https:\/\/aventureros360.com.co\/en\/wp-json\/wp\/v2\/product"}],"about":[{"href":"https:\/\/aventureros360.com.co\/en\/wp-json\/wp\/v2\/types\/product"}],"wp:featuredmedia":[{"embeddable":true,"href":"https:\/\/aventureros360.com.co\/en\/wp-json\/wp\/v2\/media\/13605"}],"wp:attachment":[{"href":"https:\/\/aventureros360.com.co\/en\/wp-json\/wp\/v2\/media?parent=13585"}],"wp:term":[{"taxonomy":"product_brand","embeddable":true,"href":"https:\/\/aventureros360.com.co\/en\/wp-json\/wp\/v2\/product_brand?post=13585"},{"taxonomy":"product_cat","embeddable":true,"href":"https:\/\/aventureros360.com.co\/en\/wp-json\/wp\/v2\/product_cat?post=13585"},{"taxonomy":"product_tag","embeddable":true,"href":"https:\/\/aventureros360.com.co\/en\/wp-json\/wp\/v2\/product_tag?post=13585"}],"curies":[{"name":"wp","href":"https:\/\/api.w.org\/{rel}","templated":true}]}}