{"id":13925,"date":"2025-08-08T14:40:43","date_gmt":"2025-08-08T14:40:43","guid":{"rendered":"https:\/\/aventureros360.com.co\/?post_type=product&#038;p=13925"},"modified":"2026-01-12T16:14:15","modified_gmt":"2026-01-12T16:14:15","slug":"playa-cristal-parque-tayrona-2x1-en-santa-marta","status":"publish","type":"product","link":"https:\/\/aventureros360.com.co\/en\/tienda\/promociones-combos\/promociones-santa-marta\/playa-cristal-parque-tayrona-2x1-en-santa-marta\/","title":{"rendered":"Playa Cristal Parque Tayrona 2&#215;1 en Santa Marta"},"content":{"rendered":"<h5 data-start=\"261\" data-end=\"320\"><span style=\"color: #37474f;\"><strong data-start=\"261\" data-end=\"318\">\u00a1Disfruta el Tour a Playa Cristal 2&#215;1 en Santa Marta!<\/strong><\/span><\/h5>\n<p data-start=\"322\" data-end=\"427\"><span style=\"color: #4a4a4a;\">Visita una de las playas m\u00e1s reconocidas del Parque Tayrona con un acompa\u00f1ante a un precio especial \ud83c\udfd6\ufe0f<\/span><\/p>\n<p data-start=\"429\" data-end=\"692\"><span style=\"color: #4a4a4a;\">Esta temporada, accede a nuestra promoci\u00f3n exclusiva para conocer Playa Cristal, famosa por sus aguas transparentes y arena blanca: Tour con tarifa 2&#215;1.<\/span><br data-start=\"581\" data-end=\"584\" \/><span style=\"color: #4a4a4a;\">Una oportunidad ideal para viajar con alguien m\u00e1s y acceder a una tarifa preferencial por tiempo limitado.<\/span><\/p>\n<p data-start=\"694\" data-end=\"857\"><span style=\"color: #4a4a4a;\">Incluye transporte, ingreso al parque, tiempo libre para disfrutar de la playa y acompa\u00f1amiento de gu\u00edas autorizados, todo con una log\u00edstica segura y organizada.<\/span><\/p>\n<p data-start=\"859\" data-end=\"977\"><span style=\"color: #4a4a4a;\">\ud83d\udcc6 Promotion valid for a limited time or until availability runs out.<\/span><br data-start=\"929\" data-end=\"932\" \/><span style=\"color: #4a4a4a;\">Book in advance to secure your spot.<\/span><\/p>\n<hr \/>\n<h5 data-start=\"193\" data-end=\"257\">\u2705 <span style=\"color: #37474f;\">\u00bfQu\u00e9 incluye el Tour a Playa Cristal en el Parque Tayrona?<\/span><\/h5>\n<p data-start=\"259\" data-end=\"535\"><span style=\"color: #4a4a4a;\">Disfruta un d\u00eda completo en una de las playas m\u00e1s reconocidas del Caribe colombiano, ubicada dentro del Parque Nacional Natural Tayrona. Este tour combina transporte, acceso oficial, tiempo libre y acompa\u00f1amiento profesional para que vivas una experiencia segura y organizada.<\/span><\/p>\n<p data-start=\"537\" data-end=\"732\"><span style=\"color: #4a4a4a;\">\ud83d\udd39 <strong data-start=\"540\" data-end=\"577\">Transporte terrestre ida y vuelta<\/strong><\/span><br data-start=\"577\" data-end=\"580\" \/><span style=\"color: #4a4a4a;\">Traslado en veh\u00edculo con aire acondicionado desde Santa Marta hasta la entrada de Neguanje, disfrutando de un recorrido panor\u00e1mico por la Sierra Nevada.<\/span><\/p>\n<p data-start=\"734\" data-end=\"891\"><span style=\"color: #4a4a4a;\">\ud83d\udd39 <strong data-start=\"737\" data-end=\"774\">Entrada oficial al Parque Tayrona<\/strong><\/span><br data-start=\"774\" data-end=\"777\" \/><span style=\"color: #4a4a4a;\">Acceso garantizado a esta \u00e1rea protegida, hogar de una biodiversidad \u00fanica donde la selva se encuentra con el mar.<\/span><\/p>\n<p data-start=\"893\" data-end=\"1097\"><span style=\"color: #4a4a4a;\">\ud83d\udd39 <strong data-start=\"896\" data-end=\"948\">Transporte en lancha ida y vuelta desde Neguanje<\/strong><\/span><br data-start=\"948\" data-end=\"951\" \/><span style=\"color: #4a4a4a;\">Navegaci\u00f3n de aproximadamente 10 minutos hasta Playa Cristal, en embarcaciones seguras y autorizadas, con vistas de acantilados y playas v\u00edrgenes.<\/span><\/p>\n<p data-start=\"1099\" data-end=\"1237\"><span style=\"color: #4a4a4a;\">\ud83d\udd39 <strong data-start=\"1102\" data-end=\"1130\">Pasad\u00eda en Playa Cristal<\/strong><\/span><br data-start=\"1130\" data-end=\"1133\" \/><span style=\"color: #4a4a4a;\">Tiempo libre para nadar, tomar el sol, descansar bajo la sombra o realizar snorkel (actividad opcional).<\/span><\/p>\n<p data-start=\"1239\" data-end=\"1396\"><span style=\"color: #4a4a4a;\">\ud83d\udd39 <strong data-start=\"1242\" data-end=\"1273\">Gu\u00eda profesional en espa\u00f1ol<\/strong><\/span><br data-start=\"1273\" data-end=\"1276\" \/><span style=\"color: #4a4a4a;\">Acompa\u00f1amiento durante todo el recorrido, con informaci\u00f3n sobre la historia, cultura y biodiversidad del Parque Tayrona.<\/span><\/p>\n<p data-start=\"1398\" data-end=\"1492\"><span style=\"color: #4a4a4a;\">\ud83d\udd39 <strong data-start=\"1401\" data-end=\"1425\">Assistance insurance<\/strong><\/span><br data-start=\"1425\" data-end=\"1428\" \/><span style=\"color: #4a4a4a;\">Cobertura m\u00e9dica durante toda la excursi\u00f3n para tu tranquilidad.<\/span><\/p>\n<hr \/>\n<h5 data-start=\"182\" data-end=\"250\">\ud83d\udeab <span style=\"color: #37474f;\">\u00bfQu\u00e9 no incluye el Tour a Playa Cristal en el Parque Tayrona?<\/span><\/h5>\n<p data-start=\"252\" data-end=\"378\"><span style=\"color: #4a4a4a;\">Para garantizar una experiencia clara y sin contratiempos, te detallamos los servicios que no est\u00e1n contemplados en este tour:<\/span><\/p>\n<p data-start=\"380\" data-end=\"574\"><span style=\"color: #4a4a4a;\">\ud83d\udd38 <strong data-start=\"383\" data-end=\"426\">Alimentaci\u00f3n y bebidas no especificadas<\/strong><\/span><br data-start=\"426\" data-end=\"429\" \/><span style=\"color: #4a4a4a;\">En Playa Cristal hay restaurantes que ofrecen platos t\u00edpicos de la regi\u00f3n. Estos consumos no est\u00e1n incluidos y se pagan directamente en el lugar.<\/span><\/p>\n<p data-start=\"576\" data-end=\"720\"><span style=\"color: #4a4a4a;\">\ud83d\udd38 <strong data-start=\"579\" data-end=\"619\">Impuesto de ingreso para extranjeros<\/strong><\/span><br data-start=\"619\" data-end=\"622\" \/><span style=\"color: #4a4a4a;\">Valor de $45.000 COP para turistas internacionales, excepto ciudadanos de Per\u00fa, Bolivia y Ecuador.<\/span><\/p>\n<p data-start=\"722\" data-end=\"888\"><span style=\"color: #4a4a4a;\">\ud83d\udd38 <strong data-start=\"725\" data-end=\"771\">Gastos personales y actividades opcionales<\/strong><\/span><br data-start=\"771\" data-end=\"774\" \/><span style=\"color: #4a4a4a;\">Servicios como snorkel, alquiler de equipos, souvenirs o cualquier compra adicional corren por cuenta del viajero.<\/span><\/p>\n<hr \/>\n<h5 data-start=\"973\" data-end=\"1096\"><span style=\"color: #37474f;\">Testimonials from Our Travelers<\/span><\/h5>\n<h5 data-start=\"5133\" data-end=\"5340\"><iframe loading=\"lazy\" style=\"max-width: 100%; margin: 0 auto; display: block;\" src=\"https:\/\/www.tiktok.com\/embed\/v2\/7495880124819066118\" width=\"100%\" height=\"800\" frameborder=\"0\" allowfullscreen=\"allowfullscreen\" data-mce-fragment=\"1\"><br \/>\n<\/iframe><\/h5>","protected":false},"excerpt":{"rendered":"<p><iframe loading=\"lazy\" style=\"max-width: 100%; margin: 0 auto; display: block;\" src=\"https:\/\/www.tiktok.com\/embed\/v2\/7495880119916039430\" width=\"100%\" height=\"800\" frameborder=\"0\" allowfullscreen=\"allowfullscreen\"><br \/>\n<\/iframe><\/p>","protected":false},"featured_media":13927,"template":"","meta":{"_uag_custom_page_level_css":"","_monsterinsights_skip_tracking":false,"_monsterinsights_sitenote_active":false,"_monsterinsights_sitenote_note":"","_monsterinsights_sitenote_category":0,"_joinchat":{"telephone":"+573132161596"}},"product_brand":[],"product_cat":[210],"product_tag":[170,168],"class_list":{"0":"post-13925","1":"product","2":"type-product","3":"status-publish","4":"has-post-thumbnail","6":"product_cat-promociones-santa-marta","7":"product_tag-combos-santa-marta","8":"product_tag-tours-experiencias","10":"first","11":"onbackorder","12":"sale","13":"shipping-taxable","14":"purchasable","15":"product-type-simple"},"yoast_head":"<!-- This site is optimized with the Yoast SEO plugin v26.9 - https:\/\/yoast.com\/product\/yoast-seo-wordpress\/ -->\n<title>Playa Cristal Parque Tayrona 2x1 en Santa Marta - Descubre Colombia con Aventureros 360<\/title>\n<meta name=\"description\" content=\"Disfruta el Tour Playa Cristal 2x1 en el Parque Tayrona desde Santa Marta. Incluye transporte, entrada y gu\u00eda. \u00a1Promoci\u00f3n por tiempo limitado, reserva ahora!\" \/>\n<meta name=\"robots\" content=\"index, follow, max-snippet:-1, max-image-preview:large, max-video-preview:-1\" \/>\n<link rel=\"canonical\" href=\"https:\/\/aventureros360.com.co\/en\/tienda\/promociones-combos\/promociones-santa-marta\/playa-cristal-parque-tayrona-2x1-en-santa-marta\/\" \/>\n<meta property=\"og:locale\" content=\"en_US\" \/>\n<meta property=\"og:type\" content=\"article\" \/>\n<meta property=\"og:title\" content=\"Playa Cristal Parque Tayrona 2x1 en Santa Marta\" \/>\n<meta property=\"og:description\" content=\"Disfruta el Tour Playa Cristal 2x1 en el Parque Tayrona desde Santa Marta. Incluye transporte, entrada y gu\u00eda. \u00a1Promoci\u00f3n por tiempo limitado, reserva ahora!\" \/>\n<meta property=\"og:url\" content=\"https:\/\/aventureros360.com.co\/en\/tienda\/promociones-combos\/promociones-santa-marta\/playa-cristal-parque-tayrona-2x1-en-santa-marta\/\" \/>\n<meta property=\"og:site_name\" content=\"Descubre Colombia con Aventureros 360\" \/>\n<meta property=\"article:modified_time\" content=\"2026-01-12T16:14:15+00:00\" \/>\n<meta property=\"og:image\" content=\"https:\/\/aventureros360.com.co\/wp-content\/uploads\/2025\/08\/promocion-playa-cristal-2x1-portada-jpg.jpg\" \/>\n\t<meta property=\"og:image:width\" content=\"1300\" \/>\n\t<meta property=\"og:image:height\" content=\"975\" \/>\n\t<meta property=\"og:image:type\" content=\"image\/jpeg\" \/>\n<meta name=\"twitter:card\" content=\"summary_large_image\" \/>\n<meta name=\"twitter:label1\" content=\"Est. reading time\" \/>\n\t<meta name=\"twitter:data1\" content=\"3 minutes\" \/>\n<script type=\"application\/ld+json\" class=\"yoast-schema-graph\">{\"@context\":\"https:\/\/schema.org\",\"@graph\":[{\"@type\":\"WebPage\",\"@id\":\"https:\/\/aventureros360.com.co\/tienda\/promociones-combos\/promociones-santa-marta\/playa-cristal-parque-tayrona-2x1-en-santa-marta\/\",\"url\":\"https:\/\/aventureros360.com.co\/tienda\/promociones-combos\/promociones-santa-marta\/playa-cristal-parque-tayrona-2x1-en-santa-marta\/\",\"name\":\"Playa Cristal Parque Tayrona 2x1 en Santa Marta - Descubre Colombia con Aventureros 360\",\"isPartOf\":{\"@id\":\"https:\/\/aventureros360.com.co\/#website\"},\"primaryImageOfPage\":{\"@id\":\"https:\/\/aventureros360.com.co\/tienda\/promociones-combos\/promociones-santa-marta\/playa-cristal-parque-tayrona-2x1-en-santa-marta\/#primaryimage\"},\"image\":{\"@id\":\"https:\/\/aventureros360.com.co\/tienda\/promociones-combos\/promociones-santa-marta\/playa-cristal-parque-tayrona-2x1-en-santa-marta\/#primaryimage\"},\"thumbnailUrl\":\"https:\/\/aventureros360.com.co\/wp-content\/uploads\/2025\/08\/promocion-playa-cristal-2x1-portada.png\",\"datePublished\":\"2025-08-08T14:40:43+00:00\",\"dateModified\":\"2026-01-12T16:14:15+00:00\",\"description\":\"Disfruta el Tour Playa Cristal 2x1 en el Parque Tayrona desde Santa Marta. Incluye transporte, entrada y gu\u00eda. \u00a1Promoci\u00f3n por tiempo limitado, reserva ahora!\",\"breadcrumb\":{\"@id\":\"https:\/\/aventureros360.com.co\/tienda\/promociones-combos\/promociones-santa-marta\/playa-cristal-parque-tayrona-2x1-en-santa-marta\/#breadcrumb\"},\"inLanguage\":\"en-US\",\"potentialAction\":[{\"@type\":\"ReadAction\",\"target\":[\"https:\/\/aventureros360.com.co\/tienda\/promociones-combos\/promociones-santa-marta\/playa-cristal-parque-tayrona-2x1-en-santa-marta\/\"]}]},{\"@type\":\"ImageObject\",\"inLanguage\":\"en-US\",\"@id\":\"https:\/\/aventureros360.com.co\/tienda\/promociones-combos\/promociones-santa-marta\/playa-cristal-parque-tayrona-2x1-en-santa-marta\/#primaryimage\",\"url\":\"https:\/\/aventureros360.com.co\/wp-content\/uploads\/2025\/08\/promocion-playa-cristal-2x1-portada.png\",\"contentUrl\":\"https:\/\/aventureros360.com.co\/wp-content\/uploads\/2025\/08\/promocion-playa-cristal-2x1-portada.png\",\"width\":1300,\"height\":975},{\"@type\":\"BreadcrumbList\",\"@id\":\"https:\/\/aventureros360.com.co\/tienda\/promociones-combos\/promociones-santa-marta\/playa-cristal-parque-tayrona-2x1-en-santa-marta\/#breadcrumb\",\"itemListElement\":[{\"@type\":\"ListItem\",\"position\":1,\"name\":\"Portada\",\"item\":\"https:\/\/aventureros360.com.co\/\"},{\"@type\":\"ListItem\",\"position\":2,\"name\":\"Destinos en Colombia\",\"item\":\"https:\/\/aventureros360.com.co\/tienda\/\"},{\"@type\":\"ListItem\",\"position\":3,\"name\":\"Playa Cristal Parque Tayrona 2&#215;1 en Santa Marta\"}]},{\"@type\":\"WebSite\",\"@id\":\"https:\/\/aventureros360.com.co\/#website\",\"url\":\"https:\/\/aventureros360.com.co\/\",\"name\":\"Descubre Colombia con Aventureros 360\",\"description\":\"Reserva las mejores experiencias para tu viaje a Colombia\",\"publisher\":{\"@id\":\"https:\/\/aventureros360.com.co\/#organization\"},\"potentialAction\":[{\"@type\":\"SearchAction\",\"target\":{\"@type\":\"EntryPoint\",\"urlTemplate\":\"https:\/\/aventureros360.com.co\/?s={search_term_string}\"},\"query-input\":{\"@type\":\"PropertyValueSpecification\",\"valueRequired\":true,\"valueName\":\"search_term_string\"}}],\"inLanguage\":\"en-US\"},{\"@type\":\"Organization\",\"@id\":\"https:\/\/aventureros360.com.co\/#organization\",\"name\":\"Descubre Colombia con Aventureros 360\",\"url\":\"https:\/\/aventureros360.com.co\/\",\"logo\":{\"@type\":\"ImageObject\",\"inLanguage\":\"en-US\",\"@id\":\"https:\/\/aventureros360.com.co\/#\/schema\/logo\/image\/\",\"url\":\"https:\/\/aventureros360.com.co\/wp-content\/uploads\/2025\/02\/Aventureros-360-png-700x700-1.png\",\"contentUrl\":\"https:\/\/aventureros360.com.co\/wp-content\/uploads\/2025\/02\/Aventureros-360-png-700x700-1.png\",\"width\":700,\"height\":700,\"caption\":\"Descubre Colombia con Aventureros 360\"},\"image\":{\"@id\":\"https:\/\/aventureros360.com.co\/#\/schema\/logo\/image\/\"}}]}<\/script>\n<!-- \/ Yoast SEO plugin. -->","yoast_head_json":{"title":"Playa Cristal Parque Tayrona 2x1 en Santa Marta - Descubre Colombia con Aventureros 360","description":"Disfruta el Tour Playa Cristal 2x1 en el Parque Tayrona desde Santa Marta. Incluye transporte, entrada y gu\u00eda. \u00a1Promoci\u00f3n por tiempo limitado, reserva ahora!","robots":{"index":"index","follow":"follow","max-snippet":"max-snippet:-1","max-image-preview":"max-image-preview:large","max-video-preview":"max-video-preview:-1"},"canonical":"https:\/\/aventureros360.com.co\/en\/tienda\/promociones-combos\/promociones-santa-marta\/playa-cristal-parque-tayrona-2x1-en-santa-marta\/","og_locale":"en_US","og_type":"article","og_title":"Playa Cristal Parque Tayrona 2x1 en Santa Marta","og_description":"Disfruta el Tour Playa Cristal 2x1 en el Parque Tayrona desde Santa Marta. Incluye transporte, entrada y gu\u00eda. \u00a1Promoci\u00f3n por tiempo limitado, reserva ahora!","og_url":"https:\/\/aventureros360.com.co\/en\/tienda\/promociones-combos\/promociones-santa-marta\/playa-cristal-parque-tayrona-2x1-en-santa-marta\/","og_site_name":"Descubre Colombia con Aventureros 360","article_modified_time":"2026-01-12T16:14:15+00:00","og_image":[{"width":1300,"height":975,"url":"https:\/\/aventureros360.com.co\/wp-content\/uploads\/2025\/08\/promocion-playa-cristal-2x1-portada-jpg.jpg","type":"image\/jpeg"}],"twitter_card":"summary_large_image","twitter_misc":{"Est. reading time":"3 minutes"},"schema":{"@context":"https:\/\/schema.org","@graph":[{"@type":"WebPage","@id":"https:\/\/aventureros360.com.co\/tienda\/promociones-combos\/promociones-santa-marta\/playa-cristal-parque-tayrona-2x1-en-santa-marta\/","url":"https:\/\/aventureros360.com.co\/tienda\/promociones-combos\/promociones-santa-marta\/playa-cristal-parque-tayrona-2x1-en-santa-marta\/","name":"Playa Cristal Parque Tayrona 2x1 en Santa Marta - Descubre Colombia con Aventureros 360","isPartOf":{"@id":"https:\/\/aventureros360.com.co\/#website"},"primaryImageOfPage":{"@id":"https:\/\/aventureros360.com.co\/tienda\/promociones-combos\/promociones-santa-marta\/playa-cristal-parque-tayrona-2x1-en-santa-marta\/#primaryimage"},"image":{"@id":"https:\/\/aventureros360.com.co\/tienda\/promociones-combos\/promociones-santa-marta\/playa-cristal-parque-tayrona-2x1-en-santa-marta\/#primaryimage"},"thumbnailUrl":"https:\/\/aventureros360.com.co\/wp-content\/uploads\/2025\/08\/promocion-playa-cristal-2x1-portada.png","datePublished":"2025-08-08T14:40:43+00:00","dateModified":"2026-01-12T16:14:15+00:00","description":"Disfruta el Tour Playa Cristal 2x1 en el Parque Tayrona desde Santa Marta. Incluye transporte, entrada y gu\u00eda. \u00a1Promoci\u00f3n por tiempo limitado, reserva ahora!","breadcrumb":{"@id":"https:\/\/aventureros360.com.co\/tienda\/promociones-combos\/promociones-santa-marta\/playa-cristal-parque-tayrona-2x1-en-santa-marta\/#breadcrumb"},"inLanguage":"en-US","potentialAction":[{"@type":"ReadAction","target":["https:\/\/aventureros360.com.co\/tienda\/promociones-combos\/promociones-santa-marta\/playa-cristal-parque-tayrona-2x1-en-santa-marta\/"]}]},{"@type":"ImageObject","inLanguage":"en-US","@id":"https:\/\/aventureros360.com.co\/tienda\/promociones-combos\/promociones-santa-marta\/playa-cristal-parque-tayrona-2x1-en-santa-marta\/#primaryimage","url":"https:\/\/aventureros360.com.co\/wp-content\/uploads\/2025\/08\/promocion-playa-cristal-2x1-portada.png","contentUrl":"https:\/\/aventureros360.com.co\/wp-content\/uploads\/2025\/08\/promocion-playa-cristal-2x1-portada.png","width":1300,"height":975},{"@type":"BreadcrumbList","@id":"https:\/\/aventureros360.com.co\/tienda\/promociones-combos\/promociones-santa-marta\/playa-cristal-parque-tayrona-2x1-en-santa-marta\/#breadcrumb","itemListElement":[{"@type":"ListItem","position":1,"name":"Portada","item":"https:\/\/aventureros360.com.co\/"},{"@type":"ListItem","position":2,"name":"Destinos en Colombia","item":"https:\/\/aventureros360.com.co\/tienda\/"},{"@type":"ListItem","position":3,"name":"Playa Cristal Parque Tayrona 2&#215;1 en Santa Marta"}]},{"@type":"WebSite","@id":"https:\/\/aventureros360.com.co\/#website","url":"https:\/\/aventureros360.com.co\/","name":"Descubre Colombia con Aventureros 360","description":"Reserva las mejores experiencias para tu viaje a Colombia","publisher":{"@id":"https:\/\/aventureros360.com.co\/#organization"},"potentialAction":[{"@type":"SearchAction","target":{"@type":"EntryPoint","urlTemplate":"https:\/\/aventureros360.com.co\/?s={search_term_string}"},"query-input":{"@type":"PropertyValueSpecification","valueRequired":true,"valueName":"search_term_string"}}],"inLanguage":"en-US"},{"@type":"Organization","@id":"https:\/\/aventureros360.com.co\/#organization","name":"Descubre Colombia con Aventureros 360","url":"https:\/\/aventureros360.com.co\/","logo":{"@type":"ImageObject","inLanguage":"en-US","@id":"https:\/\/aventureros360.com.co\/#\/schema\/logo\/image\/","url":"https:\/\/aventureros360.com.co\/wp-content\/uploads\/2025\/02\/Aventureros-360-png-700x700-1.png","contentUrl":"https:\/\/aventureros360.com.co\/wp-content\/uploads\/2025\/02\/Aventureros-360-png-700x700-1.png","width":700,"height":700,"caption":"Descubre Colombia con Aventureros 360"},"image":{"@id":"https:\/\/aventureros360.com.co\/#\/schema\/logo\/image\/"}}]}},"uagb_featured_image_src":{"full":["https:\/\/aventureros360.com.co\/wp-content\/uploads\/2025\/08\/promocion-playa-cristal-2x1-portada.png",1300,975,false],"thumbnail":["https:\/\/aventureros360.com.co\/wp-content\/uploads\/2025\/08\/promocion-playa-cristal-2x1-portada-150x150.png",150,150,true],"medium":["https:\/\/aventureros360.com.co\/wp-content\/uploads\/2025\/08\/promocion-playa-cristal-2x1-portada-300x225.png",300,225,true],"medium_large":["https:\/\/aventureros360.com.co\/wp-content\/uploads\/2025\/08\/promocion-playa-cristal-2x1-portada-768x576.png",768,576,true],"large":["https:\/\/aventureros360.com.co\/wp-content\/uploads\/2025\/08\/promocion-playa-cristal-2x1-portada-1024x768.png",1024,768,true],"1536x1536":["https:\/\/aventureros360.com.co\/wp-content\/uploads\/2025\/08\/promocion-playa-cristal-2x1-portada.png",1300,975,false],"2048x2048":["https:\/\/aventureros360.com.co\/wp-content\/uploads\/2025\/08\/promocion-playa-cristal-2x1-portada.png",1300,975,false],"trp-custom-language-flag":["https:\/\/aventureros360.com.co\/wp-content\/uploads\/2025\/08\/promocion-playa-cristal-2x1-portada.png",16,12,false],"woocommerce_archive_thumbnail":["https:\/\/aventureros360.com.co\/wp-content\/uploads\/2025\/08\/promocion-playa-cristal-2x1-portada-300x225.png",300,225,true],"woocommerce_thumbnail":["https:\/\/aventureros360.com.co\/wp-content\/uploads\/2025\/08\/promocion-playa-cristal-2x1-portada-300x300.png",300,300,true],"woocommerce_single":["https:\/\/aventureros360.com.co\/wp-content\/uploads\/2025\/08\/promocion-playa-cristal-2x1-portada-600x450.png",600,450,true],"woocommerce_gallery_thumbnail":["https:\/\/aventureros360.com.co\/wp-content\/uploads\/2025\/08\/promocion-playa-cristal-2x1-portada-100x100.png",100,100,true]},"uagb_author_info":{"display_name":"admin","author_link":"https:\/\/aventureros360.com.co\/en\/author\/"},"uagb_comment_info":0,"uagb_excerpt":null,"_links":{"self":[{"href":"https:\/\/aventureros360.com.co\/en\/wp-json\/wp\/v2\/product\/13925","targetHints":{"allow":["GET"]}}],"collection":[{"href":"https:\/\/aventureros360.com.co\/en\/wp-json\/wp\/v2\/product"}],"about":[{"href":"https:\/\/aventureros360.com.co\/en\/wp-json\/wp\/v2\/types\/product"}],"wp:featuredmedia":[{"embeddable":true,"href":"https:\/\/aventureros360.com.co\/en\/wp-json\/wp\/v2\/media\/13927"}],"wp:attachment":[{"href":"https:\/\/aventureros360.com.co\/en\/wp-json\/wp\/v2\/media?parent=13925"}],"wp:term":[{"taxonomy":"product_brand","embeddable":true,"href":"https:\/\/aventureros360.com.co\/en\/wp-json\/wp\/v2\/product_brand?post=13925"},{"taxonomy":"product_cat","embeddable":true,"href":"https:\/\/aventureros360.com.co\/en\/wp-json\/wp\/v2\/product_cat?post=13925"},{"taxonomy":"product_tag","embeddable":true,"href":"https:\/\/aventureros360.com.co\/en\/wp-json\/wp\/v2\/product_tag?post=13925"}],"curies":[{"name":"wp","href":"https:\/\/api.w.org\/{rel}","templated":true}]}}